{"id":1221,"date":"2023-05-19T15:08:44","date_gmt":"2023-05-19T13:08:44","guid":{"rendered":"https:\/\/loiseauvert.fr\/?post_type=product&#038;p=1221"},"modified":"2026-04-05T19:10:14","modified_gmt":"2026-04-05T17:10:14","slug":"solarisation-n24-force-interieure-et-guidance-subtile","status":"publish","type":"product","link":"https:\/\/loiseauvert.fr\/en\/product\/solarisation-n24-force-interieure-et-guidance-subtile\/","title":{"rendered":"Kelat"},"content":{"rendered":"<h3>Solarization No. 24<\/h3>\n<p><strong>\u00ab\u00a0Force int\u00e9rieure et \u00e9coute de sa guidance subtile\u00a0\u00bb<\/strong><\/p>\n<ul>\n<li>Accompagne les \u00e9tapes de d\u00e9tachement \u00e9motionnel et favorise une relation plus apais\u00e9e aux liens familiaux ou affectifs.<\/li>\n<li>Soutient le recentrage, la confiance personnelle et l\u2019\u00e9lan vers des choix de vie plus autonomes.<\/li>\n<li>Invite \u00e0 reprendre pleinement sa place, avec clart\u00e9 et responsabilit\u00e9.<\/li>\n<\/ul>","protected":false},"excerpt":{"rendered":"<p data-start=\"171\" data-end=\"226\"><strong data-start=\"175\" data-end=\"226\">Ind\u00e9pendance &amp; Force int\u00e9rieure\u00a0<\/strong><\/p>\n<p data-start=\"228\" data-end=\"518\">Soutient l\u2019autonomie personnelle et la reconnexion \u00e0 sa force int\u00e9rieure.<br \/>\nEncourage une attitude responsable face \u00e0 ses choix de vie et favorise un sentiment d&rsquo;\u00e9quilibre global.<br data-start=\"431\" data-end=\"434\" \/>Une invitation \u00e0 s\u2019ancrer pleinement dans son identit\u00e9 profonde, en toute confiance.<\/p>","protected":false},"featured_media":1250,"template":"","meta":{"_acf_changed":false,"_glsr_average":0,"_glsr_ranking":0,"_glsr_reviews":0},"product_brand":[],"product_cat":[60],"product_tag":[],"class_list":{"0":"post-1221","1":"product","2":"type-product","3":"status-publish","4":"has-post-thumbnail","6":"product_cat-les-specifiques","8":"first","9":"instock","10":"taxable","11":"shipping-taxable","12":"purchasable","13":"product-type-simple"},"supplier_id":null,"supplier_sku":"","barcode":null,"atum_controlled":true,"out_stock_date":null,"out_stock_threshold":null,"inheritable":false,"inbound_stock":null,"stock_on_hold":5,"sold_today":0,"sales_last_days":4,"reserved_stock":null,"customer_returns":null,"warehouse_damage":null,"lost_in_post":null,"other_logs":null,"out_stock_days":0,"lost_sales":0,"has_location":false,"update_date":"2026-04-06T10:18:20","atum_locations":[],"atum_stock_status":"instock","restock_status":false,"low_stock_amount":"","sales_update_date":"2026-04-06T10:18:20","calc_backorders":null,"acf":[],"yoast_head":"<!-- This site is optimized with the Yoast SEO plugin v26.9 - https:\/\/yoast.com\/product\/yoast-seo-wordpress\/ -->\n<title>K\u00e9lat - L&#039;Oiseau Vert<\/title>\n<meta name=\"description\" content=\"Solarisation n\u00b024 \u2013 D\u00e9veloppez force int\u00e9rieure et guidance subtile. Soutien au d\u00e9tachement \u00e9motionnel, confiance et choix de vie autonome.\" \/>\n<meta name=\"robots\" content=\"index, follow, max-snippet:-1, max-image-preview:large, max-video-preview:-1\" \/>\n<link rel=\"canonical\" href=\"https:\/\/loiseauvert.fr\/en\/product\/solarisation-n24-force-interieure-et-guidance-subtile\/\" \/>\n<meta property=\"og:locale\" content=\"en_GB\" \/>\n<meta property=\"og:type\" content=\"article\" \/>\n<meta property=\"og:title\" content=\"K\u00e9lat - L&#039;Oiseau Vert\" \/>\n<meta property=\"og:description\" content=\"Solarisation n\u00b024 \u2013 D\u00e9veloppez force int\u00e9rieure et guidance subtile. Soutien au d\u00e9tachement \u00e9motionnel, confiance et choix de vie autonome.\" \/>\n<meta property=\"og:url\" content=\"https:\/\/loiseauvert.fr\/en\/product\/solarisation-n24-force-interieure-et-guidance-subtile\/\" \/>\n<meta property=\"og:site_name\" content=\"L&#039;Oiseau Vert\" \/>\n<meta property=\"article:modified_time\" content=\"2026-04-05T17:10:14+00:00\" \/>\n<meta property=\"og:image\" content=\"https:\/\/loiseauvert.fr\/wp-content\/uploads\/2023\/05\/oiseau-vert-solarisation-kelat-24-jpg.webp\" \/>\n\t<meta property=\"og:image:width\" content=\"1000\" \/>\n\t<meta property=\"og:image:height\" content=\"1000\" \/>\n\t<meta property=\"og:image:type\" content=\"image\/jpeg\" \/>\n<meta name=\"twitter:card\" content=\"summary_large_image\" \/>\n<meta name=\"twitter:label1\" content=\"Estimated reading time\" \/>\n\t<meta name=\"twitter:data1\" content=\"1 minute\" \/>\n<script type=\"application\/ld+json\" class=\"yoast-schema-graph\">{\"@context\":\"https:\/\/schema.org\",\"@graph\":[{\"@type\":\"WebPage\",\"@id\":\"https:\/\/loiseauvert.fr\/produit\/solarisation-n24-force-interieure-et-guidance-subtile\/\",\"url\":\"https:\/\/loiseauvert.fr\/produit\/solarisation-n24-force-interieure-et-guidance-subtile\/\",\"name\":\"K\u00e9lat - L&#039;Oiseau Vert\",\"isPartOf\":{\"@id\":\"https:\/\/loiseauvert.fr\/#website\"},\"primaryImageOfPage\":{\"@id\":\"https:\/\/loiseauvert.fr\/produit\/solarisation-n24-force-interieure-et-guidance-subtile\/#primaryimage\"},\"image\":{\"@id\":\"https:\/\/loiseauvert.fr\/produit\/solarisation-n24-force-interieure-et-guidance-subtile\/#primaryimage\"},\"thumbnailUrl\":\"https:\/\/loiseauvert.fr\/wp-content\/uploads\/2023\/05\/oiseau-vert-solarisation-kelat-24-jpg.webp\",\"datePublished\":\"2023-05-19T13:08:44+00:00\",\"dateModified\":\"2026-04-05T17:10:14+00:00\",\"description\":\"Solarisation n\u00b024 \u2013 D\u00e9veloppez force int\u00e9rieure et guidance subtile. Soutien au d\u00e9tachement \u00e9motionnel, confiance et choix de vie autonome.\",\"breadcrumb\":{\"@id\":\"https:\/\/loiseauvert.fr\/produit\/solarisation-n24-force-interieure-et-guidance-subtile\/#breadcrumb\"},\"inLanguage\":\"en-GB\",\"potentialAction\":[{\"@type\":\"ReadAction\",\"target\":[\"https:\/\/loiseauvert.fr\/produit\/solarisation-n24-force-interieure-et-guidance-subtile\/\"]}]},{\"@type\":\"ImageObject\",\"inLanguage\":\"en-GB\",\"@id\":\"https:\/\/loiseauvert.fr\/produit\/solarisation-n24-force-interieure-et-guidance-subtile\/#primaryimage\",\"url\":\"https:\/\/loiseauvert.fr\/wp-content\/uploads\/2023\/05\/oiseau-vert-solarisation-kelat-24-jpg.webp\",\"contentUrl\":\"https:\/\/loiseauvert.fr\/wp-content\/uploads\/2023\/05\/oiseau-vert-solarisation-kelat-24-jpg.webp\",\"width\":1000,\"height\":1000},{\"@type\":\"BreadcrumbList\",\"@id\":\"https:\/\/loiseauvert.fr\/produit\/solarisation-n24-force-interieure-et-guidance-subtile\/#breadcrumb\",\"itemListElement\":[{\"@type\":\"ListItem\",\"position\":1,\"name\":\"Accueil\",\"item\":\"https:\/\/loiseauvert.fr\/\"},{\"@type\":\"ListItem\",\"position\":2,\"name\":\"Les Sp\u00e9cifiques\",\"item\":\"https:\/\/loiseauvert.fr\/categorie-produit\/les-specifiques\/\"},{\"@type\":\"ListItem\",\"position\":3,\"name\":\"K\u00e9lat\"}]},{\"@type\":\"WebSite\",\"@id\":\"https:\/\/loiseauvert.fr\/#website\",\"url\":\"https:\/\/loiseauvert.fr\/\",\"name\":\"L&#039;Oiseau Vert\",\"description\":\"\",\"potentialAction\":[{\"@type\":\"SearchAction\",\"target\":{\"@type\":\"EntryPoint\",\"urlTemplate\":\"https:\/\/loiseauvert.fr\/?s={search_term_string}\"},\"query-input\":{\"@type\":\"PropertyValueSpecification\",\"valueRequired\":true,\"valueName\":\"search_term_string\"}}],\"inLanguage\":\"en-GB\"}]}<\/script>\n<!-- \/ Yoast SEO plugin. -->","yoast_head_json":{"title":"Kelat - L&#039;Green Bird","description":"Solarisation n\u00b024 \u2013 D\u00e9veloppez force int\u00e9rieure et guidance subtile. Soutien au d\u00e9tachement \u00e9motionnel, confiance et choix de vie autonome.","robots":{"index":"index","follow":"follow","max-snippet":"max-snippet:-1","max-image-preview":"max-image-preview:large","max-video-preview":"max-video-preview:-1"},"canonical":"https:\/\/loiseauvert.fr\/en\/product\/solarisation-n24-force-interieure-et-guidance-subtile\/","og_locale":"en_GB","og_type":"article","og_title":"K\u00e9lat - L&#039;Oiseau Vert","og_description":"Solarisation n\u00b024 \u2013 D\u00e9veloppez force int\u00e9rieure et guidance subtile. Soutien au d\u00e9tachement \u00e9motionnel, confiance et choix de vie autonome.","og_url":"https:\/\/loiseauvert.fr\/en\/product\/solarisation-n24-force-interieure-et-guidance-subtile\/","og_site_name":"L&#039;Oiseau Vert","article_modified_time":"2026-04-05T17:10:14+00:00","og_image":[{"width":1000,"height":1000,"url":"https:\/\/loiseauvert.fr\/wp-content\/uploads\/2023\/05\/oiseau-vert-solarisation-kelat-24-jpg.webp","type":"image\/jpeg"}],"twitter_card":"summary_large_image","twitter_misc":{"Estimated reading time":"1 minute"},"schema":{"@context":"https:\/\/schema.org","@graph":[{"@type":"WebPage","@id":"https:\/\/loiseauvert.fr\/produit\/solarisation-n24-force-interieure-et-guidance-subtile\/","url":"https:\/\/loiseauvert.fr\/produit\/solarisation-n24-force-interieure-et-guidance-subtile\/","name":"Kelat - L&#039;Green Bird","isPartOf":{"@id":"https:\/\/loiseauvert.fr\/#website"},"primaryImageOfPage":{"@id":"https:\/\/loiseauvert.fr\/produit\/solarisation-n24-force-interieure-et-guidance-subtile\/#primaryimage"},"image":{"@id":"https:\/\/loiseauvert.fr\/produit\/solarisation-n24-force-interieure-et-guidance-subtile\/#primaryimage"},"thumbnailUrl":"https:\/\/loiseauvert.fr\/wp-content\/uploads\/2023\/05\/oiseau-vert-solarisation-kelat-24-jpg.webp","datePublished":"2023-05-19T13:08:44+00:00","dateModified":"2026-04-05T17:10:14+00:00","description":"Solarisation n\u00b024 \u2013 D\u00e9veloppez force int\u00e9rieure et guidance subtile. Soutien au d\u00e9tachement \u00e9motionnel, confiance et choix de vie autonome.","breadcrumb":{"@id":"https:\/\/loiseauvert.fr\/produit\/solarisation-n24-force-interieure-et-guidance-subtile\/#breadcrumb"},"inLanguage":"en-GB","potentialAction":[{"@type":"ReadAction","target":["https:\/\/loiseauvert.fr\/produit\/solarisation-n24-force-interieure-et-guidance-subtile\/"]}]},{"@type":"ImageObject","inLanguage":"en-GB","@id":"https:\/\/loiseauvert.fr\/produit\/solarisation-n24-force-interieure-et-guidance-subtile\/#primaryimage","url":"https:\/\/loiseauvert.fr\/wp-content\/uploads\/2023\/05\/oiseau-vert-solarisation-kelat-24-jpg.webp","contentUrl":"https:\/\/loiseauvert.fr\/wp-content\/uploads\/2023\/05\/oiseau-vert-solarisation-kelat-24-jpg.webp","width":1000,"height":1000},{"@type":"BreadcrumbList","@id":"https:\/\/loiseauvert.fr\/produit\/solarisation-n24-force-interieure-et-guidance-subtile\/#breadcrumb","itemListElement":[{"@type":"ListItem","position":1,"name":"Accueil","item":"https:\/\/loiseauvert.fr\/"},{"@type":"ListItem","position":2,"name":"Les Sp\u00e9cifiques","item":"https:\/\/loiseauvert.fr\/categorie-produit\/les-specifiques\/"},{"@type":"ListItem","position":3,"name":"K\u00e9lat"}]},{"@type":"WebSite","@id":"https:\/\/loiseauvert.fr\/#website","url":"https:\/\/loiseauvert.fr\/","name":"The Green Bird","description":"","potentialAction":[{"@type":"SearchAction","target":{"@type":"EntryPoint","urlTemplate":"https:\/\/loiseauvert.fr\/?s={search_term_string}"},"query-input":{"@type":"PropertyValueSpecification","valueRequired":true,"valueName":"search_term_string"}}],"inLanguage":"en-GB"}]}},"batches":[{"id":"26","date_created":"2025-05-22 10:56:21","date_expiry":"2027-04-01 00:00:00","user_id":"8","batch_number":"24.25.040","location":"","quantity":"67.0000","quantity_available":"0.0000","units":"1","status":"archived","order_ids":"[14430,14418,14397,14525,13883,14550,14630,14635,14650,14700,14838,14868,14869,14877,14904,14963,14968,15144,15240,15259,15318,15444,15498,15512]"},{"id":"105","date_created":"2025-09-05 10:21:53","date_expiry":"2027-09-01 00:00:00","user_id":"0","batch_number":"24.25.041","location":"","quantity":"72.0000","quantity_available":"20.0000","units":"1","status":"active","order_ids":"[15734,15757,15797,15879,15881,15925,15926,15938,16040,15657,16160,16247,16334,16373,16514,16598,16630,16715,16718,16769,16944,16945,17001,17232,17246,17249,17267,17342,17422,17481,17526,17699,17885,17920,18013,18028,18046,18151,18223,18342,18402,18487,18507,18535,18592,18767,18849,18890,18908]"}],"_links":{"self":[{"href":"https:\/\/loiseauvert.fr\/en\/wp-json\/wp\/v2\/product\/1221","targetHints":{"allow":["GET"]}}],"collection":[{"href":"https:\/\/loiseauvert.fr\/en\/wp-json\/wp\/v2\/product"}],"about":[{"href":"https:\/\/loiseauvert.fr\/en\/wp-json\/wp\/v2\/types\/product"}],"wp:featuredmedia":[{"embeddable":true,"href":"https:\/\/loiseauvert.fr\/en\/wp-json\/wp\/v2\/media\/1250"}],"wp:attachment":[{"href":"https:\/\/loiseauvert.fr\/en\/wp-json\/wp\/v2\/media?parent=1221"}],"wp:term":[{"taxonomy":"product_brand","embeddable":true,"href":"https:\/\/loiseauvert.fr\/en\/wp-json\/wp\/v2\/product_brand?post=1221"},{"taxonomy":"product_cat","embeddable":true,"href":"https:\/\/loiseauvert.fr\/en\/wp-json\/wp\/v2\/product_cat?post=1221"},{"taxonomy":"product_tag","embeddable":true,"href":"https:\/\/loiseauvert.fr\/en\/wp-json\/wp\/v2\/product_tag?post=1221"}],"curies":[{"name":"wp","href":"https:\/\/api.w.org\/{rel}","templated":true}]}}