{"id":11870,"date":"2024-12-09T15:28:20","date_gmt":"2024-12-09T14:28:20","guid":{"rendered":"https:\/\/loiseauvert.fr\/?post_type=product&#038;p=11870"},"modified":"2026-03-12T10:55:16","modified_gmt":"2026-03-12T09:55:16","slug":"mallette-testeurs-solarisations","status":"publish","type":"product","link":"https:\/\/loiseauvert.fr\/en\/product\/mallette-testeurs-solarisations\/","title":{"rendered":"Solarisations premium portable tester case (reserved for therapists)"},"content":{"rendered":"<h3 data-start=\"138\" data-end=\"199\"><strong data-start=\"142\" data-end=\"197\">Mallette Testeurs \u2013 61 Solarisations (Flacons 3 ml)<\/strong><\/h3>\n<p data-start=\"200\" data-end=\"246\"><strong data-start=\"200\" data-end=\"246\">Version mobile \u2013 Flacons verre bleu cobalt<\/strong><\/p>\n<p data-start=\"248\" data-end=\"440\">Con\u00e7ue sp\u00e9cialement pour les praticiens du bien-\u00eatre, cette mallette regroupe les 61 Solarisations dans des flacons en verre bleu cobalt de 3 ml, pratiques et r\u00e9sistants pour les d\u00e9placements.<\/p>\n<p data-start=\"442\" data-end=\"518\">Compacte et fonctionnelle, elle constitue un outil polyvalent id\u00e9al pour :<\/p>\n<ul data-start=\"519\" data-end=\"686\">\n<li data-start=\"519\" data-end=\"579\">\n<p data-start=\"521\" data-end=\"579\">les testings (kin\u00e9siologie, pendule, antenne de L\u00e9cher\u2026)<\/p>\n<\/li>\n<li data-start=\"580\" data-end=\"637\">\n<p data-start=\"582\" data-end=\"637\">l\u2019accompagnement dans les r\u00e9\u00e9quilibrages \u00e9nerg\u00e9tiques<\/p>\n<\/li>\n<li data-start=\"638\" data-end=\"686\">\n<p data-start=\"640\" data-end=\"686\">les interventions en cabinet ou en d\u00e9placement<\/p>\n<\/li>\n<\/ul>\n<p data-start=\"688\" data-end=\"768\"><strong data-start=\"688\" data-end=\"768\">Un support de travail complet et professionnel \u00e0 emporter partout avec vous.<\/strong><\/p>","protected":false},"excerpt":{"rendered":"<p>Mallette Testeurs \u2013 61 Solarisations (Flacons 3 ml) Version mobile \u2013 Flacons verre bleu cobalt Con\u00e7ue sp\u00e9cialement pour les praticiens du bien-\u00eatre, cette mallette regroupe les 61 Solarisations dans des flacons en verre bleu cobalt de 3 ml, pratiques et r\u00e9sistants pour les d\u00e9placements. Compacte et fonctionnelle, elle constitue un outil polyvalent id\u00e9al pour : [&hellip;]<\/p>","protected":false},"featured_media":11874,"template":"","meta":{"_acf_changed":false,"_glsr_average":0,"_glsr_ranking":0,"_glsr_reviews":0},"product_brand":[],"product_cat":[61],"product_tag":[],"class_list":{"0":"post-11870","1":"product","2":"type-product","3":"status-publish","4":"has-post-thumbnail","6":"product_cat-coffrets","8":"first","9":"instock","10":"taxable","11":"shipping-taxable","12":"purchasable","13":"product-type-simple"},"supplier_id":null,"supplier_sku":"","barcode":null,"atum_controlled":true,"out_stock_date":null,"out_stock_threshold":null,"inheritable":false,"inbound_stock":0,"stock_on_hold":0,"sold_today":0,"sales_last_days":0,"reserved_stock":0,"customer_returns":0,"warehouse_damage":0,"lost_in_post":0,"other_logs":0,"out_stock_days":0,"lost_sales":0,"has_location":false,"update_date":"2026-04-06T10:18:21","atum_locations":[],"atum_stock_status":"instock","restock_status":false,"low_stock_amount":"","sales_update_date":"2026-04-06T10:18:21","calc_backorders":null,"acf":[],"yoast_head":"<!-- This site is optimized with the Yoast SEO plugin v26.9 - https:\/\/yoast.com\/product\/yoast-seo-wordpress\/ -->\n<title>Mallette testeurs nomade premium Solarisations (r\u00e9serv\u00e9 aux th\u00e9rapeutes) - L&#039;Oiseau Vert<\/title>\n<meta name=\"description\" content=\"Mallette Testeurs \u2013 61 Solarisations en flacons 3 ml. Compacte et pratique, id\u00e9ale pour tests \u00e9nerg\u00e9tiques et r\u00e9\u00e9quilibrages professionnels.\" \/>\n<meta name=\"robots\" content=\"index, follow, max-snippet:-1, max-image-preview:large, max-video-preview:-1\" \/>\n<link rel=\"canonical\" href=\"https:\/\/loiseauvert.fr\/en\/product\/mallette-testeurs-solarisations\/\" \/>\n<meta property=\"og:locale\" content=\"en_GB\" \/>\n<meta property=\"og:type\" content=\"article\" \/>\n<meta property=\"og:title\" content=\"Mallette testeurs nomade premium Solarisations (r\u00e9serv\u00e9 aux th\u00e9rapeutes) - L&#039;Oiseau Vert\" \/>\n<meta property=\"og:description\" content=\"Mallette Testeurs \u2013 61 Solarisations en flacons 3 ml. Compacte et pratique, id\u00e9ale pour tests \u00e9nerg\u00e9tiques et r\u00e9\u00e9quilibrages professionnels.\" \/>\n<meta property=\"og:url\" content=\"https:\/\/loiseauvert.fr\/en\/product\/mallette-testeurs-solarisations\/\" \/>\n<meta property=\"og:site_name\" content=\"L&#039;Oiseau Vert\" \/>\n<meta property=\"article:modified_time\" content=\"2026-03-12T09:55:16+00:00\" \/>\n<meta property=\"og:image\" content=\"https:\/\/loiseauvert.fr\/wp-content\/uploads\/2024\/12\/malette-ferme-scaled.jpg\" \/>\n\t<meta property=\"og:image:width\" content=\"2560\" \/>\n\t<meta property=\"og:image:height\" content=\"2180\" \/>\n\t<meta property=\"og:image:type\" content=\"image\/jpeg\" \/>\n<meta name=\"twitter:card\" content=\"summary_large_image\" \/>\n<meta name=\"twitter:label1\" content=\"Estimated reading time\" \/>\n\t<meta name=\"twitter:data1\" content=\"1 minute\" \/>\n<script type=\"application\/ld+json\" class=\"yoast-schema-graph\">{\"@context\":\"https:\/\/schema.org\",\"@graph\":[{\"@type\":\"WebPage\",\"@id\":\"https:\/\/loiseauvert.fr\/produit\/mallette-testeurs-solarisations\/\",\"url\":\"https:\/\/loiseauvert.fr\/produit\/mallette-testeurs-solarisations\/\",\"name\":\"Mallette testeurs nomade premium Solarisations (r\u00e9serv\u00e9 aux th\u00e9rapeutes) - L&#039;Oiseau Vert\",\"isPartOf\":{\"@id\":\"https:\/\/loiseauvert.fr\/#website\"},\"primaryImageOfPage\":{\"@id\":\"https:\/\/loiseauvert.fr\/produit\/mallette-testeurs-solarisations\/#primaryimage\"},\"image\":{\"@id\":\"https:\/\/loiseauvert.fr\/produit\/mallette-testeurs-solarisations\/#primaryimage\"},\"thumbnailUrl\":\"https:\/\/loiseauvert.fr\/wp-content\/uploads\/2024\/12\/malette-ferme-scaled.jpg\",\"datePublished\":\"2024-12-09T14:28:20+00:00\",\"dateModified\":\"2026-03-12T09:55:16+00:00\",\"description\":\"Mallette Testeurs \u2013 61 Solarisations en flacons 3 ml. Compacte et pratique, id\u00e9ale pour tests \u00e9nerg\u00e9tiques et r\u00e9\u00e9quilibrages professionnels.\",\"breadcrumb\":{\"@id\":\"https:\/\/loiseauvert.fr\/produit\/mallette-testeurs-solarisations\/#breadcrumb\"},\"inLanguage\":\"en-GB\",\"potentialAction\":[{\"@type\":\"ReadAction\",\"target\":[\"https:\/\/loiseauvert.fr\/produit\/mallette-testeurs-solarisations\/\"]}]},{\"@type\":\"ImageObject\",\"inLanguage\":\"en-GB\",\"@id\":\"https:\/\/loiseauvert.fr\/produit\/mallette-testeurs-solarisations\/#primaryimage\",\"url\":\"https:\/\/loiseauvert.fr\/wp-content\/uploads\/2024\/12\/malette-ferme-scaled.jpg\",\"contentUrl\":\"https:\/\/loiseauvert.fr\/wp-content\/uploads\/2024\/12\/malette-ferme-scaled.jpg\",\"width\":2560,\"height\":2180},{\"@type\":\"BreadcrumbList\",\"@id\":\"https:\/\/loiseauvert.fr\/produit\/mallette-testeurs-solarisations\/#breadcrumb\",\"itemListElement\":[{\"@type\":\"ListItem\",\"position\":1,\"name\":\"Accueil\",\"item\":\"https:\/\/loiseauvert.fr\/\"},{\"@type\":\"ListItem\",\"position\":2,\"name\":\"Coffrets\",\"item\":\"https:\/\/loiseauvert.fr\/categorie-produit\/coffrets\/\"},{\"@type\":\"ListItem\",\"position\":3,\"name\":\"Mallette testeurs nomade premium Solarisations (r\u00e9serv\u00e9 aux th\u00e9rapeutes)\"}]},{\"@type\":\"WebSite\",\"@id\":\"https:\/\/loiseauvert.fr\/#website\",\"url\":\"https:\/\/loiseauvert.fr\/\",\"name\":\"L&#039;Oiseau Vert\",\"description\":\"\",\"potentialAction\":[{\"@type\":\"SearchAction\",\"target\":{\"@type\":\"EntryPoint\",\"urlTemplate\":\"https:\/\/loiseauvert.fr\/?s={search_term_string}\"},\"query-input\":{\"@type\":\"PropertyValueSpecification\",\"valueRequired\":true,\"valueName\":\"search_term_string\"}}],\"inLanguage\":\"en-GB\"}]}<\/script>\n<!-- \/ Yoast SEO plugin. -->","yoast_head_json":{"title":"Premium Solarisations portable tester case (reserved for therapists) - L&#039;Oiseau Vert","description":"Mallette Testeurs \u2013 61 Solarisations en flacons 3 ml. Compacte et pratique, id\u00e9ale pour tests \u00e9nerg\u00e9tiques et r\u00e9\u00e9quilibrages professionnels.","robots":{"index":"index","follow":"follow","max-snippet":"max-snippet:-1","max-image-preview":"max-image-preview:large","max-video-preview":"max-video-preview:-1"},"canonical":"https:\/\/loiseauvert.fr\/en\/product\/mallette-testeurs-solarisations\/","og_locale":"en_GB","og_type":"article","og_title":"Mallette testeurs nomade premium Solarisations (r\u00e9serv\u00e9 aux th\u00e9rapeutes) - L&#039;Oiseau Vert","og_description":"Mallette Testeurs \u2013 61 Solarisations en flacons 3 ml. Compacte et pratique, id\u00e9ale pour tests \u00e9nerg\u00e9tiques et r\u00e9\u00e9quilibrages professionnels.","og_url":"https:\/\/loiseauvert.fr\/en\/product\/mallette-testeurs-solarisations\/","og_site_name":"L&#039;Oiseau Vert","article_modified_time":"2026-03-12T09:55:16+00:00","og_image":[{"width":2560,"height":2180,"url":"https:\/\/loiseauvert.fr\/wp-content\/uploads\/2024\/12\/malette-ferme-scaled.jpg","type":"image\/jpeg"}],"twitter_card":"summary_large_image","twitter_misc":{"Estimated reading time":"1 minute"},"schema":{"@context":"https:\/\/schema.org","@graph":[{"@type":"WebPage","@id":"https:\/\/loiseauvert.fr\/produit\/mallette-testeurs-solarisations\/","url":"https:\/\/loiseauvert.fr\/produit\/mallette-testeurs-solarisations\/","name":"Premium Solarisations portable tester case (reserved for therapists) - L&#039;Oiseau Vert","isPartOf":{"@id":"https:\/\/loiseauvert.fr\/#website"},"primaryImageOfPage":{"@id":"https:\/\/loiseauvert.fr\/produit\/mallette-testeurs-solarisations\/#primaryimage"},"image":{"@id":"https:\/\/loiseauvert.fr\/produit\/mallette-testeurs-solarisations\/#primaryimage"},"thumbnailUrl":"https:\/\/loiseauvert.fr\/wp-content\/uploads\/2024\/12\/malette-ferme-scaled.jpg","datePublished":"2024-12-09T14:28:20+00:00","dateModified":"2026-03-12T09:55:16+00:00","description":"Mallette Testeurs \u2013 61 Solarisations en flacons 3 ml. Compacte et pratique, id\u00e9ale pour tests \u00e9nerg\u00e9tiques et r\u00e9\u00e9quilibrages professionnels.","breadcrumb":{"@id":"https:\/\/loiseauvert.fr\/produit\/mallette-testeurs-solarisations\/#breadcrumb"},"inLanguage":"en-GB","potentialAction":[{"@type":"ReadAction","target":["https:\/\/loiseauvert.fr\/produit\/mallette-testeurs-solarisations\/"]}]},{"@type":"ImageObject","inLanguage":"en-GB","@id":"https:\/\/loiseauvert.fr\/produit\/mallette-testeurs-solarisations\/#primaryimage","url":"https:\/\/loiseauvert.fr\/wp-content\/uploads\/2024\/12\/malette-ferme-scaled.jpg","contentUrl":"https:\/\/loiseauvert.fr\/wp-content\/uploads\/2024\/12\/malette-ferme-scaled.jpg","width":2560,"height":2180},{"@type":"BreadcrumbList","@id":"https:\/\/loiseauvert.fr\/produit\/mallette-testeurs-solarisations\/#breadcrumb","itemListElement":[{"@type":"ListItem","position":1,"name":"Accueil","item":"https:\/\/loiseauvert.fr\/"},{"@type":"ListItem","position":2,"name":"Coffrets","item":"https:\/\/loiseauvert.fr\/categorie-produit\/coffrets\/"},{"@type":"ListItem","position":3,"name":"Mallette testeurs nomade premium Solarisations (r\u00e9serv\u00e9 aux th\u00e9rapeutes)"}]},{"@type":"WebSite","@id":"https:\/\/loiseauvert.fr\/#website","url":"https:\/\/loiseauvert.fr\/","name":"The Green Bird","description":"","potentialAction":[{"@type":"SearchAction","target":{"@type":"EntryPoint","urlTemplate":"https:\/\/loiseauvert.fr\/?s={search_term_string}"},"query-input":{"@type":"PropertyValueSpecification","valueRequired":true,"valueName":"search_term_string"}}],"inLanguage":"en-GB"}]}},"batches":[],"_links":{"self":[{"href":"https:\/\/loiseauvert.fr\/en\/wp-json\/wp\/v2\/product\/11870","targetHints":{"allow":["GET"]}}],"collection":[{"href":"https:\/\/loiseauvert.fr\/en\/wp-json\/wp\/v2\/product"}],"about":[{"href":"https:\/\/loiseauvert.fr\/en\/wp-json\/wp\/v2\/types\/product"}],"wp:featuredmedia":[{"embeddable":true,"href":"https:\/\/loiseauvert.fr\/en\/wp-json\/wp\/v2\/media\/11874"}],"wp:attachment":[{"href":"https:\/\/loiseauvert.fr\/en\/wp-json\/wp\/v2\/media?parent=11870"}],"wp:term":[{"taxonomy":"product_brand","embeddable":true,"href":"https:\/\/loiseauvert.fr\/en\/wp-json\/wp\/v2\/product_brand?post=11870"},{"taxonomy":"product_cat","embeddable":true,"href":"https:\/\/loiseauvert.fr\/en\/wp-json\/wp\/v2\/product_cat?post=11870"},{"taxonomy":"product_tag","embeddable":true,"href":"https:\/\/loiseauvert.fr\/en\/wp-json\/wp\/v2\/product_tag?post=11870"}],"curies":[{"name":"wp","href":"https:\/\/api.w.org\/{rel}","templated":true}]}}