{"id":11863,"date":"2024-12-09T15:14:35","date_gmt":"2024-12-09T14:14:35","guid":{"rendered":"https:\/\/loiseauvert.fr\/?post_type=product&#038;p=11863"},"modified":"2026-03-31T17:33:50","modified_gmt":"2026-03-31T15:33:50","slug":"wooden-solarization-tester-box-reserved-for-therapists","status":"publish","type":"product","link":"https:\/\/loiseauvert.fr\/en\/product\/wooden-solarization-tester-box-reserved-for-therapists\/","title":{"rendered":"Coffret testeurs Solarisations en bambou (r\u00e9serv\u00e9 aux th\u00e9rapeutes)"},"content":{"rendered":"<h3 data-start=\"138\" data-end=\"198\"><strong data-start=\"142\" data-end=\"196\">Coffret Testeurs \u00ab\u00a0Grand Classique\u00a0\u00bb\u2013 61 Solarisations (Flacons 3 ml)<\/strong><\/h3>\n<p data-start=\"199\" data-end=\"253\"><strong data-start=\"199\" data-end=\"253\">\u00c9dition th\u00e9rapeutes \u2013 Pr\u00e9sentation en coffret bambou<\/strong><\/p>\n<p data-start=\"255\" data-end=\"461\">Ce coffret en bambou \u00e9l\u00e9gant regroupe les 61 Solarisations sous forme de flacons en verre bleu de 3 ml.<br data-start=\"363\" data-end=\"366\" \/>Il a \u00e9t\u00e9 con\u00e7u pour les praticiens et accompagnants dans les domaines du bien-\u00eatre \u00e9nerg\u00e9tique.<\/p>\n<p data-start=\"463\" data-end=\"497\">Un outil polyvalent id\u00e9al pour :<\/p>\n<ul data-start=\"498\" data-end=\"694\">\n<li data-start=\"498\" data-end=\"568\">\n<p data-start=\"500\" data-end=\"568\">vos s\u00e9ances de testing (kin\u00e9siologie, pendule, antenne de L\u00e9cher\u2026)<\/p>\n<\/li>\n<li data-start=\"569\" data-end=\"636\">\n<p data-start=\"571\" data-end=\"636\">la s\u00e9lection intuitive ou vibratoire des Solarisations adapt\u00e9es<\/p>\n<\/li>\n<li data-start=\"637\" data-end=\"694\">\n<p data-start=\"639\" data-end=\"694\">accompagner vos protocoles de r\u00e9\u00e9quilibrage \u00e9nerg\u00e9tique<\/p>\n<\/li>\n<\/ul>\n<p data-start=\"696\" data-end=\"780\"><strong data-start=\"696\" data-end=\"780\">Un support pratique, complet et esth\u00e9tique pour une utilisation professionnelle.<\/strong><\/p>","protected":false},"excerpt":{"rendered":"<p>Coffret Testeurs \u00ab\u00a0Grand Classique\u00a0\u00bb\u2013 61 Solarisations (Flacons 3 ml) \u00c9dition th\u00e9rapeutes \u2013 Pr\u00e9sentation en coffret bambou Ce coffret en bambou \u00e9l\u00e9gant regroupe les 61 Solarisations sous forme de flacons en verre bleu de 3 ml.Il a \u00e9t\u00e9 con\u00e7u pour les praticiens et accompagnants dans les domaines du bien-\u00eatre \u00e9nerg\u00e9tique. Un outil polyvalent id\u00e9al pour : [&hellip;]<\/p>","protected":false},"featured_media":17103,"template":"","meta":{"_acf_changed":false,"_glsr_average":0,"_glsr_ranking":0,"_glsr_reviews":0},"product_brand":[],"product_cat":[61],"product_tag":[],"class_list":{"0":"post-11863","1":"product","2":"type-product","3":"status-publish","4":"has-post-thumbnail","6":"product_cat-coffrets","8":"first","9":"instock","10":"taxable","11":"shipping-taxable","12":"purchasable","13":"product-type-simple"},"supplier_id":null,"supplier_sku":"","barcode":null,"atum_controlled":true,"out_stock_date":null,"out_stock_threshold":null,"inheritable":false,"inbound_stock":0,"stock_on_hold":0,"sold_today":0,"sales_last_days":0,"reserved_stock":0,"customer_returns":0,"warehouse_damage":0,"lost_in_post":0,"other_logs":0,"out_stock_days":0,"lost_sales":0,"has_location":false,"update_date":"2026-04-06T10:18:21","atum_locations":[],"atum_stock_status":"instock","restock_status":false,"low_stock_amount":"","sales_update_date":"2026-04-06T10:18:21","calc_backorders":null,"acf":[],"yoast_head":"<!-- This site is optimized with the Yoast SEO plugin v26.9 - https:\/\/yoast.com\/product\/yoast-seo-wordpress\/ -->\n<title>Coffret testeurs Solarisations en bambou (r\u00e9serv\u00e9 aux th\u00e9rapeutes) - L&#039;Oiseau Vert<\/title>\n<meta name=\"robots\" content=\"index, follow, max-snippet:-1, max-image-preview:large, max-video-preview:-1\" \/>\n<link rel=\"canonical\" href=\"https:\/\/loiseauvert.fr\/en\/product\/wooden-solarization-tester-box-reserved-for-therapists\/\" \/>\n<meta property=\"og:locale\" content=\"en_GB\" \/>\n<meta property=\"og:type\" content=\"article\" \/>\n<meta property=\"og:title\" content=\"Coffret testeurs Solarisations en bambou (r\u00e9serv\u00e9 aux th\u00e9rapeutes) - L&#039;Oiseau Vert\" \/>\n<meta property=\"og:description\" content=\"Coffret Testeurs \u00ab\u00a0Grand Classique\u00a0\u00bb\u2013 61 Solarisations (Flacons 3 ml) \u00c9dition th\u00e9rapeutes \u2013 Pr\u00e9sentation en coffret bambou Ce coffret en bambou \u00e9l\u00e9gant regroupe les 61 Solarisations sous forme de flacons en verre bleu de 3 ml.Il a \u00e9t\u00e9 con\u00e7u pour les praticiens et accompagnants dans les domaines du bien-\u00eatre \u00e9nerg\u00e9tique. Un outil polyvalent id\u00e9al pour : [&hellip;]\" \/>\n<meta property=\"og:url\" content=\"https:\/\/loiseauvert.fr\/en\/product\/wooden-solarization-tester-box-reserved-for-therapists\/\" \/>\n<meta property=\"og:site_name\" content=\"L&#039;Oiseau Vert\" \/>\n<meta property=\"article:modified_time\" content=\"2026-03-31T15:33:50+00:00\" \/>\n<meta property=\"og:image\" content=\"https:\/\/loiseauvert.fr\/wp-content\/uploads\/2024\/12\/Nouveau-coffret-testeurs-ferme-scaled.jpg\" \/>\n\t<meta property=\"og:image:width\" content=\"2560\" \/>\n\t<meta property=\"og:image:height\" content=\"2146\" \/>\n\t<meta property=\"og:image:type\" content=\"image\/jpeg\" \/>\n<meta name=\"twitter:card\" content=\"summary_large_image\" \/>\n<meta name=\"twitter:label1\" content=\"Estimated reading time\" \/>\n\t<meta name=\"twitter:data1\" content=\"1 minute\" \/>\n<script type=\"application\/ld+json\" class=\"yoast-schema-graph\">{\"@context\":\"https:\/\/schema.org\",\"@graph\":[{\"@type\":\"WebPage\",\"@id\":\"https:\/\/loiseauvert.fr\/produit\/coffret-testeurs-solarisations-en-bois-reserve-aux-therapeutes\/\",\"url\":\"https:\/\/loiseauvert.fr\/produit\/coffret-testeurs-solarisations-en-bois-reserve-aux-therapeutes\/\",\"name\":\"Coffret testeurs Solarisations en bambou (r\u00e9serv\u00e9 aux th\u00e9rapeutes) - L&#039;Oiseau Vert\",\"isPartOf\":{\"@id\":\"https:\/\/loiseauvert.fr\/#website\"},\"primaryImageOfPage\":{\"@id\":\"https:\/\/loiseauvert.fr\/produit\/coffret-testeurs-solarisations-en-bois-reserve-aux-therapeutes\/#primaryimage\"},\"image\":{\"@id\":\"https:\/\/loiseauvert.fr\/produit\/coffret-testeurs-solarisations-en-bois-reserve-aux-therapeutes\/#primaryimage\"},\"thumbnailUrl\":\"https:\/\/loiseauvert.fr\/wp-content\/uploads\/2024\/12\/Nouveau-coffret-testeurs-ferme-scaled.jpg\",\"datePublished\":\"2024-12-09T14:14:35+00:00\",\"dateModified\":\"2026-03-31T15:33:50+00:00\",\"breadcrumb\":{\"@id\":\"https:\/\/loiseauvert.fr\/produit\/coffret-testeurs-solarisations-en-bois-reserve-aux-therapeutes\/#breadcrumb\"},\"inLanguage\":\"en-GB\",\"potentialAction\":[{\"@type\":\"ReadAction\",\"target\":[\"https:\/\/loiseauvert.fr\/produit\/coffret-testeurs-solarisations-en-bois-reserve-aux-therapeutes\/\"]}]},{\"@type\":\"ImageObject\",\"inLanguage\":\"en-GB\",\"@id\":\"https:\/\/loiseauvert.fr\/produit\/coffret-testeurs-solarisations-en-bois-reserve-aux-therapeutes\/#primaryimage\",\"url\":\"https:\/\/loiseauvert.fr\/wp-content\/uploads\/2024\/12\/Nouveau-coffret-testeurs-ferme-scaled.jpg\",\"contentUrl\":\"https:\/\/loiseauvert.fr\/wp-content\/uploads\/2024\/12\/Nouveau-coffret-testeurs-ferme-scaled.jpg\",\"width\":2560,\"height\":2146},{\"@type\":\"BreadcrumbList\",\"@id\":\"https:\/\/loiseauvert.fr\/produit\/coffret-testeurs-solarisations-en-bois-reserve-aux-therapeutes\/#breadcrumb\",\"itemListElement\":[{\"@type\":\"ListItem\",\"position\":1,\"name\":\"Accueil\",\"item\":\"https:\/\/loiseauvert.fr\/\"},{\"@type\":\"ListItem\",\"position\":2,\"name\":\"Coffrets\",\"item\":\"https:\/\/loiseauvert.fr\/categorie-produit\/coffrets\/\"},{\"@type\":\"ListItem\",\"position\":3,\"name\":\"Coffret testeurs Solarisations en bambou (r\u00e9serv\u00e9 aux th\u00e9rapeutes)\"}]},{\"@type\":\"WebSite\",\"@id\":\"https:\/\/loiseauvert.fr\/#website\",\"url\":\"https:\/\/loiseauvert.fr\/\",\"name\":\"L&#039;Oiseau Vert\",\"description\":\"\",\"potentialAction\":[{\"@type\":\"SearchAction\",\"target\":{\"@type\":\"EntryPoint\",\"urlTemplate\":\"https:\/\/loiseauvert.fr\/?s={search_term_string}\"},\"query-input\":{\"@type\":\"PropertyValueSpecification\",\"valueRequired\":true,\"valueName\":\"search_term_string\"}}],\"inLanguage\":\"en-GB\"}]}<\/script>\n<!-- \/ Yoast SEO plugin. -->","yoast_head_json":{"title":"Coffret testeurs Solarisations en bambou (r\u00e9serv\u00e9 aux th\u00e9rapeutes) - L&#039;Oiseau Vert","robots":{"index":"index","follow":"follow","max-snippet":"max-snippet:-1","max-image-preview":"max-image-preview:large","max-video-preview":"max-video-preview:-1"},"canonical":"https:\/\/loiseauvert.fr\/en\/product\/wooden-solarization-tester-box-reserved-for-therapists\/","og_locale":"en_GB","og_type":"article","og_title":"Coffret testeurs Solarisations en bambou (r\u00e9serv\u00e9 aux th\u00e9rapeutes) - L&#039;Oiseau Vert","og_description":"Coffret Testeurs \u00ab\u00a0Grand Classique\u00a0\u00bb\u2013 61 Solarisations (Flacons 3 ml) \u00c9dition th\u00e9rapeutes \u2013 Pr\u00e9sentation en coffret bambou Ce coffret en bambou \u00e9l\u00e9gant regroupe les 61 Solarisations sous forme de flacons en verre bleu de 3 ml.Il a \u00e9t\u00e9 con\u00e7u pour les praticiens et accompagnants dans les domaines du bien-\u00eatre \u00e9nerg\u00e9tique. Un outil polyvalent id\u00e9al pour : [&hellip;]","og_url":"https:\/\/loiseauvert.fr\/en\/product\/wooden-solarization-tester-box-reserved-for-therapists\/","og_site_name":"L&#039;Oiseau Vert","article_modified_time":"2026-03-31T15:33:50+00:00","og_image":[{"width":2560,"height":2146,"url":"https:\/\/loiseauvert.fr\/wp-content\/uploads\/2024\/12\/Nouveau-coffret-testeurs-ferme-scaled.jpg","type":"image\/jpeg"}],"twitter_card":"summary_large_image","twitter_misc":{"Estimated reading time":"1 minute"},"schema":{"@context":"https:\/\/schema.org","@graph":[{"@type":"WebPage","@id":"https:\/\/loiseauvert.fr\/produit\/coffret-testeurs-solarisations-en-bois-reserve-aux-therapeutes\/","url":"https:\/\/loiseauvert.fr\/produit\/coffret-testeurs-solarisations-en-bois-reserve-aux-therapeutes\/","name":"Coffret testeurs Solarisations en bambou (r\u00e9serv\u00e9 aux th\u00e9rapeutes) - L&#039;Oiseau Vert","isPartOf":{"@id":"https:\/\/loiseauvert.fr\/#website"},"primaryImageOfPage":{"@id":"https:\/\/loiseauvert.fr\/produit\/coffret-testeurs-solarisations-en-bois-reserve-aux-therapeutes\/#primaryimage"},"image":{"@id":"https:\/\/loiseauvert.fr\/produit\/coffret-testeurs-solarisations-en-bois-reserve-aux-therapeutes\/#primaryimage"},"thumbnailUrl":"https:\/\/loiseauvert.fr\/wp-content\/uploads\/2024\/12\/Nouveau-coffret-testeurs-ferme-scaled.jpg","datePublished":"2024-12-09T14:14:35+00:00","dateModified":"2026-03-31T15:33:50+00:00","breadcrumb":{"@id":"https:\/\/loiseauvert.fr\/produit\/coffret-testeurs-solarisations-en-bois-reserve-aux-therapeutes\/#breadcrumb"},"inLanguage":"en-GB","potentialAction":[{"@type":"ReadAction","target":["https:\/\/loiseauvert.fr\/produit\/coffret-testeurs-solarisations-en-bois-reserve-aux-therapeutes\/"]}]},{"@type":"ImageObject","inLanguage":"en-GB","@id":"https:\/\/loiseauvert.fr\/produit\/coffret-testeurs-solarisations-en-bois-reserve-aux-therapeutes\/#primaryimage","url":"https:\/\/loiseauvert.fr\/wp-content\/uploads\/2024\/12\/Nouveau-coffret-testeurs-ferme-scaled.jpg","contentUrl":"https:\/\/loiseauvert.fr\/wp-content\/uploads\/2024\/12\/Nouveau-coffret-testeurs-ferme-scaled.jpg","width":2560,"height":2146},{"@type":"BreadcrumbList","@id":"https:\/\/loiseauvert.fr\/produit\/coffret-testeurs-solarisations-en-bois-reserve-aux-therapeutes\/#breadcrumb","itemListElement":[{"@type":"ListItem","position":1,"name":"Accueil","item":"https:\/\/loiseauvert.fr\/"},{"@type":"ListItem","position":2,"name":"Coffrets","item":"https:\/\/loiseauvert.fr\/categorie-produit\/coffrets\/"},{"@type":"ListItem","position":3,"name":"Coffret testeurs Solarisations en bambou (r\u00e9serv\u00e9 aux th\u00e9rapeutes)"}]},{"@type":"WebSite","@id":"https:\/\/loiseauvert.fr\/#website","url":"https:\/\/loiseauvert.fr\/","name":"The Green Bird","description":"","potentialAction":[{"@type":"SearchAction","target":{"@type":"EntryPoint","urlTemplate":"https:\/\/loiseauvert.fr\/?s={search_term_string}"},"query-input":{"@type":"PropertyValueSpecification","valueRequired":true,"valueName":"search_term_string"}}],"inLanguage":"en-GB"}]}},"batches":[],"_links":{"self":[{"href":"https:\/\/loiseauvert.fr\/en\/wp-json\/wp\/v2\/product\/11863","targetHints":{"allow":["GET"]}}],"collection":[{"href":"https:\/\/loiseauvert.fr\/en\/wp-json\/wp\/v2\/product"}],"about":[{"href":"https:\/\/loiseauvert.fr\/en\/wp-json\/wp\/v2\/types\/product"}],"wp:featuredmedia":[{"embeddable":true,"href":"https:\/\/loiseauvert.fr\/en\/wp-json\/wp\/v2\/media\/17103"}],"wp:attachment":[{"href":"https:\/\/loiseauvert.fr\/en\/wp-json\/wp\/v2\/media?parent=11863"}],"wp:term":[{"taxonomy":"product_brand","embeddable":true,"href":"https:\/\/loiseauvert.fr\/en\/wp-json\/wp\/v2\/product_brand?post=11863"},{"taxonomy":"product_cat","embeddable":true,"href":"https:\/\/loiseauvert.fr\/en\/wp-json\/wp\/v2\/product_cat?post=11863"},{"taxonomy":"product_tag","embeddable":true,"href":"https:\/\/loiseauvert.fr\/en\/wp-json\/wp\/v2\/product_tag?post=11863"}],"curies":[{"name":"wp","href":"https:\/\/api.w.org\/{rel}","templated":true}]}}