{"id":1179,"date":"2023-05-19T15:07:57","date_gmt":"2023-05-19T13:07:57","guid":{"rendered":"https:\/\/loiseauvert.fr\/?post_type=product&#038;p=1179"},"modified":"2026-04-08T08:24:23","modified_gmt":"2026-04-08T06:24:23","slug":"jeu-de-lames-outil-dexploration-personnelle-et-introspection","status":"publish","type":"product","link":"https:\/\/loiseauvert.fr\/en\/product\/jeu-de-lames-outil-dexploration-personnelle-et-introspection\/","title":{"rendered":"Blades Game (new edition)"},"content":{"rendered":"<p data-start=\"225\" data-end=\"283\">Un outil d\u2019exploration personnelle pour mieux se conna\u00eetre<\/p>\n<p data-start=\"285\" data-end=\"463\">Le Jeu de Lames est un support de r\u00e9flexion et d\u2019introspection. Chaque carte invite \u00e0 se connecter \u00e0 une facette de soi, \u00e0 identifier une \u00e9motion ou \u00e0 orienter sa pens\u00e9e du jour.<\/p>\n<p data-start=\"465\" data-end=\"766\">En tirant une lame en conscience, vous cr\u00e9ez un moment d\u2019\u00e9coute int\u00e9rieure, propice \u00e0 la compr\u00e9hension de soi et \u00e0 la mise en lumi\u00e8re de vos ressentis.<br data-start=\"616\" data-end=\"619\" \/>Ce nouveau coffret b\u00e9n\u00e9ficie d\u2019un <strong data-start=\"653\" data-end=\"673\">design renouvel\u00e9<\/strong> et int\u00e8gre les <strong data-start=\"689\" data-end=\"716\">derni\u00e8res solarisations<\/strong> pour une exp\u00e9rience encore plus riche et align\u00e9e.<\/p>","protected":false},"excerpt":{"rendered":"<p>Un outil d\u2019exploration personnelle pour mieux se conna\u00eetre Le Jeu de Lames est un support de r\u00e9flexion et d\u2019introspection. Chaque carte invite \u00e0 se connecter \u00e0 une facette de soi, \u00e0 identifier une \u00e9motion ou \u00e0 orienter sa pens\u00e9e du jour. En tirant une lame en conscience, vous cr\u00e9ez un moment d\u2019\u00e9coute int\u00e9rieure, propice \u00e0 [&hellip;]<\/p>","protected":false},"featured_media":722,"template":"","meta":{"_acf_changed":false,"_glsr_average":0,"_glsr_ranking":0,"_glsr_reviews":0},"product_brand":[],"product_cat":[64],"product_tag":[],"class_list":{"0":"post-1179","1":"product","2":"type-product","3":"status-publish","4":"has-post-thumbnail","6":"product_cat-autres-produits","8":"first","9":"instock","10":"taxable","11":"shipping-taxable","12":"purchasable","13":"product-type-simple"},"supplier_id":null,"supplier_sku":"","barcode":null,"atum_controlled":true,"out_stock_date":null,"out_stock_threshold":null,"inheritable":false,"inbound_stock":null,"stock_on_hold":16,"sold_today":0,"sales_last_days":0,"reserved_stock":null,"customer_returns":null,"warehouse_damage":null,"lost_in_post":null,"other_logs":null,"out_stock_days":0,"lost_sales":0,"has_location":false,"update_date":"2026-04-09T14:43:37","atum_locations":[],"atum_stock_status":"instock","restock_status":false,"low_stock_amount":"","sales_update_date":"2026-04-09T14:43:37","calc_backorders":null,"acf":[],"yoast_head":"<!-- This site is optimized with the Yoast SEO plugin v26.9 - https:\/\/yoast.com\/product\/yoast-seo-wordpress\/ -->\n<title>Jeu de Lames (nouvelle \u00e9dition) - L&#039;Oiseau Vert<\/title>\n<meta name=\"description\" content=\"Jeu de Lames \u2013 Outil d\u2019introspection et d\u2019exploration personnelle. Favorise \u00e9coute int\u00e9rieure, connaissance de soi et r\u00e9flexion quotidienne.\" \/>\n<meta name=\"robots\" content=\"index, follow, max-snippet:-1, max-image-preview:large, max-video-preview:-1\" \/>\n<link rel=\"canonical\" href=\"https:\/\/loiseauvert.fr\/en\/product\/jeu-de-lames-outil-dexploration-personnelle-et-introspection\/\" \/>\n<meta property=\"og:locale\" content=\"en_GB\" \/>\n<meta property=\"og:type\" content=\"article\" \/>\n<meta property=\"og:title\" content=\"Jeu de Lames (nouvelle \u00e9dition) - L&#039;Oiseau Vert\" \/>\n<meta property=\"og:description\" content=\"Jeu de Lames \u2013 Outil d\u2019introspection et d\u2019exploration personnelle. Favorise \u00e9coute int\u00e9rieure, connaissance de soi et r\u00e9flexion quotidienne.\" \/>\n<meta property=\"og:url\" content=\"https:\/\/loiseauvert.fr\/en\/product\/jeu-de-lames-outil-dexploration-personnelle-et-introspection\/\" \/>\n<meta property=\"og:site_name\" content=\"L&#039;Oiseau Vert\" \/>\n<meta property=\"article:modified_time\" content=\"2026-04-08T06:24:23+00:00\" \/>\n<meta property=\"og:image\" content=\"https:\/\/loiseauvert.fr\/wp-content\/uploads\/2023\/05\/oiseau-vert-solarisations-jeu-lame-recto-jpg.webp\" \/>\n\t<meta property=\"og:image:width\" content=\"1000\" \/>\n\t<meta property=\"og:image:height\" content=\"1000\" \/>\n\t<meta property=\"og:image:type\" content=\"image\/jpeg\" \/>\n<meta name=\"twitter:card\" content=\"summary_large_image\" \/>\n<meta name=\"twitter:label1\" content=\"Estimated reading time\" \/>\n\t<meta name=\"twitter:data1\" content=\"1 minute\" \/>\n<script type=\"application\/ld+json\" class=\"yoast-schema-graph\">{\"@context\":\"https:\/\/schema.org\",\"@graph\":[{\"@type\":\"WebPage\",\"@id\":\"https:\/\/loiseauvert.fr\/produit\/jeu-de-lames-outil-dexploration-personnelle-et-introspection\/\",\"url\":\"https:\/\/loiseauvert.fr\/produit\/jeu-de-lames-outil-dexploration-personnelle-et-introspection\/\",\"name\":\"Jeu de Lames (nouvelle \u00e9dition) - L&#039;Oiseau Vert\",\"isPartOf\":{\"@id\":\"https:\/\/loiseauvert.fr\/#website\"},\"primaryImageOfPage\":{\"@id\":\"https:\/\/loiseauvert.fr\/produit\/jeu-de-lames-outil-dexploration-personnelle-et-introspection\/#primaryimage\"},\"image\":{\"@id\":\"https:\/\/loiseauvert.fr\/produit\/jeu-de-lames-outil-dexploration-personnelle-et-introspection\/#primaryimage\"},\"thumbnailUrl\":\"https:\/\/loiseauvert.fr\/wp-content\/uploads\/2023\/05\/oiseau-vert-solarisations-jeu-lame-recto-jpg.webp\",\"datePublished\":\"2023-05-19T13:07:57+00:00\",\"dateModified\":\"2026-04-08T06:24:23+00:00\",\"description\":\"Jeu de Lames \u2013 Outil d\u2019introspection et d\u2019exploration personnelle. Favorise \u00e9coute int\u00e9rieure, connaissance de soi et r\u00e9flexion quotidienne.\",\"breadcrumb\":{\"@id\":\"https:\/\/loiseauvert.fr\/produit\/jeu-de-lames-outil-dexploration-personnelle-et-introspection\/#breadcrumb\"},\"inLanguage\":\"en-GB\",\"potentialAction\":[{\"@type\":\"ReadAction\",\"target\":[\"https:\/\/loiseauvert.fr\/produit\/jeu-de-lames-outil-dexploration-personnelle-et-introspection\/\"]}]},{\"@type\":\"ImageObject\",\"inLanguage\":\"en-GB\",\"@id\":\"https:\/\/loiseauvert.fr\/produit\/jeu-de-lames-outil-dexploration-personnelle-et-introspection\/#primaryimage\",\"url\":\"https:\/\/loiseauvert.fr\/wp-content\/uploads\/2023\/05\/oiseau-vert-solarisations-jeu-lame-recto-jpg.webp\",\"contentUrl\":\"https:\/\/loiseauvert.fr\/wp-content\/uploads\/2023\/05\/oiseau-vert-solarisations-jeu-lame-recto-jpg.webp\",\"width\":1000,\"height\":1000},{\"@type\":\"BreadcrumbList\",\"@id\":\"https:\/\/loiseauvert.fr\/produit\/jeu-de-lames-outil-dexploration-personnelle-et-introspection\/#breadcrumb\",\"itemListElement\":[{\"@type\":\"ListItem\",\"position\":1,\"name\":\"Accueil\",\"item\":\"https:\/\/loiseauvert.fr\/\"},{\"@type\":\"ListItem\",\"position\":2,\"name\":\"Autres produits\",\"item\":\"https:\/\/loiseauvert.fr\/categorie-produit\/autres-produits\/\"},{\"@type\":\"ListItem\",\"position\":3,\"name\":\"Jeu de Lames (nouvelle \u00e9dition)\"}]},{\"@type\":\"WebSite\",\"@id\":\"https:\/\/loiseauvert.fr\/#website\",\"url\":\"https:\/\/loiseauvert.fr\/\",\"name\":\"L&#039;Oiseau Vert\",\"description\":\"\",\"potentialAction\":[{\"@type\":\"SearchAction\",\"target\":{\"@type\":\"EntryPoint\",\"urlTemplate\":\"https:\/\/loiseauvert.fr\/?s={search_term_string}\"},\"query-input\":{\"@type\":\"PropertyValueSpecification\",\"valueRequired\":true,\"valueName\":\"search_term_string\"}}],\"inLanguage\":\"en-GB\"}]}<\/script>\n<!-- \/ Yoast SEO plugin. -->","yoast_head_json":{"title":"Set of Blades (new edition) - L&#039;Oiseau Vert","description":"Jeu de Lames \u2013 Outil d\u2019introspection et d\u2019exploration personnelle. Favorise \u00e9coute int\u00e9rieure, connaissance de soi et r\u00e9flexion quotidienne.","robots":{"index":"index","follow":"follow","max-snippet":"max-snippet:-1","max-image-preview":"max-image-preview:large","max-video-preview":"max-video-preview:-1"},"canonical":"https:\/\/loiseauvert.fr\/en\/product\/jeu-de-lames-outil-dexploration-personnelle-et-introspection\/","og_locale":"en_GB","og_type":"article","og_title":"Jeu de Lames (nouvelle \u00e9dition) - L&#039;Oiseau Vert","og_description":"Jeu de Lames \u2013 Outil d\u2019introspection et d\u2019exploration personnelle. Favorise \u00e9coute int\u00e9rieure, connaissance de soi et r\u00e9flexion quotidienne.","og_url":"https:\/\/loiseauvert.fr\/en\/product\/jeu-de-lames-outil-dexploration-personnelle-et-introspection\/","og_site_name":"L&#039;Oiseau Vert","article_modified_time":"2026-04-08T06:24:23+00:00","og_image":[{"width":1000,"height":1000,"url":"https:\/\/loiseauvert.fr\/wp-content\/uploads\/2023\/05\/oiseau-vert-solarisations-jeu-lame-recto-jpg.webp","type":"image\/jpeg"}],"twitter_card":"summary_large_image","twitter_misc":{"Estimated reading time":"1 minute"},"schema":{"@context":"https:\/\/schema.org","@graph":[{"@type":"WebPage","@id":"https:\/\/loiseauvert.fr\/produit\/jeu-de-lames-outil-dexploration-personnelle-et-introspection\/","url":"https:\/\/loiseauvert.fr\/produit\/jeu-de-lames-outil-dexploration-personnelle-et-introspection\/","name":"Set of Blades (new edition) - L&#039;Oiseau Vert","isPartOf":{"@id":"https:\/\/loiseauvert.fr\/#website"},"primaryImageOfPage":{"@id":"https:\/\/loiseauvert.fr\/produit\/jeu-de-lames-outil-dexploration-personnelle-et-introspection\/#primaryimage"},"image":{"@id":"https:\/\/loiseauvert.fr\/produit\/jeu-de-lames-outil-dexploration-personnelle-et-introspection\/#primaryimage"},"thumbnailUrl":"https:\/\/loiseauvert.fr\/wp-content\/uploads\/2023\/05\/oiseau-vert-solarisations-jeu-lame-recto-jpg.webp","datePublished":"2023-05-19T13:07:57+00:00","dateModified":"2026-04-08T06:24:23+00:00","description":"Jeu de Lames \u2013 Outil d\u2019introspection et d\u2019exploration personnelle. Favorise \u00e9coute int\u00e9rieure, connaissance de soi et r\u00e9flexion quotidienne.","breadcrumb":{"@id":"https:\/\/loiseauvert.fr\/produit\/jeu-de-lames-outil-dexploration-personnelle-et-introspection\/#breadcrumb"},"inLanguage":"en-GB","potentialAction":[{"@type":"ReadAction","target":["https:\/\/loiseauvert.fr\/produit\/jeu-de-lames-outil-dexploration-personnelle-et-introspection\/"]}]},{"@type":"ImageObject","inLanguage":"en-GB","@id":"https:\/\/loiseauvert.fr\/produit\/jeu-de-lames-outil-dexploration-personnelle-et-introspection\/#primaryimage","url":"https:\/\/loiseauvert.fr\/wp-content\/uploads\/2023\/05\/oiseau-vert-solarisations-jeu-lame-recto-jpg.webp","contentUrl":"https:\/\/loiseauvert.fr\/wp-content\/uploads\/2023\/05\/oiseau-vert-solarisations-jeu-lame-recto-jpg.webp","width":1000,"height":1000},{"@type":"BreadcrumbList","@id":"https:\/\/loiseauvert.fr\/produit\/jeu-de-lames-outil-dexploration-personnelle-et-introspection\/#breadcrumb","itemListElement":[{"@type":"ListItem","position":1,"name":"Accueil","item":"https:\/\/loiseauvert.fr\/"},{"@type":"ListItem","position":2,"name":"Autres produits","item":"https:\/\/loiseauvert.fr\/categorie-produit\/autres-produits\/"},{"@type":"ListItem","position":3,"name":"Jeu de Lames (nouvelle \u00e9dition)"}]},{"@type":"WebSite","@id":"https:\/\/loiseauvert.fr\/#website","url":"https:\/\/loiseauvert.fr\/","name":"The Green Bird","description":"","potentialAction":[{"@type":"SearchAction","target":{"@type":"EntryPoint","urlTemplate":"https:\/\/loiseauvert.fr\/?s={search_term_string}"},"query-input":{"@type":"PropertyValueSpecification","valueRequired":true,"valueName":"search_term_string"}}],"inLanguage":"en-GB"}]}},"batches":[],"_links":{"self":[{"href":"https:\/\/loiseauvert.fr\/en\/wp-json\/wp\/v2\/product\/1179","targetHints":{"allow":["GET"]}}],"collection":[{"href":"https:\/\/loiseauvert.fr\/en\/wp-json\/wp\/v2\/product"}],"about":[{"href":"https:\/\/loiseauvert.fr\/en\/wp-json\/wp\/v2\/types\/product"}],"wp:featuredmedia":[{"embeddable":true,"href":"https:\/\/loiseauvert.fr\/en\/wp-json\/wp\/v2\/media\/722"}],"wp:attachment":[{"href":"https:\/\/loiseauvert.fr\/en\/wp-json\/wp\/v2\/media?parent=1179"}],"wp:term":[{"taxonomy":"product_brand","embeddable":true,"href":"https:\/\/loiseauvert.fr\/en\/wp-json\/wp\/v2\/product_brand?post=1179"},{"taxonomy":"product_cat","embeddable":true,"href":"https:\/\/loiseauvert.fr\/en\/wp-json\/wp\/v2\/product_cat?post=1179"},{"taxonomy":"product_tag","embeddable":true,"href":"https:\/\/loiseauvert.fr\/en\/wp-json\/wp\/v2\/product_tag?post=1179"}],"curies":[{"name":"wp","href":"https:\/\/api.w.org\/{rel}","templated":true}]}}