{"id":1134,"date":"2023-05-19T15:07:13","date_gmt":"2023-05-19T13:07:13","guid":{"rendered":"https:\/\/loiseauvert.fr\/?post_type=product&#038;p=1134"},"modified":"2026-04-17T08:40:36","modified_gmt":"2026-04-17T06:40:36","slug":"solarisation-n27-passage-vers-un-espace-interieur-renouvele","status":"publish","type":"product","link":"https:\/\/loiseauvert.fr\/en\/product\/solarisation-n27-passage-vers-un-espace-interieur-renouvele\/","title":{"rendered":"imu"},"content":{"rendered":"<h3>Solarization No. 27<\/h3>\n<p><strong>\u00ab\u00a0Accompagne le passage vers un espace int\u00e9rieur renouvel\u00e9\u00a0\u00bb<\/strong><\/p>\n<ul>\n<li>\n<p data-start=\"206\" data-end=\"557\">Accompagne le processus de lib\u00e9ration int\u00e9rieure face aux sch\u00e9mas pesants et aux influences ext\u00e9rieures.<\/p>\n<\/li>\n<li>\n<p data-start=\"206\" data-end=\"557\">Favorise la confiance en l\u2019avenir, la stabilit\u00e9 \u00e9motionnelle et le respect de ses propres limites.<\/p>\n<\/li>\n<li>\n<p data-start=\"206\" data-end=\"557\">Invitation \u00e0 se reconnecter \u00e0 sa force personnelle et \u00e0 avancer avec plus de clart\u00e9, d\u2019assurance et d\u2019ind\u00e9pendance.<\/p>\n<\/li>\n<\/ul>","protected":false},"excerpt":{"rendered":"<p data-start=\"159\" data-end=\"214\"><strong data-start=\"163\" data-end=\"214\">Force int\u00e9rieure &amp; R\u00e9g\u00e9n\u00e9ration\u00a0<\/strong><\/p>\n<p data-start=\"216\" data-end=\"437\">Soutient le l\u00e2cher-prise face au pass\u00e9 et favorise l\u2019accueil de nouvelles dynamiques de vie.<br data-start=\"327\" data-end=\"330\" \/>Elle invite \u00e0 se r\u00e9g\u00e9n\u00e9rer de l\u2019int\u00e9rieur, en laissant place \u00e0 plus de clart\u00e9, de vitalit\u00e9 et de renouveau.<\/p>","protected":false},"featured_media":1136,"template":"","meta":{"_acf_changed":false,"_glsr_average":0,"_glsr_ranking":0,"_glsr_reviews":0},"product_brand":[],"product_cat":[60],"product_tag":[],"class_list":{"0":"post-1134","1":"product","2":"type-product","3":"status-publish","4":"has-post-thumbnail","6":"product_cat-les-specifiques","8":"first","9":"instock","10":"taxable","11":"shipping-taxable","12":"purchasable","13":"product-type-simple"},"supplier_id":null,"supplier_sku":"","barcode":null,"atum_controlled":true,"out_stock_date":null,"out_stock_threshold":null,"inheritable":false,"inbound_stock":null,"stock_on_hold":6,"sold_today":1,"sales_last_days":2,"reserved_stock":null,"customer_returns":null,"warehouse_damage":null,"lost_in_post":null,"other_logs":null,"out_stock_days":0,"lost_sales":0,"has_location":false,"update_date":"2026-04-17T13:49:30","atum_locations":[],"atum_stock_status":"instock","restock_status":false,"low_stock_amount":"","sales_update_date":"2026-04-17T13:49:30","calc_backorders":null,"acf":[],"yoast_head":"<!-- This site is optimized with the Yoast SEO plugin v26.9 - https:\/\/yoast.com\/product\/yoast-seo-wordpress\/ -->\n<title>Imu - L&#039;Oiseau Vert<\/title>\n<meta name=\"description\" content=\"Solarisation n\u00b027 \u2013 Renouveau int\u00e9rieur et lib\u00e9ration des sch\u00e9mas limitants. Favorise confiance, stabilit\u00e9 \u00e9motionnelle et force personnelle.\" \/>\n<meta name=\"robots\" content=\"index, follow, max-snippet:-1, max-image-preview:large, max-video-preview:-1\" \/>\n<link rel=\"canonical\" href=\"https:\/\/loiseauvert.fr\/en\/product\/solarisation-n27-passage-vers-un-espace-interieur-renouvele\/\" \/>\n<meta property=\"og:locale\" content=\"en_GB\" \/>\n<meta property=\"og:type\" content=\"article\" \/>\n<meta property=\"og:title\" content=\"Imu - L&#039;Oiseau Vert\" \/>\n<meta property=\"og:description\" content=\"Solarisation n\u00b027 \u2013 Renouveau int\u00e9rieur et lib\u00e9ration des sch\u00e9mas limitants. Favorise confiance, stabilit\u00e9 \u00e9motionnelle et force personnelle.\" \/>\n<meta property=\"og:url\" content=\"https:\/\/loiseauvert.fr\/en\/product\/solarisation-n27-passage-vers-un-espace-interieur-renouvele\/\" \/>\n<meta property=\"og:site_name\" content=\"L&#039;Oiseau Vert\" \/>\n<meta property=\"article:modified_time\" content=\"2026-04-17T06:40:36+00:00\" \/>\n<meta property=\"og:image\" content=\"https:\/\/loiseauvert.fr\/wp-content\/uploads\/2023\/05\/oiseau-vert-solarisation-imu-27-jpg.webp\" \/>\n\t<meta property=\"og:image:width\" content=\"1000\" \/>\n\t<meta property=\"og:image:height\" content=\"1000\" \/>\n\t<meta property=\"og:image:type\" content=\"image\/jpeg\" \/>\n<meta name=\"twitter:card\" content=\"summary_large_image\" \/>\n<meta name=\"twitter:label1\" content=\"Estimated reading time\" \/>\n\t<meta name=\"twitter:data1\" content=\"1 minute\" \/>\n<script type=\"application\/ld+json\" class=\"yoast-schema-graph\">{\"@context\":\"https:\/\/schema.org\",\"@graph\":[{\"@type\":\"WebPage\",\"@id\":\"https:\/\/loiseauvert.fr\/produit\/solarisation-n27-passage-vers-un-espace-interieur-renouvele\/\",\"url\":\"https:\/\/loiseauvert.fr\/produit\/solarisation-n27-passage-vers-un-espace-interieur-renouvele\/\",\"name\":\"Imu - L&#039;Oiseau Vert\",\"isPartOf\":{\"@id\":\"https:\/\/loiseauvert.fr\/#website\"},\"primaryImageOfPage\":{\"@id\":\"https:\/\/loiseauvert.fr\/produit\/solarisation-n27-passage-vers-un-espace-interieur-renouvele\/#primaryimage\"},\"image\":{\"@id\":\"https:\/\/loiseauvert.fr\/produit\/solarisation-n27-passage-vers-un-espace-interieur-renouvele\/#primaryimage\"},\"thumbnailUrl\":\"https:\/\/loiseauvert.fr\/wp-content\/uploads\/2023\/05\/oiseau-vert-solarisation-imu-27-jpg.webp\",\"datePublished\":\"2023-05-19T13:07:13+00:00\",\"dateModified\":\"2026-04-17T06:40:36+00:00\",\"description\":\"Solarisation n\u00b027 \u2013 Renouveau int\u00e9rieur et lib\u00e9ration des sch\u00e9mas limitants. Favorise confiance, stabilit\u00e9 \u00e9motionnelle et force personnelle.\",\"breadcrumb\":{\"@id\":\"https:\/\/loiseauvert.fr\/produit\/solarisation-n27-passage-vers-un-espace-interieur-renouvele\/#breadcrumb\"},\"inLanguage\":\"en-GB\",\"potentialAction\":[{\"@type\":\"ReadAction\",\"target\":[\"https:\/\/loiseauvert.fr\/produit\/solarisation-n27-passage-vers-un-espace-interieur-renouvele\/\"]}]},{\"@type\":\"ImageObject\",\"inLanguage\":\"en-GB\",\"@id\":\"https:\/\/loiseauvert.fr\/produit\/solarisation-n27-passage-vers-un-espace-interieur-renouvele\/#primaryimage\",\"url\":\"https:\/\/loiseauvert.fr\/wp-content\/uploads\/2023\/05\/oiseau-vert-solarisation-imu-27-jpg.webp\",\"contentUrl\":\"https:\/\/loiseauvert.fr\/wp-content\/uploads\/2023\/05\/oiseau-vert-solarisation-imu-27-jpg.webp\",\"width\":1000,\"height\":1000},{\"@type\":\"BreadcrumbList\",\"@id\":\"https:\/\/loiseauvert.fr\/produit\/solarisation-n27-passage-vers-un-espace-interieur-renouvele\/#breadcrumb\",\"itemListElement\":[{\"@type\":\"ListItem\",\"position\":1,\"name\":\"Accueil\",\"item\":\"https:\/\/loiseauvert.fr\/\"},{\"@type\":\"ListItem\",\"position\":2,\"name\":\"Les Sp\u00e9cifiques\",\"item\":\"https:\/\/loiseauvert.fr\/categorie-produit\/les-specifiques\/\"},{\"@type\":\"ListItem\",\"position\":3,\"name\":\"Imu\"}]},{\"@type\":\"WebSite\",\"@id\":\"https:\/\/loiseauvert.fr\/#website\",\"url\":\"https:\/\/loiseauvert.fr\/\",\"name\":\"L&#039;Oiseau Vert\",\"description\":\"\",\"potentialAction\":[{\"@type\":\"SearchAction\",\"target\":{\"@type\":\"EntryPoint\",\"urlTemplate\":\"https:\/\/loiseauvert.fr\/?s={search_term_string}\"},\"query-input\":{\"@type\":\"PropertyValueSpecification\",\"valueRequired\":true,\"valueName\":\"search_term_string\"}}],\"inLanguage\":\"en-GB\"}]}<\/script>\n<!-- \/ Yoast SEO plugin. -->","yoast_head_json":{"title":"Imu - L&#039;Green Bird","description":"Solarisation n\u00b027 \u2013 Renouveau int\u00e9rieur et lib\u00e9ration des sch\u00e9mas limitants. Favorise confiance, stabilit\u00e9 \u00e9motionnelle et force personnelle.","robots":{"index":"index","follow":"follow","max-snippet":"max-snippet:-1","max-image-preview":"max-image-preview:large","max-video-preview":"max-video-preview:-1"},"canonical":"https:\/\/loiseauvert.fr\/en\/product\/solarisation-n27-passage-vers-un-espace-interieur-renouvele\/","og_locale":"en_GB","og_type":"article","og_title":"Imu - L&#039;Oiseau Vert","og_description":"Solarisation n\u00b027 \u2013 Renouveau int\u00e9rieur et lib\u00e9ration des sch\u00e9mas limitants. Favorise confiance, stabilit\u00e9 \u00e9motionnelle et force personnelle.","og_url":"https:\/\/loiseauvert.fr\/en\/product\/solarisation-n27-passage-vers-un-espace-interieur-renouvele\/","og_site_name":"L&#039;Oiseau Vert","article_modified_time":"2026-04-17T06:40:36+00:00","og_image":[{"width":1000,"height":1000,"url":"https:\/\/loiseauvert.fr\/wp-content\/uploads\/2023\/05\/oiseau-vert-solarisation-imu-27-jpg.webp","type":"image\/jpeg"}],"twitter_card":"summary_large_image","twitter_misc":{"Estimated reading time":"1 minute"},"schema":{"@context":"https:\/\/schema.org","@graph":[{"@type":"WebPage","@id":"https:\/\/loiseauvert.fr\/produit\/solarisation-n27-passage-vers-un-espace-interieur-renouvele\/","url":"https:\/\/loiseauvert.fr\/produit\/solarisation-n27-passage-vers-un-espace-interieur-renouvele\/","name":"Imu - L&#039;Green Bird","isPartOf":{"@id":"https:\/\/loiseauvert.fr\/#website"},"primaryImageOfPage":{"@id":"https:\/\/loiseauvert.fr\/produit\/solarisation-n27-passage-vers-un-espace-interieur-renouvele\/#primaryimage"},"image":{"@id":"https:\/\/loiseauvert.fr\/produit\/solarisation-n27-passage-vers-un-espace-interieur-renouvele\/#primaryimage"},"thumbnailUrl":"https:\/\/loiseauvert.fr\/wp-content\/uploads\/2023\/05\/oiseau-vert-solarisation-imu-27-jpg.webp","datePublished":"2023-05-19T13:07:13+00:00","dateModified":"2026-04-17T06:40:36+00:00","description":"Solarisation n\u00b027 \u2013 Renouveau int\u00e9rieur et lib\u00e9ration des sch\u00e9mas limitants. Favorise confiance, stabilit\u00e9 \u00e9motionnelle et force personnelle.","breadcrumb":{"@id":"https:\/\/loiseauvert.fr\/produit\/solarisation-n27-passage-vers-un-espace-interieur-renouvele\/#breadcrumb"},"inLanguage":"en-GB","potentialAction":[{"@type":"ReadAction","target":["https:\/\/loiseauvert.fr\/produit\/solarisation-n27-passage-vers-un-espace-interieur-renouvele\/"]}]},{"@type":"ImageObject","inLanguage":"en-GB","@id":"https:\/\/loiseauvert.fr\/produit\/solarisation-n27-passage-vers-un-espace-interieur-renouvele\/#primaryimage","url":"https:\/\/loiseauvert.fr\/wp-content\/uploads\/2023\/05\/oiseau-vert-solarisation-imu-27-jpg.webp","contentUrl":"https:\/\/loiseauvert.fr\/wp-content\/uploads\/2023\/05\/oiseau-vert-solarisation-imu-27-jpg.webp","width":1000,"height":1000},{"@type":"BreadcrumbList","@id":"https:\/\/loiseauvert.fr\/produit\/solarisation-n27-passage-vers-un-espace-interieur-renouvele\/#breadcrumb","itemListElement":[{"@type":"ListItem","position":1,"name":"Accueil","item":"https:\/\/loiseauvert.fr\/"},{"@type":"ListItem","position":2,"name":"Les Sp\u00e9cifiques","item":"https:\/\/loiseauvert.fr\/categorie-produit\/les-specifiques\/"},{"@type":"ListItem","position":3,"name":"Imu"}]},{"@type":"WebSite","@id":"https:\/\/loiseauvert.fr\/#website","url":"https:\/\/loiseauvert.fr\/","name":"The Green Bird","description":"","potentialAction":[{"@type":"SearchAction","target":{"@type":"EntryPoint","urlTemplate":"https:\/\/loiseauvert.fr\/?s={search_term_string}"},"query-input":{"@type":"PropertyValueSpecification","valueRequired":true,"valueName":"search_term_string"}}],"inLanguage":"en-GB"}]}},"batches":[{"id":"29","date_created":"2025-05-22 11:01:52","date_expiry":"2027-04-01 00:00:00","user_id":"8","batch_number":"27.25.060","location":"","quantity":"61.0000","quantity_available":"0.0000","units":"1","status":"archived","order_ids":"[14401,10401,14486,14490,13883,14128,14573,14605,14631,14640,14694,14700,14716,14766,14790,14966,15090,15100,15109,15144,15170,15177,15201,15223,15234,15243,15267,15344,15303,15383,15448,15454,15533,15815,15867,15871,15901,15922,15996,16042,16045,16196,16113,16337,16417]"},{"id":"131","date_created":"2025-10-31 17:08:30","date_expiry":"2027-11-01 00:00:00","user_id":"0","batch_number":"27.25.061","location":"","quantity":"75.0000","quantity_available":"4.0000","units":"1","status":"active","order_ids":"[16551,16602,16638,16671,16688,16689,16696,16714,16723,16730,16787,16822,16843,16853,16895,16920,16942,16944,16947,16985,17156,17200,17213,17224,17247,17259,17291,17418,17465,17536,17591,17753,17909,17919,18023,18024,18096,18098,18165,18272,18417,18454,18579,18667,18753,18770,18842,18843,18602,18921,18944,18985,19033,19062]"},{"id":"198","date_created":"2026-04-15 10:09:51","date_expiry":"2028-04-01 00:00:00","user_id":"0","batch_number":"27.26.061","location":"","quantity":"69.0000","quantity_available":"69.0000","units":"1","status":"active","order_ids":null}],"_links":{"self":[{"href":"https:\/\/loiseauvert.fr\/en\/wp-json\/wp\/v2\/product\/1134","targetHints":{"allow":["GET"]}}],"collection":[{"href":"https:\/\/loiseauvert.fr\/en\/wp-json\/wp\/v2\/product"}],"about":[{"href":"https:\/\/loiseauvert.fr\/en\/wp-json\/wp\/v2\/types\/product"}],"wp:featuredmedia":[{"embeddable":true,"href":"https:\/\/loiseauvert.fr\/en\/wp-json\/wp\/v2\/media\/1136"}],"wp:attachment":[{"href":"https:\/\/loiseauvert.fr\/en\/wp-json\/wp\/v2\/media?parent=1134"}],"wp:term":[{"taxonomy":"product_brand","embeddable":true,"href":"https:\/\/loiseauvert.fr\/en\/wp-json\/wp\/v2\/product_brand?post=1134"},{"taxonomy":"product_cat","embeddable":true,"href":"https:\/\/loiseauvert.fr\/en\/wp-json\/wp\/v2\/product_cat?post=1134"},{"taxonomy":"product_tag","embeddable":true,"href":"https:\/\/loiseauvert.fr\/en\/wp-json\/wp\/v2\/product_tag?post=1134"}],"curies":[{"name":"wp","href":"https:\/\/api.w.org\/{rel}","templated":true}]}}