{"id":1084,"date":"2023-05-19T15:05:56","date_gmt":"2023-05-19T13:05:56","guid":{"rendered":"https:\/\/loiseauvert.fr\/?post_type=product&#038;p=1084"},"modified":"2026-03-31T20:46:20","modified_gmt":"2026-03-31T18:46:20","slug":"solarisation-n41-ouverture-a-la-transformation-et-confiance","status":"publish","type":"product","link":"https:\/\/loiseauvert.fr\/en\/product\/solarisation-n41-ouverture-a-la-transformation-et-confiance\/","title":{"rendered":"Heliconia"},"content":{"rendered":"<h3>Solarization No. 41<\/h3>\n<p><strong>\u00ab\u00a0J\u2019ouvre mon esprit au changement, avec confiance\u00a0\u00bb<\/strong><\/p>\n<ul>\n<li>\n<p data-start=\"219\" data-end=\"582\">Soutient l\u2019accueil de soi dans sa sensibilit\u00e9 et encourage l\u2019expression authentique de ses ressentis.<\/p>\n<\/li>\n<li>\n<p data-start=\"219\" data-end=\"582\">Accompagne le processus de d\u00e9tachement \u00e9motionnel en douceur, favorisant plus d\u2019autonomie et de bienveillance envers soi-m\u00eame.<\/p>\n<\/li>\n<li>\n<p data-start=\"219\" data-end=\"582\">Invite \u00e0 rel\u00e2cher les charges \u00e9motionnelles inutiles pour avancer avec plus de clart\u00e9 et de l\u00e9g\u00e8ret\u00e9.<\/p>\n<\/li>\n<\/ul>","protected":false},"excerpt":{"rendered":"<p><strong data-start=\"136\" data-end=\"188\">Discernement &amp; Clart\u00e9 int\u00e9rieure\u00a0<\/strong><\/p>\n<p data-start=\"190\" data-end=\"490\">Accompagne les processus de prise de conscience et d\u2019\u00e9volution personnelle.<br data-start=\"284\" data-end=\"287\" \/>Favorise un sentiment de s\u00e9curit\u00e9 int\u00e9rieure propice \u00e0 l\u2019ouverture d\u2019esprit, au recul, et \u00e0 une meilleure clart\u00e9 face \u00e0 ses sch\u00e9mas de pens\u00e9e.<br data-start=\"434\" data-end=\"437\" \/>Une invitation \u00e0 avancer avec lucidit\u00e9 et alignement.<\/p>","protected":false},"featured_media":1089,"template":"","meta":{"_acf_changed":false,"_glsr_average":0,"_glsr_ranking":0,"_glsr_reviews":0},"product_brand":[],"product_cat":[60],"product_tag":[],"class_list":{"0":"post-1084","1":"product","2":"type-product","3":"status-publish","4":"has-post-thumbnail","6":"product_cat-les-specifiques","8":"first","9":"instock","10":"taxable","11":"shipping-taxable","12":"purchasable","13":"product-type-simple"},"supplier_id":null,"supplier_sku":"","barcode":null,"atum_controlled":true,"out_stock_date":null,"out_stock_threshold":null,"inheritable":false,"inbound_stock":null,"stock_on_hold":0,"sold_today":0,"sales_last_days":0,"reserved_stock":null,"customer_returns":null,"warehouse_damage":null,"lost_in_post":null,"other_logs":null,"out_stock_days":0,"lost_sales":0,"has_location":false,"update_date":"2026-04-17T10:17:34","atum_locations":[],"atum_stock_status":"instock","restock_status":false,"low_stock_amount":"","sales_update_date":"2026-04-17T10:17:34","calc_backorders":null,"acf":[],"yoast_head":"<!-- This site is optimized with the Yoast SEO plugin v26.9 - https:\/\/yoast.com\/product\/yoast-seo-wordpress\/ -->\n<title>H\u00e9liconia - L&#039;Oiseau Vert<\/title>\n<meta name=\"description\" content=\"Solarisation n\u00b041 \u2013 Ouvrez votre esprit au changement avec confiance. Favorise d\u00e9tachement \u00e9motionnel, autonomie et expression authentique.\" \/>\n<meta name=\"robots\" content=\"index, follow, max-snippet:-1, max-image-preview:large, max-video-preview:-1\" \/>\n<link rel=\"canonical\" href=\"https:\/\/loiseauvert.fr\/en\/product\/solarisation-n41-ouverture-a-la-transformation-et-confiance\/\" \/>\n<meta property=\"og:locale\" content=\"en_GB\" \/>\n<meta property=\"og:type\" content=\"article\" \/>\n<meta property=\"og:title\" content=\"H\u00e9liconia - L&#039;Oiseau Vert\" \/>\n<meta property=\"og:description\" content=\"Solarisation n\u00b041 \u2013 Ouvrez votre esprit au changement avec confiance. Favorise d\u00e9tachement \u00e9motionnel, autonomie et expression authentique.\" \/>\n<meta property=\"og:url\" content=\"https:\/\/loiseauvert.fr\/en\/product\/solarisation-n41-ouverture-a-la-transformation-et-confiance\/\" \/>\n<meta property=\"og:site_name\" content=\"L&#039;Oiseau Vert\" \/>\n<meta property=\"article:modified_time\" content=\"2026-03-31T18:46:20+00:00\" \/>\n<meta property=\"og:image\" content=\"https:\/\/loiseauvert.fr\/wp-content\/uploads\/2023\/05\/oiseau-vert-solarisation-heliconia-41-jpg.webp\" \/>\n\t<meta property=\"og:image:width\" content=\"1000\" \/>\n\t<meta property=\"og:image:height\" content=\"1000\" \/>\n\t<meta property=\"og:image:type\" content=\"image\/jpeg\" \/>\n<meta name=\"twitter:card\" content=\"summary_large_image\" \/>\n<meta name=\"twitter:label1\" content=\"Estimated reading time\" \/>\n\t<meta name=\"twitter:data1\" content=\"1 minute\" \/>\n<script type=\"application\/ld+json\" class=\"yoast-schema-graph\">{\"@context\":\"https:\/\/schema.org\",\"@graph\":[{\"@type\":\"WebPage\",\"@id\":\"https:\/\/loiseauvert.fr\/produit\/solarisation-n41-ouverture-a-la-transformation-et-confiance\/\",\"url\":\"https:\/\/loiseauvert.fr\/produit\/solarisation-n41-ouverture-a-la-transformation-et-confiance\/\",\"name\":\"H\u00e9liconia - L&#039;Oiseau Vert\",\"isPartOf\":{\"@id\":\"https:\/\/loiseauvert.fr\/#website\"},\"primaryImageOfPage\":{\"@id\":\"https:\/\/loiseauvert.fr\/produit\/solarisation-n41-ouverture-a-la-transformation-et-confiance\/#primaryimage\"},\"image\":{\"@id\":\"https:\/\/loiseauvert.fr\/produit\/solarisation-n41-ouverture-a-la-transformation-et-confiance\/#primaryimage\"},\"thumbnailUrl\":\"https:\/\/loiseauvert.fr\/wp-content\/uploads\/2023\/05\/oiseau-vert-solarisation-heliconia-41-jpg.webp\",\"datePublished\":\"2023-05-19T13:05:56+00:00\",\"dateModified\":\"2026-03-31T18:46:20+00:00\",\"description\":\"Solarisation n\u00b041 \u2013 Ouvrez votre esprit au changement avec confiance. Favorise d\u00e9tachement \u00e9motionnel, autonomie et expression authentique.\",\"breadcrumb\":{\"@id\":\"https:\/\/loiseauvert.fr\/produit\/solarisation-n41-ouverture-a-la-transformation-et-confiance\/#breadcrumb\"},\"inLanguage\":\"en-GB\",\"potentialAction\":[{\"@type\":\"ReadAction\",\"target\":[\"https:\/\/loiseauvert.fr\/produit\/solarisation-n41-ouverture-a-la-transformation-et-confiance\/\"]}]},{\"@type\":\"ImageObject\",\"inLanguage\":\"en-GB\",\"@id\":\"https:\/\/loiseauvert.fr\/produit\/solarisation-n41-ouverture-a-la-transformation-et-confiance\/#primaryimage\",\"url\":\"https:\/\/loiseauvert.fr\/wp-content\/uploads\/2023\/05\/oiseau-vert-solarisation-heliconia-41-jpg.webp\",\"contentUrl\":\"https:\/\/loiseauvert.fr\/wp-content\/uploads\/2023\/05\/oiseau-vert-solarisation-heliconia-41-jpg.webp\",\"width\":1000,\"height\":1000},{\"@type\":\"BreadcrumbList\",\"@id\":\"https:\/\/loiseauvert.fr\/produit\/solarisation-n41-ouverture-a-la-transformation-et-confiance\/#breadcrumb\",\"itemListElement\":[{\"@type\":\"ListItem\",\"position\":1,\"name\":\"Accueil\",\"item\":\"https:\/\/loiseauvert.fr\/\"},{\"@type\":\"ListItem\",\"position\":2,\"name\":\"Les Sp\u00e9cifiques\",\"item\":\"https:\/\/loiseauvert.fr\/categorie-produit\/les-specifiques\/\"},{\"@type\":\"ListItem\",\"position\":3,\"name\":\"H\u00e9liconia\"}]},{\"@type\":\"WebSite\",\"@id\":\"https:\/\/loiseauvert.fr\/#website\",\"url\":\"https:\/\/loiseauvert.fr\/\",\"name\":\"L&#039;Oiseau Vert\",\"description\":\"\",\"potentialAction\":[{\"@type\":\"SearchAction\",\"target\":{\"@type\":\"EntryPoint\",\"urlTemplate\":\"https:\/\/loiseauvert.fr\/?s={search_term_string}\"},\"query-input\":{\"@type\":\"PropertyValueSpecification\",\"valueRequired\":true,\"valueName\":\"search_term_string\"}}],\"inLanguage\":\"en-GB\"}]}<\/script>\n<!-- \/ Yoast SEO plugin. -->","yoast_head_json":{"title":"Heliconia - L&#039;Green Bird","description":"Solarisation n\u00b041 \u2013 Ouvrez votre esprit au changement avec confiance. Favorise d\u00e9tachement \u00e9motionnel, autonomie et expression authentique.","robots":{"index":"index","follow":"follow","max-snippet":"max-snippet:-1","max-image-preview":"max-image-preview:large","max-video-preview":"max-video-preview:-1"},"canonical":"https:\/\/loiseauvert.fr\/en\/product\/solarisation-n41-ouverture-a-la-transformation-et-confiance\/","og_locale":"en_GB","og_type":"article","og_title":"H\u00e9liconia - L&#039;Oiseau Vert","og_description":"Solarisation n\u00b041 \u2013 Ouvrez votre esprit au changement avec confiance. Favorise d\u00e9tachement \u00e9motionnel, autonomie et expression authentique.","og_url":"https:\/\/loiseauvert.fr\/en\/product\/solarisation-n41-ouverture-a-la-transformation-et-confiance\/","og_site_name":"L&#039;Oiseau Vert","article_modified_time":"2026-03-31T18:46:20+00:00","og_image":[{"width":1000,"height":1000,"url":"https:\/\/loiseauvert.fr\/wp-content\/uploads\/2023\/05\/oiseau-vert-solarisation-heliconia-41-jpg.webp","type":"image\/jpeg"}],"twitter_card":"summary_large_image","twitter_misc":{"Estimated reading time":"1 minute"},"schema":{"@context":"https:\/\/schema.org","@graph":[{"@type":"WebPage","@id":"https:\/\/loiseauvert.fr\/produit\/solarisation-n41-ouverture-a-la-transformation-et-confiance\/","url":"https:\/\/loiseauvert.fr\/produit\/solarisation-n41-ouverture-a-la-transformation-et-confiance\/","name":"Heliconia - L&#039;Green Bird","isPartOf":{"@id":"https:\/\/loiseauvert.fr\/#website"},"primaryImageOfPage":{"@id":"https:\/\/loiseauvert.fr\/produit\/solarisation-n41-ouverture-a-la-transformation-et-confiance\/#primaryimage"},"image":{"@id":"https:\/\/loiseauvert.fr\/produit\/solarisation-n41-ouverture-a-la-transformation-et-confiance\/#primaryimage"},"thumbnailUrl":"https:\/\/loiseauvert.fr\/wp-content\/uploads\/2023\/05\/oiseau-vert-solarisation-heliconia-41-jpg.webp","datePublished":"2023-05-19T13:05:56+00:00","dateModified":"2026-03-31T18:46:20+00:00","description":"Solarisation n\u00b041 \u2013 Ouvrez votre esprit au changement avec confiance. Favorise d\u00e9tachement \u00e9motionnel, autonomie et expression authentique.","breadcrumb":{"@id":"https:\/\/loiseauvert.fr\/produit\/solarisation-n41-ouverture-a-la-transformation-et-confiance\/#breadcrumb"},"inLanguage":"en-GB","potentialAction":[{"@type":"ReadAction","target":["https:\/\/loiseauvert.fr\/produit\/solarisation-n41-ouverture-a-la-transformation-et-confiance\/"]}]},{"@type":"ImageObject","inLanguage":"en-GB","@id":"https:\/\/loiseauvert.fr\/produit\/solarisation-n41-ouverture-a-la-transformation-et-confiance\/#primaryimage","url":"https:\/\/loiseauvert.fr\/wp-content\/uploads\/2023\/05\/oiseau-vert-solarisation-heliconia-41-jpg.webp","contentUrl":"https:\/\/loiseauvert.fr\/wp-content\/uploads\/2023\/05\/oiseau-vert-solarisation-heliconia-41-jpg.webp","width":1000,"height":1000},{"@type":"BreadcrumbList","@id":"https:\/\/loiseauvert.fr\/produit\/solarisation-n41-ouverture-a-la-transformation-et-confiance\/#breadcrumb","itemListElement":[{"@type":"ListItem","position":1,"name":"Accueil","item":"https:\/\/loiseauvert.fr\/"},{"@type":"ListItem","position":2,"name":"Les Sp\u00e9cifiques","item":"https:\/\/loiseauvert.fr\/categorie-produit\/les-specifiques\/"},{"@type":"ListItem","position":3,"name":"H\u00e9liconia"}]},{"@type":"WebSite","@id":"https:\/\/loiseauvert.fr\/#website","url":"https:\/\/loiseauvert.fr\/","name":"The Green Bird","description":"","potentialAction":[{"@type":"SearchAction","target":{"@type":"EntryPoint","urlTemplate":"https:\/\/loiseauvert.fr\/?s={search_term_string}"},"query-input":{"@type":"PropertyValueSpecification","valueRequired":true,"valueName":"search_term_string"}}],"inLanguage":"en-GB"}]}},"batches":[{"id":"42","date_created":"2025-05-22 11:39:15","date_expiry":"2026-11-01 00:00:00","user_id":"8","batch_number":"41.24.035","location":"","quantity":"26.0000","quantity_available":"0.0000","units":"1","status":"archived","order_ids":"[14416,14433,14472,13864,14559,14576,14617,14711,14742,14764,14773,14804,15151,15161,15237,15369,15426,15488,15654,15674]"},{"id":"100","date_created":"2025-08-27 14:24:04","date_expiry":"2027-07-01 00:00:00","user_id":"8","batch_number":"41.25.036","location":"","quantity":"71.0000","quantity_available":"28.0000","units":"1","status":"active","order_ids":"[15693,15839,15934,14121,15966,16041,16047,16111,16112,16181,16250,16251,16289,16413,16652,16707,16759,16789,16827,17017,17115,17135,17292,17504,17510,17539,17540,17581,17848,17855,18003,18019,18579,18592,18706,18834,18602]"}],"_links":{"self":[{"href":"https:\/\/loiseauvert.fr\/en\/wp-json\/wp\/v2\/product\/1084","targetHints":{"allow":["GET"]}}],"collection":[{"href":"https:\/\/loiseauvert.fr\/en\/wp-json\/wp\/v2\/product"}],"about":[{"href":"https:\/\/loiseauvert.fr\/en\/wp-json\/wp\/v2\/types\/product"}],"wp:featuredmedia":[{"embeddable":true,"href":"https:\/\/loiseauvert.fr\/en\/wp-json\/wp\/v2\/media\/1089"}],"wp:attachment":[{"href":"https:\/\/loiseauvert.fr\/en\/wp-json\/wp\/v2\/media?parent=1084"}],"wp:term":[{"taxonomy":"product_brand","embeddable":true,"href":"https:\/\/loiseauvert.fr\/en\/wp-json\/wp\/v2\/product_brand?post=1084"},{"taxonomy":"product_cat","embeddable":true,"href":"https:\/\/loiseauvert.fr\/en\/wp-json\/wp\/v2\/product_cat?post=1084"},{"taxonomy":"product_tag","embeddable":true,"href":"https:\/\/loiseauvert.fr\/en\/wp-json\/wp\/v2\/product_tag?post=1084"}],"curies":[{"name":"wp","href":"https:\/\/api.w.org\/{rel}","templated":true}]}}