{"id":1083,"date":"2023-05-19T15:05:55","date_gmt":"2023-05-19T13:05:55","guid":{"rendered":"https:\/\/loiseauvert.fr\/?post_type=product&#038;p=1083"},"modified":"2026-02-15T09:08:19","modified_gmt":"2026-02-15T08:08:19","slug":"coffret-decouverte-les-7-ti-zelia","status":"publish","type":"product","link":"https:\/\/loiseauvert.fr\/en\/product\/coffret-decouverte-les-7-ti-zelia\/","title":{"rendered":"Complete range of 7 Ti Z\u00e9lia"},"content":{"rendered":"<h3 data-start=\"114\" data-end=\"159\"><strong data-start=\"118\" data-end=\"157\">Coffret D\u00e9couverte \u2013 Les 7 Ti Z\u00e9lia<\/strong><\/h3>\n<p data-start=\"160\" data-end=\"213\"><strong data-start=\"160\" data-end=\"213\">+ de 20 % de remise imm\u00e9diate &amp; livraison offerte<\/strong><\/p>\n<p data-start=\"215\" data-end=\"482\">Profitez de l\u2019ensemble des 7 Ti Z\u00e9lia dans une offre exclusive.<br data-start=\"278\" data-end=\"281\" \/>Con\u00e7ue pour une utilisation simple, rapide et quotidienne, cette synergie accompagne l\u2019harmonisation globale du syst\u00e8me \u00e9nerg\u00e9tique, notamment le syst\u00e8me glandulaire et les centres d\u2019\u00e9nergie (chakras).<\/p>","protected":false},"excerpt":{"rendered":"<p>Coffret D\u00e9couverte \u2013 Les 7 Ti Z\u00e9lia + de 20 % de remise imm\u00e9diate &amp; livraison offerte Profitez de l\u2019ensemble des 7 Ti Z\u00e9lia dans une offre exclusive.Con\u00e7ue pour une utilisation simple, rapide et quotidienne, cette synergie accompagne l\u2019harmonisation globale du syst\u00e8me \u00e9nerg\u00e9tique, notamment le syst\u00e8me glandulaire et les centres d\u2019\u00e9nergie (chakras).<\/p>","protected":false},"featured_media":1041,"template":"","meta":{"_acf_changed":false,"_glsr_average":0,"_glsr_ranking":0,"_glsr_reviews":0},"product_brand":[],"product_cat":[61],"product_tag":[],"class_list":{"0":"post-1083","1":"product","2":"type-product","3":"status-publish","4":"has-post-thumbnail","6":"product_cat-coffrets","8":"first","9":"instock","10":"taxable","11":"shipping-taxable","12":"purchasable","13":"product-type-simple"},"supplier_id":null,"supplier_sku":"","barcode":null,"atum_controlled":true,"out_stock_date":null,"out_stock_threshold":null,"inheritable":false,"inbound_stock":null,"stock_on_hold":0,"sold_today":0,"sales_last_days":0,"reserved_stock":null,"customer_returns":null,"warehouse_damage":null,"lost_in_post":null,"other_logs":null,"out_stock_days":0,"lost_sales":0,"has_location":false,"update_date":"2026-04-06T10:18:21","atum_locations":[],"atum_stock_status":"instock","restock_status":false,"low_stock_amount":"","sales_update_date":"2026-04-06T10:18:21","calc_backorders":null,"acf":[],"yoast_head":"<!-- This site is optimized with the Yoast SEO plugin v26.9 - https:\/\/yoast.com\/product\/yoast-seo-wordpress\/ -->\n<title>Gamme compl\u00e8te des 7 Ti Z\u00e9lia - L&#039;Oiseau Vert<\/title>\n<meta name=\"description\" content=\"Coffret D\u00e9couverte \u2013 Les 7 Ti Z\u00e9lia : harmonisation \u00e9nerg\u00e9tique quotidienne. Remise exclusive, livraison offerte et synergie pour bien-\u00eatre global.\" \/>\n<meta name=\"robots\" content=\"index, follow, max-snippet:-1, max-image-preview:large, max-video-preview:-1\" \/>\n<link rel=\"canonical\" href=\"https:\/\/loiseauvert.fr\/en\/product\/coffret-decouverte-les-7-ti-zelia\/\" \/>\n<meta property=\"og:locale\" content=\"en_GB\" \/>\n<meta property=\"og:type\" content=\"article\" \/>\n<meta property=\"og:title\" content=\"Gamme compl\u00e8te des 7 Ti Z\u00e9lia - L&#039;Oiseau Vert\" \/>\n<meta property=\"og:description\" content=\"Coffret D\u00e9couverte \u2013 Les 7 Ti Z\u00e9lia : harmonisation \u00e9nerg\u00e9tique quotidienne. Remise exclusive, livraison offerte et synergie pour bien-\u00eatre global.\" \/>\n<meta property=\"og:url\" content=\"https:\/\/loiseauvert.fr\/en\/product\/coffret-decouverte-les-7-ti-zelia\/\" \/>\n<meta property=\"og:site_name\" content=\"L&#039;Oiseau Vert\" \/>\n<meta property=\"article:modified_time\" content=\"2026-02-15T08:08:19+00:00\" \/>\n<meta property=\"og:image\" content=\"https:\/\/loiseauvert.fr\/wp-content\/uploads\/2023\/05\/coffret-oiseau-vert-solarisations-ti-zelia-ferme-jpg.webp\" \/>\n\t<meta property=\"og:image:width\" content=\"1000\" \/>\n\t<meta property=\"og:image:height\" content=\"1000\" \/>\n\t<meta property=\"og:image:type\" content=\"image\/jpeg\" \/>\n<meta name=\"twitter:card\" content=\"summary_large_image\" \/>\n<meta name=\"twitter:label1\" content=\"Estimated reading time\" \/>\n\t<meta name=\"twitter:data1\" content=\"1 minute\" \/>\n<script type=\"application\/ld+json\" class=\"yoast-schema-graph\">{\"@context\":\"https:\/\/schema.org\",\"@graph\":[{\"@type\":\"WebPage\",\"@id\":\"https:\/\/loiseauvert.fr\/produit\/coffret-decouverte-les-7-ti-zelia\/\",\"url\":\"https:\/\/loiseauvert.fr\/produit\/coffret-decouverte-les-7-ti-zelia\/\",\"name\":\"Gamme compl\u00e8te des 7 Ti Z\u00e9lia - L&#039;Oiseau Vert\",\"isPartOf\":{\"@id\":\"https:\/\/loiseauvert.fr\/#website\"},\"primaryImageOfPage\":{\"@id\":\"https:\/\/loiseauvert.fr\/produit\/coffret-decouverte-les-7-ti-zelia\/#primaryimage\"},\"image\":{\"@id\":\"https:\/\/loiseauvert.fr\/produit\/coffret-decouverte-les-7-ti-zelia\/#primaryimage\"},\"thumbnailUrl\":\"https:\/\/loiseauvert.fr\/wp-content\/uploads\/2023\/05\/coffret-oiseau-vert-solarisations-ti-zelia-ferme-jpg.webp\",\"datePublished\":\"2023-05-19T13:05:55+00:00\",\"dateModified\":\"2026-02-15T08:08:19+00:00\",\"description\":\"Coffret D\u00e9couverte \u2013 Les 7 Ti Z\u00e9lia : harmonisation \u00e9nerg\u00e9tique quotidienne. Remise exclusive, livraison offerte et synergie pour bien-\u00eatre global.\",\"breadcrumb\":{\"@id\":\"https:\/\/loiseauvert.fr\/produit\/coffret-decouverte-les-7-ti-zelia\/#breadcrumb\"},\"inLanguage\":\"en-GB\",\"potentialAction\":[{\"@type\":\"ReadAction\",\"target\":[\"https:\/\/loiseauvert.fr\/produit\/coffret-decouverte-les-7-ti-zelia\/\"]}]},{\"@type\":\"ImageObject\",\"inLanguage\":\"en-GB\",\"@id\":\"https:\/\/loiseauvert.fr\/produit\/coffret-decouverte-les-7-ti-zelia\/#primaryimage\",\"url\":\"https:\/\/loiseauvert.fr\/wp-content\/uploads\/2023\/05\/coffret-oiseau-vert-solarisations-ti-zelia-ferme-jpg.webp\",\"contentUrl\":\"https:\/\/loiseauvert.fr\/wp-content\/uploads\/2023\/05\/coffret-oiseau-vert-solarisations-ti-zelia-ferme-jpg.webp\",\"width\":1000,\"height\":1000},{\"@type\":\"BreadcrumbList\",\"@id\":\"https:\/\/loiseauvert.fr\/produit\/coffret-decouverte-les-7-ti-zelia\/#breadcrumb\",\"itemListElement\":[{\"@type\":\"ListItem\",\"position\":1,\"name\":\"Accueil\",\"item\":\"https:\/\/loiseauvert.fr\/\"},{\"@type\":\"ListItem\",\"position\":2,\"name\":\"Coffrets\",\"item\":\"https:\/\/loiseauvert.fr\/categorie-produit\/coffrets\/\"},{\"@type\":\"ListItem\",\"position\":3,\"name\":\"Gamme compl\u00e8te des 7 Ti Z\u00e9lia\"}]},{\"@type\":\"WebSite\",\"@id\":\"https:\/\/loiseauvert.fr\/#website\",\"url\":\"https:\/\/loiseauvert.fr\/\",\"name\":\"L&#039;Oiseau Vert\",\"description\":\"\",\"potentialAction\":[{\"@type\":\"SearchAction\",\"target\":{\"@type\":\"EntryPoint\",\"urlTemplate\":\"https:\/\/loiseauvert.fr\/?s={search_term_string}\"},\"query-input\":{\"@type\":\"PropertyValueSpecification\",\"valueRequired\":true,\"valueName\":\"search_term_string\"}}],\"inLanguage\":\"en-GB\"}]}<\/script>\n<!-- \/ Yoast SEO plugin. -->","yoast_head_json":{"title":"Complete range of 7 Ti Z\u00e9lia - L&#039;Oiseau Vert","description":"Coffret D\u00e9couverte \u2013 Les 7 Ti Z\u00e9lia : harmonisation \u00e9nerg\u00e9tique quotidienne. Remise exclusive, livraison offerte et synergie pour bien-\u00eatre global.","robots":{"index":"index","follow":"follow","max-snippet":"max-snippet:-1","max-image-preview":"max-image-preview:large","max-video-preview":"max-video-preview:-1"},"canonical":"https:\/\/loiseauvert.fr\/en\/product\/coffret-decouverte-les-7-ti-zelia\/","og_locale":"en_GB","og_type":"article","og_title":"Gamme compl\u00e8te des 7 Ti Z\u00e9lia - L&#039;Oiseau Vert","og_description":"Coffret D\u00e9couverte \u2013 Les 7 Ti Z\u00e9lia : harmonisation \u00e9nerg\u00e9tique quotidienne. Remise exclusive, livraison offerte et synergie pour bien-\u00eatre global.","og_url":"https:\/\/loiseauvert.fr\/en\/product\/coffret-decouverte-les-7-ti-zelia\/","og_site_name":"L&#039;Oiseau Vert","article_modified_time":"2026-02-15T08:08:19+00:00","og_image":[{"width":1000,"height":1000,"url":"https:\/\/loiseauvert.fr\/wp-content\/uploads\/2023\/05\/coffret-oiseau-vert-solarisations-ti-zelia-ferme-jpg.webp","type":"image\/jpeg"}],"twitter_card":"summary_large_image","twitter_misc":{"Estimated reading time":"1 minute"},"schema":{"@context":"https:\/\/schema.org","@graph":[{"@type":"WebPage","@id":"https:\/\/loiseauvert.fr\/produit\/coffret-decouverte-les-7-ti-zelia\/","url":"https:\/\/loiseauvert.fr\/produit\/coffret-decouverte-les-7-ti-zelia\/","name":"Complete range of 7 Ti Z\u00e9lia - L&#039;Oiseau Vert","isPartOf":{"@id":"https:\/\/loiseauvert.fr\/#website"},"primaryImageOfPage":{"@id":"https:\/\/loiseauvert.fr\/produit\/coffret-decouverte-les-7-ti-zelia\/#primaryimage"},"image":{"@id":"https:\/\/loiseauvert.fr\/produit\/coffret-decouverte-les-7-ti-zelia\/#primaryimage"},"thumbnailUrl":"https:\/\/loiseauvert.fr\/wp-content\/uploads\/2023\/05\/coffret-oiseau-vert-solarisations-ti-zelia-ferme-jpg.webp","datePublished":"2023-05-19T13:05:55+00:00","dateModified":"2026-02-15T08:08:19+00:00","description":"Coffret D\u00e9couverte \u2013 Les 7 Ti Z\u00e9lia : harmonisation \u00e9nerg\u00e9tique quotidienne. Remise exclusive, livraison offerte et synergie pour bien-\u00eatre global.","breadcrumb":{"@id":"https:\/\/loiseauvert.fr\/produit\/coffret-decouverte-les-7-ti-zelia\/#breadcrumb"},"inLanguage":"en-GB","potentialAction":[{"@type":"ReadAction","target":["https:\/\/loiseauvert.fr\/produit\/coffret-decouverte-les-7-ti-zelia\/"]}]},{"@type":"ImageObject","inLanguage":"en-GB","@id":"https:\/\/loiseauvert.fr\/produit\/coffret-decouverte-les-7-ti-zelia\/#primaryimage","url":"https:\/\/loiseauvert.fr\/wp-content\/uploads\/2023\/05\/coffret-oiseau-vert-solarisations-ti-zelia-ferme-jpg.webp","contentUrl":"https:\/\/loiseauvert.fr\/wp-content\/uploads\/2023\/05\/coffret-oiseau-vert-solarisations-ti-zelia-ferme-jpg.webp","width":1000,"height":1000},{"@type":"BreadcrumbList","@id":"https:\/\/loiseauvert.fr\/produit\/coffret-decouverte-les-7-ti-zelia\/#breadcrumb","itemListElement":[{"@type":"ListItem","position":1,"name":"Accueil","item":"https:\/\/loiseauvert.fr\/"},{"@type":"ListItem","position":2,"name":"Coffrets","item":"https:\/\/loiseauvert.fr\/categorie-produit\/coffrets\/"},{"@type":"ListItem","position":3,"name":"Gamme compl\u00e8te des 7 Ti Z\u00e9lia"}]},{"@type":"WebSite","@id":"https:\/\/loiseauvert.fr\/#website","url":"https:\/\/loiseauvert.fr\/","name":"The Green Bird","description":"","potentialAction":[{"@type":"SearchAction","target":{"@type":"EntryPoint","urlTemplate":"https:\/\/loiseauvert.fr\/?s={search_term_string}"},"query-input":{"@type":"PropertyValueSpecification","valueRequired":true,"valueName":"search_term_string"}}],"inLanguage":"en-GB"}]}},"batches":[],"_links":{"self":[{"href":"https:\/\/loiseauvert.fr\/en\/wp-json\/wp\/v2\/product\/1083","targetHints":{"allow":["GET"]}}],"collection":[{"href":"https:\/\/loiseauvert.fr\/en\/wp-json\/wp\/v2\/product"}],"about":[{"href":"https:\/\/loiseauvert.fr\/en\/wp-json\/wp\/v2\/types\/product"}],"wp:featuredmedia":[{"embeddable":true,"href":"https:\/\/loiseauvert.fr\/en\/wp-json\/wp\/v2\/media\/1041"}],"wp:attachment":[{"href":"https:\/\/loiseauvert.fr\/en\/wp-json\/wp\/v2\/media?parent=1083"}],"wp:term":[{"taxonomy":"product_brand","embeddable":true,"href":"https:\/\/loiseauvert.fr\/en\/wp-json\/wp\/v2\/product_brand?post=1083"},{"taxonomy":"product_cat","embeddable":true,"href":"https:\/\/loiseauvert.fr\/en\/wp-json\/wp\/v2\/product_cat?post=1083"},{"taxonomy":"product_tag","embeddable":true,"href":"https:\/\/loiseauvert.fr\/en\/wp-json\/wp\/v2\/product_tag?post=1083"}],"curies":[{"name":"wp","href":"https:\/\/api.w.org\/{rel}","templated":true}]}}