{"id":290,"date":"2023-05-10T11:49:28","date_gmt":"2023-05-10T09:49:28","guid":{"rendered":"https:\/\/loiseauvert.fr\/?page_id=290"},"modified":"2023-06-06T17:29:33","modified_gmt":"2023-06-06T15:29:33","slug":"directory-therapists","status":"publish","type":"page","link":"https:\/\/loiseauvert.fr\/en\/directory-therapists\/","title":{"rendered":"Directory of therapists"},"content":{"rendered":"<p class=\"has-text-align-left\">This list is not exhaustive, do not hesitate to contact us at 05 61 75 85 34 <\/p>\n\n\n\n<p class=\"has-text-align-left\">for more information on therapists near you<\/p>","protected":false},"excerpt":{"rendered":"<p>This list is not exhaustive, do not hesitate to contact us on 05 61 75 85 34 for more information on therapists near you.<\/p>","protected":false},"author":1,"featured_media":0,"parent":0,"menu_order":0,"comment_status":"closed","ping_status":"closed","template":"model-annuaire-therapeutes.php","meta":{"_acf_changed":false,"_glsr_average":0,"_glsr_ranking":0,"_glsr_reviews":0,"footnotes":""},"class_list":["post-290","page","type-page","status-publish","hentry"],"acf":[],"yoast_head":"<!-- This site is optimized with the Yoast SEO plugin v26.9 - https:\/\/yoast.com\/product\/yoast-seo-wordpress\/ -->\n<title>Annuaire des th\u00e9rapeutes - L&#039;Oiseau Vert<\/title>\n<meta name=\"robots\" content=\"index, follow, max-snippet:-1, max-image-preview:large, max-video-preview:-1\" \/>\n<link rel=\"canonical\" href=\"https:\/\/loiseauvert.fr\/en\/directory-therapists\/\" \/>\n<meta property=\"og:locale\" content=\"en_GB\" \/>\n<meta property=\"og:type\" content=\"article\" \/>\n<meta property=\"og:title\" content=\"Annuaire des th\u00e9rapeutes - L&#039;Oiseau Vert\" \/>\n<meta property=\"og:description\" content=\"Cette liste n\u2019est pas exhaustive, n\u2019h\u00e9sitez pas \u00e0 nous contacter au 05 61 75 85 34 pour plus de renseignements sur des th\u00e9rapeutes proches de chez vous\" \/>\n<meta property=\"og:url\" content=\"https:\/\/loiseauvert.fr\/en\/directory-therapists\/\" \/>\n<meta property=\"og:site_name\" content=\"L&#039;Oiseau Vert\" \/>\n<meta property=\"article:modified_time\" content=\"2023-06-06T15:29:33+00:00\" \/>\n<meta name=\"twitter:card\" content=\"summary_large_image\" \/>\n<meta name=\"twitter:label1\" content=\"Estimated reading time\" \/>\n\t<meta name=\"twitter:data1\" content=\"1 minute\" \/>\n<script type=\"application\/ld+json\" class=\"yoast-schema-graph\">{\"@context\":\"https:\/\/schema.org\",\"@graph\":[{\"@type\":\"WebPage\",\"@id\":\"https:\/\/loiseauvert.fr\/annuaire-therapeutes\/\",\"url\":\"https:\/\/loiseauvert.fr\/annuaire-therapeutes\/\",\"name\":\"Annuaire des th\u00e9rapeutes - L&#039;Oiseau Vert\",\"isPartOf\":{\"@id\":\"https:\/\/loiseauvert.fr\/#website\"},\"datePublished\":\"2023-05-10T09:49:28+00:00\",\"dateModified\":\"2023-06-06T15:29:33+00:00\",\"breadcrumb\":{\"@id\":\"https:\/\/loiseauvert.fr\/annuaire-therapeutes\/#breadcrumb\"},\"inLanguage\":\"en-GB\",\"potentialAction\":[{\"@type\":\"ReadAction\",\"target\":[\"https:\/\/loiseauvert.fr\/annuaire-therapeutes\/\"]}]},{\"@type\":\"BreadcrumbList\",\"@id\":\"https:\/\/loiseauvert.fr\/annuaire-therapeutes\/#breadcrumb\",\"itemListElement\":[{\"@type\":\"ListItem\",\"position\":1,\"name\":\"Accueil\",\"item\":\"https:\/\/loiseauvert.fr\/\"},{\"@type\":\"ListItem\",\"position\":2,\"name\":\"Annuaire des th\u00e9rapeutes\"}]},{\"@type\":\"WebSite\",\"@id\":\"https:\/\/loiseauvert.fr\/#website\",\"url\":\"https:\/\/loiseauvert.fr\/\",\"name\":\"L&#039;Oiseau Vert\",\"description\":\"\",\"potentialAction\":[{\"@type\":\"SearchAction\",\"target\":{\"@type\":\"EntryPoint\",\"urlTemplate\":\"https:\/\/loiseauvert.fr\/?s={search_term_string}\"},\"query-input\":{\"@type\":\"PropertyValueSpecification\",\"valueRequired\":true,\"valueName\":\"search_term_string\"}}],\"inLanguage\":\"en-GB\"}]}<\/script>\n<!-- \/ Yoast SEO plugin. -->","yoast_head_json":{"title":"Directory of therapists - L&#039;Oiseau Vert","robots":{"index":"index","follow":"follow","max-snippet":"max-snippet:-1","max-image-preview":"max-image-preview:large","max-video-preview":"max-video-preview:-1"},"canonical":"https:\/\/loiseauvert.fr\/en\/directory-therapists\/","og_locale":"en_GB","og_type":"article","og_title":"Annuaire des th\u00e9rapeutes - L&#039;Oiseau Vert","og_description":"Cette liste n\u2019est pas exhaustive, n\u2019h\u00e9sitez pas \u00e0 nous contacter au 05 61 75 85 34 pour plus de renseignements sur des th\u00e9rapeutes proches de chez vous","og_url":"https:\/\/loiseauvert.fr\/en\/directory-therapists\/","og_site_name":"L&#039;Oiseau Vert","article_modified_time":"2023-06-06T15:29:33+00:00","twitter_card":"summary_large_image","twitter_misc":{"Estimated reading time":"1 minute"},"schema":{"@context":"https:\/\/schema.org","@graph":[{"@type":"WebPage","@id":"https:\/\/loiseauvert.fr\/annuaire-therapeutes\/","url":"https:\/\/loiseauvert.fr\/annuaire-therapeutes\/","name":"Directory of therapists - L&#039;Oiseau Vert","isPartOf":{"@id":"https:\/\/loiseauvert.fr\/#website"},"datePublished":"2023-05-10T09:49:28+00:00","dateModified":"2023-06-06T15:29:33+00:00","breadcrumb":{"@id":"https:\/\/loiseauvert.fr\/annuaire-therapeutes\/#breadcrumb"},"inLanguage":"en-GB","potentialAction":[{"@type":"ReadAction","target":["https:\/\/loiseauvert.fr\/annuaire-therapeutes\/"]}]},{"@type":"BreadcrumbList","@id":"https:\/\/loiseauvert.fr\/annuaire-therapeutes\/#breadcrumb","itemListElement":[{"@type":"ListItem","position":1,"name":"Accueil","item":"https:\/\/loiseauvert.fr\/"},{"@type":"ListItem","position":2,"name":"Annuaire des th\u00e9rapeutes"}]},{"@type":"WebSite","@id":"https:\/\/loiseauvert.fr\/#website","url":"https:\/\/loiseauvert.fr\/","name":"The Green Bird","description":"","potentialAction":[{"@type":"SearchAction","target":{"@type":"EntryPoint","urlTemplate":"https:\/\/loiseauvert.fr\/?s={search_term_string}"},"query-input":{"@type":"PropertyValueSpecification","valueRequired":true,"valueName":"search_term_string"}}],"inLanguage":"en-GB"}]}},"_links":{"self":[{"href":"https:\/\/loiseauvert.fr\/en\/wp-json\/wp\/v2\/pages\/290","targetHints":{"allow":["GET"]}}],"collection":[{"href":"https:\/\/loiseauvert.fr\/en\/wp-json\/wp\/v2\/pages"}],"about":[{"href":"https:\/\/loiseauvert.fr\/en\/wp-json\/wp\/v2\/types\/page"}],"author":[{"embeddable":true,"href":"https:\/\/loiseauvert.fr\/en\/wp-json\/wp\/v2\/users\/1"}],"replies":[{"embeddable":true,"href":"https:\/\/loiseauvert.fr\/en\/wp-json\/wp\/v2\/comments?post=290"}],"version-history":[{"count":6,"href":"https:\/\/loiseauvert.fr\/en\/wp-json\/wp\/v2\/pages\/290\/revisions"}],"predecessor-version":[{"id":5914,"href":"https:\/\/loiseauvert.fr\/en\/wp-json\/wp\/v2\/pages\/290\/revisions\/5914"}],"wp:attachment":[{"href":"https:\/\/loiseauvert.fr\/en\/wp-json\/wp\/v2\/media?parent=290"}],"curies":[{"name":"wp","href":"https:\/\/api.w.org\/{rel}","templated":true}]}}