{"id":287,"date":"2023-05-10T11:48:45","date_gmt":"2023-05-10T09:48:45","guid":{"rendered":"https:\/\/loiseauvert.fr\/?page_id=287"},"modified":"2024-10-04T14:30:25","modified_gmt":"2024-10-04T12:30:25","slug":"training","status":"publish","type":"page","link":"https:\/\/loiseauvert.fr\/en\/training\/","title":{"rendered":"Trainings"},"content":{"rendered":"<p><strong>L&#039;Oiseau Vert organizes and runs a training concept in Infotherapy with Roger DE NADAI, creator, advisor and trainer in Solarizations (alcohol-free floral elixirs).<\/strong><\/p>\n\n\n\n<p>It is crucial that therapists have a solid structure for integrating new knowledge and applying it to clients.<\/p>\n\n\n\n<p>True therapy involves patient awareness and this becomes all the more essential with an increase in collective awareness.<\/p>\n\n\n\n<p>Structured training allows us to understand the human being in his physical, emotional and spiritual entirety, in particular by exploring subtle energies and using Infotherapy to gently re-inform the body. The concept of Solarizations will also be discussed to understand their influence on our memories.<\/p>\n\n\n\n<p>Be ready to enrich your tools and develop a more holistic and intuitive practice!<\/p>\n\n\n\n<p class=\"has-small-font-size\"><em>Our training courses are not eligible for the CPF or an OPCO<\/em><\/p>","protected":false},"excerpt":{"rendered":"<p>L&#039;Oiseau Vert organizes and runs a concept of Infotherapy training with Roger DE NADAI, creator, advisor and trainer in Solarizations (alcohol-free floral elixirs). It is crucial that therapists have a solid structure to integrate new knowledge and apply it to consultants. True therapy involves the patient&#039;s awareness [\u2026]<\/p>","protected":false},"author":1,"featured_media":0,"parent":0,"menu_order":0,"comment_status":"closed","ping_status":"closed","template":"model-formations.php","meta":{"_acf_changed":false,"_glsr_average":0,"_glsr_ranking":0,"_glsr_reviews":0,"footnotes":""},"class_list":["post-287","page","type-page","status-publish","hentry"],"acf":[],"yoast_head":"<!-- This site is optimized with the Yoast SEO plugin v26.9 - https:\/\/yoast.com\/product\/yoast-seo-wordpress\/ -->\n<title>Formations - L&#039;Oiseau Vert<\/title>\n<meta name=\"robots\" content=\"index, follow, max-snippet:-1, max-image-preview:large, max-video-preview:-1\" \/>\n<link rel=\"canonical\" href=\"https:\/\/loiseauvert.fr\/en\/training\/\" \/>\n<meta property=\"og:locale\" content=\"en_GB\" \/>\n<meta property=\"og:type\" content=\"article\" \/>\n<meta property=\"og:title\" content=\"Formations - L&#039;Oiseau Vert\" \/>\n<meta property=\"og:description\" content=\"L\u2019Oiseau Vert organise et anime un concept de formations en Infoth\u00e9rapie avec Roger DE NADAI, cr\u00e9ateur, conseiller et formateur en Solarisations (\u00e9lixirs floraux sans alcool). Il est crucial que les th\u00e9rapeutes disposent d&rsquo;une structure solide pour int\u00e9grer de nouvelles connaissances et les appliquer aux consultants. La v\u00e9ritable th\u00e9rapie implique la prise de conscience du patient [&hellip;]\" \/>\n<meta property=\"og:url\" content=\"https:\/\/loiseauvert.fr\/en\/training\/\" \/>\n<meta property=\"og:site_name\" content=\"L&#039;Oiseau Vert\" \/>\n<meta property=\"article:modified_time\" content=\"2024-10-04T12:30:25+00:00\" \/>\n<meta name=\"twitter:card\" content=\"summary_large_image\" \/>\n<meta name=\"twitter:label1\" content=\"Estimated reading time\" \/>\n\t<meta name=\"twitter:data1\" content=\"1 minute\" \/>\n<script type=\"application\/ld+json\" class=\"yoast-schema-graph\">{\"@context\":\"https:\/\/schema.org\",\"@graph\":[{\"@type\":\"WebPage\",\"@id\":\"https:\/\/loiseauvert.fr\/formations\/\",\"url\":\"https:\/\/loiseauvert.fr\/formations\/\",\"name\":\"Formations - L&#039;Oiseau Vert\",\"isPartOf\":{\"@id\":\"https:\/\/loiseauvert.fr\/#website\"},\"datePublished\":\"2023-05-10T09:48:45+00:00\",\"dateModified\":\"2024-10-04T12:30:25+00:00\",\"breadcrumb\":{\"@id\":\"https:\/\/loiseauvert.fr\/formations\/#breadcrumb\"},\"inLanguage\":\"en-GB\",\"potentialAction\":[{\"@type\":\"ReadAction\",\"target\":[\"https:\/\/loiseauvert.fr\/formations\/\"]}]},{\"@type\":\"BreadcrumbList\",\"@id\":\"https:\/\/loiseauvert.fr\/formations\/#breadcrumb\",\"itemListElement\":[{\"@type\":\"ListItem\",\"position\":1,\"name\":\"Accueil\",\"item\":\"https:\/\/loiseauvert.fr\/\"},{\"@type\":\"ListItem\",\"position\":2,\"name\":\"Formations\"}]},{\"@type\":\"WebSite\",\"@id\":\"https:\/\/loiseauvert.fr\/#website\",\"url\":\"https:\/\/loiseauvert.fr\/\",\"name\":\"L&#039;Oiseau Vert\",\"description\":\"\",\"potentialAction\":[{\"@type\":\"SearchAction\",\"target\":{\"@type\":\"EntryPoint\",\"urlTemplate\":\"https:\/\/loiseauvert.fr\/?s={search_term_string}\"},\"query-input\":{\"@type\":\"PropertyValueSpecification\",\"valueRequired\":true,\"valueName\":\"search_term_string\"}}],\"inLanguage\":\"en-GB\"}]}<\/script>\n<!-- \/ Yoast SEO plugin. -->","yoast_head_json":{"title":"Trainings - L&#039;Green Bird","robots":{"index":"index","follow":"follow","max-snippet":"max-snippet:-1","max-image-preview":"max-image-preview:large","max-video-preview":"max-video-preview:-1"},"canonical":"https:\/\/loiseauvert.fr\/en\/training\/","og_locale":"en_GB","og_type":"article","og_title":"Formations - L&#039;Oiseau Vert","og_description":"L\u2019Oiseau Vert organise et anime un concept de formations en Infoth\u00e9rapie avec Roger DE NADAI, cr\u00e9ateur, conseiller et formateur en Solarisations (\u00e9lixirs floraux sans alcool). Il est crucial que les th\u00e9rapeutes disposent d&rsquo;une structure solide pour int\u00e9grer de nouvelles connaissances et les appliquer aux consultants. La v\u00e9ritable th\u00e9rapie implique la prise de conscience du patient [&hellip;]","og_url":"https:\/\/loiseauvert.fr\/en\/training\/","og_site_name":"L&#039;Oiseau Vert","article_modified_time":"2024-10-04T12:30:25+00:00","twitter_card":"summary_large_image","twitter_misc":{"Estimated reading time":"1 minute"},"schema":{"@context":"https:\/\/schema.org","@graph":[{"@type":"WebPage","@id":"https:\/\/loiseauvert.fr\/formations\/","url":"https:\/\/loiseauvert.fr\/formations\/","name":"Trainings - L&#039;Green Bird","isPartOf":{"@id":"https:\/\/loiseauvert.fr\/#website"},"datePublished":"2023-05-10T09:48:45+00:00","dateModified":"2024-10-04T12:30:25+00:00","breadcrumb":{"@id":"https:\/\/loiseauvert.fr\/formations\/#breadcrumb"},"inLanguage":"en-GB","potentialAction":[{"@type":"ReadAction","target":["https:\/\/loiseauvert.fr\/formations\/"]}]},{"@type":"BreadcrumbList","@id":"https:\/\/loiseauvert.fr\/formations\/#breadcrumb","itemListElement":[{"@type":"ListItem","position":1,"name":"Accueil","item":"https:\/\/loiseauvert.fr\/"},{"@type":"ListItem","position":2,"name":"Formations"}]},{"@type":"WebSite","@id":"https:\/\/loiseauvert.fr\/#website","url":"https:\/\/loiseauvert.fr\/","name":"The Green Bird","description":"","potentialAction":[{"@type":"SearchAction","target":{"@type":"EntryPoint","urlTemplate":"https:\/\/loiseauvert.fr\/?s={search_term_string}"},"query-input":{"@type":"PropertyValueSpecification","valueRequired":true,"valueName":"search_term_string"}}],"inLanguage":"en-GB"}]}},"_links":{"self":[{"href":"https:\/\/loiseauvert.fr\/en\/wp-json\/wp\/v2\/pages\/287","targetHints":{"allow":["GET"]}}],"collection":[{"href":"https:\/\/loiseauvert.fr\/en\/wp-json\/wp\/v2\/pages"}],"about":[{"href":"https:\/\/loiseauvert.fr\/en\/wp-json\/wp\/v2\/types\/page"}],"author":[{"embeddable":true,"href":"https:\/\/loiseauvert.fr\/en\/wp-json\/wp\/v2\/users\/1"}],"replies":[{"embeddable":true,"href":"https:\/\/loiseauvert.fr\/en\/wp-json\/wp\/v2\/comments?post=287"}],"version-history":[{"count":20,"href":"https:\/\/loiseauvert.fr\/en\/wp-json\/wp\/v2\/pages\/287\/revisions"}],"predecessor-version":[{"id":11051,"href":"https:\/\/loiseauvert.fr\/en\/wp-json\/wp\/v2\/pages\/287\/revisions\/11051"}],"wp:attachment":[{"href":"https:\/\/loiseauvert.fr\/en\/wp-json\/wp\/v2\/media?parent=287"}],"curies":[{"name":"wp","href":"https:\/\/api.w.org\/{rel}","templated":true}]}}