{"id":283,"date":"2023-05-10T11:36:46","date_gmt":"2023-05-10T09:36:46","guid":{"rendered":"https:\/\/loiseauvert.fr\/?page_id=283"},"modified":"2023-06-30T09:20:23","modified_gmt":"2023-06-30T07:20:23","slug":"golden-book","status":"publish","type":"page","link":"https:\/\/loiseauvert.fr\/en\/golden-book\/","title":{"rendered":"Guestbook"},"content":{"rendered":"<script src=\"https:\/\/apps.elfsight.com\/p\/platform.js\" defer><\/script>\n<div class=\"elfsight-app-582073af-ee64-409c-8939-184e38064d09\"><\/div>\n<br>\n<br>\n\n\n\n<div style=\"height:100px\" aria-hidden=\"true\" class=\"wp-block-spacer\"><\/div>\n\n\n<div class=\"glsr glsr-minimal\" id=\"glsr_e7f54de3\" data-from=\"shortcode\" data-shortcode=\"site_reviews\"><div class=\"glsr-reviews-wrap\">\n    <div class=\"glsr-reviews\">\n        <div class=\"glsr-review\" data-type=\"local\" id=\"review-18185\" data-assigned='[]'>\n    <div class=\"glsr-review-title\"><h4 class=\"glsr-tag-value\">t\u00e9moignage th\u00e9rapeute form\u00e9 en infoth\u00e9rapie<\/h4><\/div>\n    <div class=\"glsr-review-rating\"><div class=\"glsr-star-rating glsr-stars\" role=\"img\" aria-label=\"Rated 5 out of 5 stars\" data-rating=\"5\" data-reviews=\"0\"><span class=\"glsr-star glsr-star-full\" aria-hidden=\"true\"><\/span><span class=\"glsr-star glsr-star-full\" aria-hidden=\"true\"><\/span><span class=\"glsr-star glsr-star-full\" aria-hidden=\"true\"><\/span><span class=\"glsr-star glsr-star-full\" aria-hidden=\"true\"><\/span><span class=\"glsr-star glsr-star-full\" aria-hidden=\"true\"><\/span><\/div><\/div> <div class=\"glsr-review-date\"><span class=\"glsr-tag-value\">16 February 2026<\/span><\/div>\n    \n    <div class=\"glsr-review-content\"><div class=\"glsr-tag-value\" data-expanded=\"false\"><p>j&#8217;ai suivie la formation en f\u00e9vrier de cette ann\u00e9e 2026 et tenais a t\u00e9moign\u00e9 de ma propre exp\u00e9rience sur les solarisations par l&#8217;infoth\u00e9rapie ,<\/p>\n<p>j&#8217;ai eu la chance de rencontr\u00e9 une th\u00e9rapeute( Sonia qui est bas\u00e9 sur de l\u2019\u00cele de r\u00e9 ) form\u00e9e par Roger de nadai qui ma tester sur une probl\u00e9matique premi\u00e8re li\u00e9 au surpoids<\/p>\n<p>elle ma fait prendre deux complexe diff\u00e9rent de solarisation l&#8217;un apr\u00e8s l&#8217;autre gr\u00e2ce a sa bienveillance et sont \u00e9coute j&#8217;ai perdu 27 kilos en 10 mois<\/p>\n<p>le travail des solarisations sont extr\u00eamement puissantes sur l&#8217;engramme reconnue<\/p>\n<p>de se faite j&#8217;ai moi aussi voulu me form\u00e9 en infoth\u00e9rapie pour pouvoir accompagn\u00e9 et propos\u00e9 ce belle outil qu&#8217;es l&#8217;infoth\u00e9rapie<\/p>\n<p>merci a toi Roger ,laurent ,alain pour ce magnifique partage<\/p>\n<p>Eric<\/p>\n<\/div><\/div>\n    <div class=\"glsr-review-avatar\"><img decoding=\"async\" style=\"width:40px; height:40px;\" alt=\"Avatar for renvois\u00e9\" height=\"80\" loading=\"lazy\" src=\"https:\/\/loiseauvert.fr\/wp-content\/uploads\/site-reviews\/avatars\/RE.svg\" width=\"80\" \/><\/div> <div class=\"glsr-review-author\"><span class=\"glsr-tag-value\">renvois\u00e9<\/span><\/div> \n    \n<\/div>\n<div class=\"glsr-review\" data-type=\"local\" id=\"review-6182\" data-assigned='[]'>\n    <div class=\"glsr-review-title\"><h4 class=\"glsr-tag-value\">Infotherapy Training Testimonial<\/h4><\/div>\n    <div class=\"glsr-review-rating\"><div class=\"glsr-star-rating glsr-stars\" role=\"img\" aria-label=\"Rated 5 out of 5 stars\" data-rating=\"5\" data-reviews=\"0\"><span class=\"glsr-star glsr-star-full\" aria-hidden=\"true\"><\/span><span class=\"glsr-star glsr-star-full\" aria-hidden=\"true\"><\/span><span class=\"glsr-star glsr-star-full\" aria-hidden=\"true\"><\/span><span class=\"glsr-star glsr-star-full\" aria-hidden=\"true\"><\/span><span class=\"glsr-star glsr-star-full\" aria-hidden=\"true\"><\/span><\/div><\/div> <div class=\"glsr-review-date\"><span class=\"glsr-tag-value\">June 29, 2023<\/span><\/div>\n    \n    <div class=\"glsr-review-content\"><div class=\"glsr-tag-value\" data-expanded=\"false\"><p>I wanted to thank you for all the teaching you transferred to me in the fall of 2018 during the training in Brest with Bernard and Christiane Leguen<\/p>\n<p>This allowed me to understand things, to open up to parallel worlds and to put myself on the path to understanding the subtle and quantum technologies including the one I use (AMU technology)<\/p>\n<p>Since then I have done many other trainings and I am more and more in my element.<\/p>\n<p>I see through La\u00ebtitia, my wife, and Lo\u00efc who did the training with me that solarizations are a relevant solution to manage the emotional: I often talk about it, because solarizations deserve to be known.<\/p>\n<\/div><\/div>\n    <div class=\"glsr-review-avatar\"><img decoding=\"async\" style=\"width:40px; height:40px;\" alt=\"Avatar for R\u00e9my\" height=\"80\" loading=\"lazy\" src=\"https:\/\/loiseauvert.fr\/wp-content\/uploads\/site-reviews\/avatars\/R\u00c9.svg\" width=\"80\" \/><\/div> <div class=\"glsr-review-author\"><span class=\"glsr-tag-value\">remy<\/span><\/div> \n    \n<\/div>\n<div class=\"glsr-review\" data-type=\"local\" id=\"review-6107\" data-assigned='[]'>\n    <div class=\"glsr-review-title\"><h4 class=\"glsr-tag-value\">Testimonial Therapist trained in Infotherapy<\/h4><\/div>\n    <div class=\"glsr-review-rating\"><div class=\"glsr-star-rating glsr-stars\" role=\"img\" aria-label=\"Rated 5 out of 5 stars\" data-rating=\"5\" data-reviews=\"0\"><span class=\"glsr-star glsr-star-full\" aria-hidden=\"true\"><\/span><span class=\"glsr-star glsr-star-full\" aria-hidden=\"true\"><\/span><span class=\"glsr-star glsr-star-full\" aria-hidden=\"true\"><\/span><span class=\"glsr-star glsr-star-full\" aria-hidden=\"true\"><\/span><span class=\"glsr-star glsr-star-full\" aria-hidden=\"true\"><\/span><\/div><\/div> <div class=\"glsr-review-date\"><span class=\"glsr-tag-value\">June 21, 2023<\/span><\/div>\n    \n    <div class=\"glsr-review-content\"><div class=\"glsr-tag-value\" data-expanded=\"false\"><p>The training in Infotherapy by Solarizations brought me a lot, even a lot from the points of view of reflection, awareness, knowledge and still brings water to the mill of my evolution every day. I went to this training, I expected nothing and it was one of the great crossroads of my personal path, the synchronicity sent without doubt by a bright future, since of course there have been other doors that have opened but these, opened during the training were decisive.<\/p>\n<p>Regarding the products, they also live up to their promise, in my practice they are only complementary but each time I use them following the protocol learned during the training, they are simply right (in every sense of the word) .<\/p>\n<\/div><\/div>\n    <div class=\"glsr-review-avatar\"><img decoding=\"async\" style=\"width:40px; height:40px;\" alt=\"Avatar for Lo\u00efc\" height=\"80\" loading=\"lazy\" src=\"https:\/\/loiseauvert.fr\/wp-content\/uploads\/site-reviews\/avatars\/LO.svg\" width=\"80\" \/><\/div> <div class=\"glsr-review-author\"><span class=\"glsr-tag-value\">Loic<\/span><\/div> \n    \n<\/div>\n    <\/div>\n    \n<\/div><\/div>\n\n\n\n<div style=\"height:100px\" aria-hidden=\"true\" class=\"wp-block-spacer\"><\/div>\n\n\n<div class=\"glsr glsr-minimal\" id=\"glsr_340ec10b\" data-from=\"shortcode\" data-shortcode=\"site_reviews_form\"><div class=\"glsr-login-register\">\n    <p>You must be <a href=\"https:\/\/loiseauvert.fr\/en\/my-account\/?redirect_to=https:\/\/loiseauvert.fr\/en\/golden-book\/\">logged in<\/a> to submit a review.<\/p>\n<\/div><\/div>\n\n\n\n<div style=\"height:100px\" aria-hidden=\"true\" class=\"wp-block-spacer\"><\/div>","protected":false},"excerpt":{"rendered":"","protected":false},"author":1,"featured_media":0,"parent":0,"menu_order":0,"comment_status":"closed","ping_status":"closed","template":"model-flex.php","meta":{"_acf_changed":false,"_glsr_average":0,"_glsr_ranking":0,"_glsr_reviews":0,"footnotes":""},"class_list":["post-283","page","type-page","status-publish","hentry"],"acf":[],"yoast_head":"<!-- This site is optimized with the Yoast SEO plugin v26.9 - https:\/\/yoast.com\/product\/yoast-seo-wordpress\/ -->\n<title>Livre d&#039;or - L&#039;Oiseau Vert<\/title>\n<meta name=\"robots\" content=\"index, follow, max-snippet:-1, max-image-preview:large, max-video-preview:-1\" \/>\n<link rel=\"canonical\" href=\"https:\/\/loiseauvert.fr\/en\/golden-book\/\" \/>\n<meta property=\"og:locale\" content=\"en_GB\" \/>\n<meta property=\"og:type\" content=\"article\" \/>\n<meta property=\"og:title\" content=\"Livre d&#039;or - L&#039;Oiseau Vert\" \/>\n<meta property=\"og:url\" content=\"https:\/\/loiseauvert.fr\/en\/golden-book\/\" \/>\n<meta property=\"og:site_name\" content=\"L&#039;Oiseau Vert\" \/>\n<meta property=\"article:modified_time\" content=\"2023-06-30T07:20:23+00:00\" \/>\n<meta name=\"twitter:card\" content=\"summary_large_image\" \/>\n<meta name=\"twitter:label1\" content=\"Estimated reading time\" \/>\n\t<meta name=\"twitter:data1\" content=\"1 minute\" \/>\n<script type=\"application\/ld+json\" class=\"yoast-schema-graph\">{\"@context\":\"https:\/\/schema.org\",\"@graph\":[{\"@type\":\"WebPage\",\"@id\":\"https:\/\/loiseauvert.fr\/livre-dor\/\",\"url\":\"https:\/\/loiseauvert.fr\/livre-dor\/\",\"name\":\"Livre d'or - L&#039;Oiseau Vert\",\"isPartOf\":{\"@id\":\"https:\/\/loiseauvert.fr\/#website\"},\"datePublished\":\"2023-05-10T09:36:46+00:00\",\"dateModified\":\"2023-06-30T07:20:23+00:00\",\"breadcrumb\":{\"@id\":\"https:\/\/loiseauvert.fr\/livre-dor\/#breadcrumb\"},\"inLanguage\":\"en-GB\",\"potentialAction\":[{\"@type\":\"ReadAction\",\"target\":[\"https:\/\/loiseauvert.fr\/livre-dor\/\"]}]},{\"@type\":\"BreadcrumbList\",\"@id\":\"https:\/\/loiseauvert.fr\/livre-dor\/#breadcrumb\",\"itemListElement\":[{\"@type\":\"ListItem\",\"position\":1,\"name\":\"Accueil\",\"item\":\"https:\/\/loiseauvert.fr\/\"},{\"@type\":\"ListItem\",\"position\":2,\"name\":\"Livre d&#8217;or\"}]},{\"@type\":\"WebSite\",\"@id\":\"https:\/\/loiseauvert.fr\/#website\",\"url\":\"https:\/\/loiseauvert.fr\/\",\"name\":\"L&#039;Oiseau Vert\",\"description\":\"\",\"potentialAction\":[{\"@type\":\"SearchAction\",\"target\":{\"@type\":\"EntryPoint\",\"urlTemplate\":\"https:\/\/loiseauvert.fr\/?s={search_term_string}\"},\"query-input\":{\"@type\":\"PropertyValueSpecification\",\"valueRequired\":true,\"valueName\":\"search_term_string\"}}],\"inLanguage\":\"en-GB\"}]}<\/script>\n<!-- \/ Yoast SEO plugin. -->","yoast_head_json":{"title":"Guestbook - L&#039;Green Bird","robots":{"index":"index","follow":"follow","max-snippet":"max-snippet:-1","max-image-preview":"max-image-preview:large","max-video-preview":"max-video-preview:-1"},"canonical":"https:\/\/loiseauvert.fr\/en\/golden-book\/","og_locale":"en_GB","og_type":"article","og_title":"Livre d'or - L&#039;Oiseau Vert","og_url":"https:\/\/loiseauvert.fr\/en\/golden-book\/","og_site_name":"L&#039;Oiseau Vert","article_modified_time":"2023-06-30T07:20:23+00:00","twitter_card":"summary_large_image","twitter_misc":{"Estimated reading time":"1 minute"},"schema":{"@context":"https:\/\/schema.org","@graph":[{"@type":"WebPage","@id":"https:\/\/loiseauvert.fr\/livre-dor\/","url":"https:\/\/loiseauvert.fr\/livre-dor\/","name":"Guestbook - L&#039;Green Bird","isPartOf":{"@id":"https:\/\/loiseauvert.fr\/#website"},"datePublished":"2023-05-10T09:36:46+00:00","dateModified":"2023-06-30T07:20:23+00:00","breadcrumb":{"@id":"https:\/\/loiseauvert.fr\/livre-dor\/#breadcrumb"},"inLanguage":"en-GB","potentialAction":[{"@type":"ReadAction","target":["https:\/\/loiseauvert.fr\/livre-dor\/"]}]},{"@type":"BreadcrumbList","@id":"https:\/\/loiseauvert.fr\/livre-dor\/#breadcrumb","itemListElement":[{"@type":"ListItem","position":1,"name":"Accueil","item":"https:\/\/loiseauvert.fr\/"},{"@type":"ListItem","position":2,"name":"Livre d&#8217;or"}]},{"@type":"WebSite","@id":"https:\/\/loiseauvert.fr\/#website","url":"https:\/\/loiseauvert.fr\/","name":"The Green Bird","description":"","potentialAction":[{"@type":"SearchAction","target":{"@type":"EntryPoint","urlTemplate":"https:\/\/loiseauvert.fr\/?s={search_term_string}"},"query-input":{"@type":"PropertyValueSpecification","valueRequired":true,"valueName":"search_term_string"}}],"inLanguage":"en-GB"}]}},"_links":{"self":[{"href":"https:\/\/loiseauvert.fr\/en\/wp-json\/wp\/v2\/pages\/283","targetHints":{"allow":["GET"]}}],"collection":[{"href":"https:\/\/loiseauvert.fr\/en\/wp-json\/wp\/v2\/pages"}],"about":[{"href":"https:\/\/loiseauvert.fr\/en\/wp-json\/wp\/v2\/types\/page"}],"author":[{"embeddable":true,"href":"https:\/\/loiseauvert.fr\/en\/wp-json\/wp\/v2\/users\/1"}],"replies":[{"embeddable":true,"href":"https:\/\/loiseauvert.fr\/en\/wp-json\/wp\/v2\/comments?post=283"}],"version-history":[{"count":12,"href":"https:\/\/loiseauvert.fr\/en\/wp-json\/wp\/v2\/pages\/283\/revisions"}],"predecessor-version":[{"id":6189,"href":"https:\/\/loiseauvert.fr\/en\/wp-json\/wp\/v2\/pages\/283\/revisions\/6189"}],"wp:attachment":[{"href":"https:\/\/loiseauvert.fr\/en\/wp-json\/wp\/v2\/media?parent=283"}],"curies":[{"name":"wp","href":"https:\/\/api.w.org\/{rel}","templated":true}]}}