{"id":280,"date":"2023-05-10T11:34:00","date_gmt":"2023-05-10T09:34:00","guid":{"rendered":"https:\/\/loiseauvert.fr\/?page_id=280"},"modified":"2023-05-16T14:17:08","modified_gmt":"2023-05-16T12:17:08","slug":"vibration-analysis","status":"publish","type":"page","link":"https:\/\/loiseauvert.fr\/en\/vibration-analysis\/","title":{"rendered":"L&rsquo;Analyse Vibratoire"},"content":{"rendered":"<div class=\"wp-block-columns is-layout-flex wp-container-core-columns-is-layout-9d6595d7 wp-block-columns-is-layout-flex\">\n<div class=\"wp-block-column is-layout-flow wp-block-column-is-layout-flow\">\n<h2 class=\"wp-block-heading\"><strong>Sensitive crystallization of the \u201csupport base\u201d<\/strong><\/h2>\n\n\n\n<p>The crystallizations obtained with the &quot;base support&quot; are specific to the processes of heat or light (waves).<\/p>\n\n\n\n<p>This is expressed in the ample and round shape of the central vacuoles.<\/p>\n\n\n\n<p>The heterogeneous, irregular texture and the weakening of the intensity of the crystallization currents could indicate a low concentration of substance or additives in this solution.<\/p>\n\n\n\n<p>This aspect of the texture could also mean that the base support remains &quot;open&quot;, because it does not lock into a specific shape of texture.<\/p>\n<\/div>\n\n\n\n<div class=\"wp-block-column is-layout-flow wp-block-column-is-layout-flow\"><div class=\"wp-block-image\">\n<figure class=\"aligncenter size-full is-resized\"><img loading=\"lazy\" decoding=\"async\" src=\"https:\/\/loiseauvert.fr\/wp-content\/uploads\/2023\/05\/christallisation-sensible-support-base-detourage.png.webp\" alt=\"\" class=\"wp-image-365\" width=\"403\" height=\"380\" srcset=\"https:\/\/loiseauvert.fr\/wp-content\/uploads\/2023\/05\/christallisation-sensible-support-base-detourage.png.webp 320w, https:\/\/loiseauvert.fr\/wp-content\/uploads\/2023\/05\/christallisation-sensible-support-base-detourage.png-300x283.webp 300w, https:\/\/loiseauvert.fr\/wp-content\/uploads\/2023\/05\/christallisation-sensible-support-base-detourage.png-13x12.webp 13w, https:\/\/loiseauvert.fr\/wp-content\/uploads\/2023\/05\/christallisation-sensible-support-base-detourage.png-64x60.webp 64w\" sizes=\"auto, (max-width: 403px) 100vw, 403px\" \/><\/figure>\n<\/div><\/div>\n<\/div>\n\n\n\n<div class=\"wp-block-columns is-layout-flex wp-container-core-columns-is-layout-9d6595d7 wp-block-columns-is-layout-flex\">\n<div class=\"wp-block-column is-layout-flow wp-block-column-is-layout-flow\">\n<h2 class=\"wp-block-heading\"><strong>Sensitive crystallization of the Natyl Solarization sample<\/strong><\/h2>\n\n\n\n<p>The sample consists of the base support with a low concentration of flavoring substance.<\/p>\n\n\n\n<p>Compared to the base support, the sensitive crystallizations of the sample reveal a stronger intensity of the crystallization currents, a more homogeneous and more regular texture, vacuoles which are still ample but tighter and a clear delimitation between the median field and the peripheral zone.<\/p>\n\n\n\n<p>Despite its low concentration, the flavoring substance considerably modifies the crystallization of the base support, this suggests a particularly dynamic effect on the part of the additive.<\/p>\n\n\n\n<p>All the structural and textural elements of the crystallizations of the sample seem to indicate that the Solarization process implemented by L&#039;OISEAU VERT allows the base support to capture and sustainably preserve the dynamic effect of the flavoring substance.<\/p>\n\n\n\n<p>The process used also seems to favor a good aptitude of the final product for preservation, which is expressed by the higher intensity of the crystallization currents and a more obvious tripartite structure of the images (clear delimitation between the median field and the peripheral zone).<\/p>\n\n\n\n<ul class=\"wp-block-list\">\n<li>Independent study carried out by Mr. Christian Marcel \u2013 www.vinimage.com<\/li>\n<\/ul>\n<\/div>\n\n\n\n<div class=\"wp-block-column is-vertically-aligned-center is-layout-flow wp-block-column-is-layout-flow\"><div class=\"wp-block-image\">\n<figure class=\"aligncenter size-full is-resized\"><img loading=\"lazy\" decoding=\"async\" src=\"https:\/\/loiseauvert.fr\/wp-content\/uploads\/2023\/05\/christallisation-sensible-echantillon-solarisation-natyl-detourage.png.webp\" alt=\"\" class=\"wp-image-367\" width=\"404\" height=\"381\" srcset=\"https:\/\/loiseauvert.fr\/wp-content\/uploads\/2023\/05\/christallisation-sensible-echantillon-solarisation-natyl-detourage.png.webp 320w, https:\/\/loiseauvert.fr\/wp-content\/uploads\/2023\/05\/christallisation-sensible-echantillon-solarisation-natyl-detourage.png-300x283.webp 300w, https:\/\/loiseauvert.fr\/wp-content\/uploads\/2023\/05\/christallisation-sensible-echantillon-solarisation-natyl-detourage.png-13x12.webp 13w, https:\/\/loiseauvert.fr\/wp-content\/uploads\/2023\/05\/christallisation-sensible-echantillon-solarisation-natyl-detourage.png-64x60.webp 64w\" sizes=\"auto, (max-width: 404px) 100vw, 404px\" \/><\/figure>\n<\/div><\/div>\n<\/div>","protected":false},"excerpt":{"rendered":"<p>Cristallisation sensible du \u00ab\u00a0support base\u00a0\u00bb Les cristallisations obtenues avec le \u00ab support base \u00bb sont sp\u00e9cifiques des processus de chaleur ou de lumi\u00e8re (ondes). Cela s\u2019exprime dans la forme ample et ronde des vacuoles centrales. La texture h\u00e9t\u00e9rog\u00e8ne, irr\u00e9guli\u00e8re et l\u2019affaiblissement de l\u2019intensit\u00e9 des courants de cristallisation pourraient indiquer une faible concentration de substance ou [&hellip;]<\/p>","protected":false},"author":1,"featured_media":0,"parent":0,"menu_order":0,"comment_status":"closed","ping_status":"closed","template":"model-flex.php","meta":{"_acf_changed":false,"_glsr_average":0,"_glsr_ranking":0,"_glsr_reviews":0,"footnotes":""},"class_list":["post-280","page","type-page","status-publish","hentry"],"acf":[],"yoast_head":"<!-- This site is optimized with the Yoast SEO plugin v26.9 - https:\/\/yoast.com\/product\/yoast-seo-wordpress\/ -->\n<title>L&#039;Analyse Vibratoire - L&#039;Oiseau Vert<\/title>\n<meta name=\"robots\" content=\"index, follow, max-snippet:-1, max-image-preview:large, max-video-preview:-1\" \/>\n<link rel=\"canonical\" href=\"https:\/\/loiseauvert.fr\/en\/vibration-analysis\/\" \/>\n<meta property=\"og:locale\" content=\"en_GB\" \/>\n<meta property=\"og:type\" content=\"article\" \/>\n<meta property=\"og:title\" content=\"L&#039;Analyse Vibratoire - L&#039;Oiseau Vert\" \/>\n<meta property=\"og:description\" content=\"Cristallisation sensible du \u00ab\u00a0support base\u00a0\u00bb Les cristallisations obtenues avec le \u00ab support base \u00bb sont sp\u00e9cifiques des processus de chaleur ou de lumi\u00e8re (ondes). Cela s\u2019exprime dans la forme ample et ronde des vacuoles centrales. La texture h\u00e9t\u00e9rog\u00e8ne, irr\u00e9guli\u00e8re et l\u2019affaiblissement de l\u2019intensit\u00e9 des courants de cristallisation pourraient indiquer une faible concentration de substance ou [&hellip;]\" \/>\n<meta property=\"og:url\" content=\"https:\/\/loiseauvert.fr\/en\/vibration-analysis\/\" \/>\n<meta property=\"og:site_name\" content=\"L&#039;Oiseau Vert\" \/>\n<meta property=\"article:modified_time\" content=\"2023-05-16T12:17:08+00:00\" \/>\n<meta property=\"og:image\" content=\"https:\/\/loiseauvert.fr\/wp-content\/uploads\/2023\/05\/christallisation-sensible-support-base-detourage.png.webp\" \/>\n<meta name=\"twitter:card\" content=\"summary_large_image\" \/>\n<meta name=\"twitter:label1\" content=\"Estimated reading time\" \/>\n\t<meta name=\"twitter:data1\" content=\"2 minutes\" \/>\n<script type=\"application\/ld+json\" class=\"yoast-schema-graph\">{\"@context\":\"https:\/\/schema.org\",\"@graph\":[{\"@type\":\"WebPage\",\"@id\":\"https:\/\/loiseauvert.fr\/lanalyse-vibratoire\/\",\"url\":\"https:\/\/loiseauvert.fr\/lanalyse-vibratoire\/\",\"name\":\"L'Analyse Vibratoire - L&#039;Oiseau Vert\",\"isPartOf\":{\"@id\":\"https:\/\/loiseauvert.fr\/#website\"},\"primaryImageOfPage\":{\"@id\":\"https:\/\/loiseauvert.fr\/lanalyse-vibratoire\/#primaryimage\"},\"image\":{\"@id\":\"https:\/\/loiseauvert.fr\/lanalyse-vibratoire\/#primaryimage\"},\"thumbnailUrl\":\"https:\/\/loiseauvert.fr\/wp-content\/uploads\/2023\/05\/christallisation-sensible-support-base-detourage.png.webp\",\"datePublished\":\"2023-05-10T09:34:00+00:00\",\"dateModified\":\"2023-05-16T12:17:08+00:00\",\"breadcrumb\":{\"@id\":\"https:\/\/loiseauvert.fr\/lanalyse-vibratoire\/#breadcrumb\"},\"inLanguage\":\"en-GB\",\"potentialAction\":[{\"@type\":\"ReadAction\",\"target\":[\"https:\/\/loiseauvert.fr\/lanalyse-vibratoire\/\"]}]},{\"@type\":\"ImageObject\",\"inLanguage\":\"en-GB\",\"@id\":\"https:\/\/loiseauvert.fr\/lanalyse-vibratoire\/#primaryimage\",\"url\":\"https:\/\/loiseauvert.fr\/wp-content\/uploads\/2023\/05\/christallisation-sensible-support-base-detourage.png.webp\",\"contentUrl\":\"https:\/\/loiseauvert.fr\/wp-content\/uploads\/2023\/05\/christallisation-sensible-support-base-detourage.png.webp\"},{\"@type\":\"BreadcrumbList\",\"@id\":\"https:\/\/loiseauvert.fr\/lanalyse-vibratoire\/#breadcrumb\",\"itemListElement\":[{\"@type\":\"ListItem\",\"position\":1,\"name\":\"Accueil\",\"item\":\"https:\/\/loiseauvert.fr\/\"},{\"@type\":\"ListItem\",\"position\":2,\"name\":\"L&#8217;Analyse Vibratoire\"}]},{\"@type\":\"WebSite\",\"@id\":\"https:\/\/loiseauvert.fr\/#website\",\"url\":\"https:\/\/loiseauvert.fr\/\",\"name\":\"L&#039;Oiseau Vert\",\"description\":\"\",\"potentialAction\":[{\"@type\":\"SearchAction\",\"target\":{\"@type\":\"EntryPoint\",\"urlTemplate\":\"https:\/\/loiseauvert.fr\/?s={search_term_string}\"},\"query-input\":{\"@type\":\"PropertyValueSpecification\",\"valueRequired\":true,\"valueName\":\"search_term_string\"}}],\"inLanguage\":\"en-GB\"}]}<\/script>\n<!-- \/ Yoast SEO plugin. -->","yoast_head_json":{"title":"Vibration Analysis - L&#039;Oiseau Vert","robots":{"index":"index","follow":"follow","max-snippet":"max-snippet:-1","max-image-preview":"max-image-preview:large","max-video-preview":"max-video-preview:-1"},"canonical":"https:\/\/loiseauvert.fr\/en\/vibration-analysis\/","og_locale":"en_GB","og_type":"article","og_title":"L'Analyse Vibratoire - L&#039;Oiseau Vert","og_description":"Cristallisation sensible du \u00ab\u00a0support base\u00a0\u00bb Les cristallisations obtenues avec le \u00ab support base \u00bb sont sp\u00e9cifiques des processus de chaleur ou de lumi\u00e8re (ondes). Cela s\u2019exprime dans la forme ample et ronde des vacuoles centrales. La texture h\u00e9t\u00e9rog\u00e8ne, irr\u00e9guli\u00e8re et l\u2019affaiblissement de l\u2019intensit\u00e9 des courants de cristallisation pourraient indiquer une faible concentration de substance ou [&hellip;]","og_url":"https:\/\/loiseauvert.fr\/en\/vibration-analysis\/","og_site_name":"L&#039;Oiseau Vert","article_modified_time":"2023-05-16T12:17:08+00:00","og_image":[{"url":"https:\/\/loiseauvert.fr\/wp-content\/uploads\/2023\/05\/christallisation-sensible-support-base-detourage.png.webp","type":"","width":"","height":""}],"twitter_card":"summary_large_image","twitter_misc":{"Estimated reading time":"2 minutes"},"schema":{"@context":"https:\/\/schema.org","@graph":[{"@type":"WebPage","@id":"https:\/\/loiseauvert.fr\/lanalyse-vibratoire\/","url":"https:\/\/loiseauvert.fr\/lanalyse-vibratoire\/","name":"Vibration Analysis - L&#039;Oiseau Vert","isPartOf":{"@id":"https:\/\/loiseauvert.fr\/#website"},"primaryImageOfPage":{"@id":"https:\/\/loiseauvert.fr\/lanalyse-vibratoire\/#primaryimage"},"image":{"@id":"https:\/\/loiseauvert.fr\/lanalyse-vibratoire\/#primaryimage"},"thumbnailUrl":"https:\/\/loiseauvert.fr\/wp-content\/uploads\/2023\/05\/christallisation-sensible-support-base-detourage.png.webp","datePublished":"2023-05-10T09:34:00+00:00","dateModified":"2023-05-16T12:17:08+00:00","breadcrumb":{"@id":"https:\/\/loiseauvert.fr\/lanalyse-vibratoire\/#breadcrumb"},"inLanguage":"en-GB","potentialAction":[{"@type":"ReadAction","target":["https:\/\/loiseauvert.fr\/lanalyse-vibratoire\/"]}]},{"@type":"ImageObject","inLanguage":"en-GB","@id":"https:\/\/loiseauvert.fr\/lanalyse-vibratoire\/#primaryimage","url":"https:\/\/loiseauvert.fr\/wp-content\/uploads\/2023\/05\/christallisation-sensible-support-base-detourage.png.webp","contentUrl":"https:\/\/loiseauvert.fr\/wp-content\/uploads\/2023\/05\/christallisation-sensible-support-base-detourage.png.webp"},{"@type":"BreadcrumbList","@id":"https:\/\/loiseauvert.fr\/lanalyse-vibratoire\/#breadcrumb","itemListElement":[{"@type":"ListItem","position":1,"name":"Accueil","item":"https:\/\/loiseauvert.fr\/"},{"@type":"ListItem","position":2,"name":"L&#8217;Analyse Vibratoire"}]},{"@type":"WebSite","@id":"https:\/\/loiseauvert.fr\/#website","url":"https:\/\/loiseauvert.fr\/","name":"The Green Bird","description":"","potentialAction":[{"@type":"SearchAction","target":{"@type":"EntryPoint","urlTemplate":"https:\/\/loiseauvert.fr\/?s={search_term_string}"},"query-input":{"@type":"PropertyValueSpecification","valueRequired":true,"valueName":"search_term_string"}}],"inLanguage":"en-GB"}]}},"_links":{"self":[{"href":"https:\/\/loiseauvert.fr\/en\/wp-json\/wp\/v2\/pages\/280","targetHints":{"allow":["GET"]}}],"collection":[{"href":"https:\/\/loiseauvert.fr\/en\/wp-json\/wp\/v2\/pages"}],"about":[{"href":"https:\/\/loiseauvert.fr\/en\/wp-json\/wp\/v2\/types\/page"}],"author":[{"embeddable":true,"href":"https:\/\/loiseauvert.fr\/en\/wp-json\/wp\/v2\/users\/1"}],"replies":[{"embeddable":true,"href":"https:\/\/loiseauvert.fr\/en\/wp-json\/wp\/v2\/comments?post=280"}],"version-history":[{"count":14,"href":"https:\/\/loiseauvert.fr\/en\/wp-json\/wp\/v2\/pages\/280\/revisions"}],"predecessor-version":[{"id":381,"href":"https:\/\/loiseauvert.fr\/en\/wp-json\/wp\/v2\/pages\/280\/revisions\/381"}],"wp:attachment":[{"href":"https:\/\/loiseauvert.fr\/en\/wp-json\/wp\/v2\/media?parent=280"}],"curies":[{"name":"wp","href":"https:\/\/api.w.org\/{rel}","templated":true}]}}