{"id":28,"date":"2023-04-20T10:39:41","date_gmt":"2023-04-20T08:39:41","guid":{"rendered":"https:\/\/loiseauvert.fr\/?page_id=28"},"modified":"2026-01-02T07:07:05","modified_gmt":"2026-01-02T06:07:05","slug":"welcome","status":"publish","type":"page","link":"https:\/\/loiseauvert.fr\/en\/","title":{"rendered":"Home"},"content":{"rendered":"","protected":false},"excerpt":{"rendered":"","protected":false},"author":1,"featured_media":0,"parent":0,"menu_order":0,"comment_status":"closed","ping_status":"closed","template":"model-accueil.php","meta":{"_acf_changed":false,"_glsr_average":0,"_glsr_ranking":0,"_glsr_reviews":0,"footnotes":""},"class_list":["post-28","page","type-page","status-publish","hentry"],"acf":[],"yoast_head":"<!-- This site is optimized with the Yoast SEO plugin v26.9 - https:\/\/yoast.com\/product\/yoast-seo-wordpress\/ -->\n<title>Solarisations authentiques fabriqu\u00e9es en France ! - L&#039;Oiseau Vert<\/title>\n<meta name=\"description\" content=\"D\u00e9couvrez les solarisations authentiques de L&#039;Oiseau Vert, fabriqu\u00e9es en France avec des produits 100% naturels et sans alcool.\" \/>\n<meta name=\"robots\" content=\"index, follow, max-snippet:-1, max-image-preview:large, max-video-preview:-1\" \/>\n<link rel=\"canonical\" href=\"https:\/\/loiseauvert.fr\/en\/\" \/>\n<meta property=\"og:locale\" content=\"en_GB\" \/>\n<meta property=\"og:type\" content=\"article\" \/>\n<meta property=\"og:title\" content=\"Solarisations authentiques fabriqu\u00e9es en France ! - L&#039;Oiseau Vert\" \/>\n<meta property=\"og:description\" content=\"D\u00e9couvrez les solarisations authentiques de L&#039;Oiseau Vert, fabriqu\u00e9es en France avec des produits 100% naturels et sans alcool.\" \/>\n<meta property=\"og:url\" content=\"https:\/\/loiseauvert.fr\/en\/\" \/>\n<meta property=\"og:site_name\" content=\"L&#039;Oiseau Vert\" \/>\n<meta property=\"article:modified_time\" content=\"2026-01-02T06:07:05+00:00\" \/>\n<meta name=\"twitter:card\" content=\"summary_large_image\" \/>\n<meta name=\"twitter:label1\" content=\"Estimated reading time\" \/>\n\t<meta name=\"twitter:data1\" content=\"3 minutes\" \/>\n<script type=\"application\/ld+json\" class=\"yoast-schema-graph\">{\"@context\":\"https:\/\/schema.org\",\"@graph\":[{\"@type\":\"WebPage\",\"@id\":\"https:\/\/loiseauvert.fr\/\",\"url\":\"https:\/\/loiseauvert.fr\/\",\"name\":\"Solarisations authentiques fabriqu\u00e9es en France ! - L&#039;Oiseau Vert\",\"isPartOf\":{\"@id\":\"https:\/\/loiseauvert.fr\/#website\"},\"datePublished\":\"2023-04-20T08:39:41+00:00\",\"dateModified\":\"2026-01-02T06:07:05+00:00\",\"description\":\"D\u00e9couvrez les solarisations authentiques de L'Oiseau Vert, fabriqu\u00e9es en France avec des produits 100% naturels et sans alcool.\",\"breadcrumb\":{\"@id\":\"https:\/\/loiseauvert.fr\/#breadcrumb\"},\"inLanguage\":\"en-GB\",\"potentialAction\":[{\"@type\":\"ReadAction\",\"target\":[\"https:\/\/loiseauvert.fr\/\"]}]},{\"@type\":\"BreadcrumbList\",\"@id\":\"https:\/\/loiseauvert.fr\/#breadcrumb\",\"itemListElement\":[{\"@type\":\"ListItem\",\"position\":1,\"name\":\"Accueil\",\"item\":\"https:\/\/loiseauvert.fr\/\"},{\"@type\":\"ListItem\",\"position\":2,\"name\":\"Accueil\"}]},{\"@type\":\"WebSite\",\"@id\":\"https:\/\/loiseauvert.fr\/#website\",\"url\":\"https:\/\/loiseauvert.fr\/\",\"name\":\"L&#039;Oiseau Vert\",\"description\":\"\",\"potentialAction\":[{\"@type\":\"SearchAction\",\"target\":{\"@type\":\"EntryPoint\",\"urlTemplate\":\"https:\/\/loiseauvert.fr\/?s={search_term_string}\"},\"query-input\":{\"@type\":\"PropertyValueSpecification\",\"valueRequired\":true,\"valueName\":\"search_term_string\"}}],\"inLanguage\":\"en-GB\"}]}<\/script>\n<!-- \/ Yoast SEO plugin. -->","yoast_head_json":{"title":"Authentic solarisations made in France! - The Green Bird","description":"Discover the authentic solarisations of L&#039;Oiseau Vert, made in France with natural and alcohol-free 100% products.","robots":{"index":"index","follow":"follow","max-snippet":"max-snippet:-1","max-image-preview":"max-image-preview:large","max-video-preview":"max-video-preview:-1"},"canonical":"https:\/\/loiseauvert.fr\/en\/","og_locale":"en_GB","og_type":"article","og_title":"Solarisations authentiques fabriqu\u00e9es en France ! - L&#039;Oiseau Vert","og_description":"D\u00e9couvrez les solarisations authentiques de L'Oiseau Vert, fabriqu\u00e9es en France avec des produits 100% naturels et sans alcool.","og_url":"https:\/\/loiseauvert.fr\/en\/","og_site_name":"L&#039;Oiseau Vert","article_modified_time":"2026-01-02T06:07:05+00:00","twitter_card":"summary_large_image","twitter_misc":{"Estimated reading time":"3 minutes"},"schema":{"@context":"https:\/\/schema.org","@graph":[{"@type":"WebPage","@id":"https:\/\/loiseauvert.fr\/","url":"https:\/\/loiseauvert.fr\/","name":"Authentic solarisations made in France! - The Green Bird","isPartOf":{"@id":"https:\/\/loiseauvert.fr\/#website"},"datePublished":"2023-04-20T08:39:41+00:00","dateModified":"2026-01-02T06:07:05+00:00","description":"Discover the authentic solarisations of L&#039;Oiseau Vert, made in France with natural and alcohol-free 100% products.","breadcrumb":{"@id":"https:\/\/loiseauvert.fr\/#breadcrumb"},"inLanguage":"en-GB","potentialAction":[{"@type":"ReadAction","target":["https:\/\/loiseauvert.fr\/"]}]},{"@type":"BreadcrumbList","@id":"https:\/\/loiseauvert.fr\/#breadcrumb","itemListElement":[{"@type":"ListItem","position":1,"name":"Accueil","item":"https:\/\/loiseauvert.fr\/"},{"@type":"ListItem","position":2,"name":"Accueil"}]},{"@type":"WebSite","@id":"https:\/\/loiseauvert.fr\/#website","url":"https:\/\/loiseauvert.fr\/","name":"The Green Bird","description":"","potentialAction":[{"@type":"SearchAction","target":{"@type":"EntryPoint","urlTemplate":"https:\/\/loiseauvert.fr\/?s={search_term_string}"},"query-input":{"@type":"PropertyValueSpecification","valueRequired":true,"valueName":"search_term_string"}}],"inLanguage":"en-GB"}]}},"_links":{"self":[{"href":"https:\/\/loiseauvert.fr\/en\/wp-json\/wp\/v2\/pages\/28","targetHints":{"allow":["GET"]}}],"collection":[{"href":"https:\/\/loiseauvert.fr\/en\/wp-json\/wp\/v2\/pages"}],"about":[{"href":"https:\/\/loiseauvert.fr\/en\/wp-json\/wp\/v2\/types\/page"}],"author":[{"embeddable":true,"href":"https:\/\/loiseauvert.fr\/en\/wp-json\/wp\/v2\/users\/1"}],"replies":[{"embeddable":true,"href":"https:\/\/loiseauvert.fr\/en\/wp-json\/wp\/v2\/comments?post=28"}],"version-history":[{"count":114,"href":"https:\/\/loiseauvert.fr\/en\/wp-json\/wp\/v2\/pages\/28\/revisions"}],"predecessor-version":[{"id":17339,"href":"https:\/\/loiseauvert.fr\/en\/wp-json\/wp\/v2\/pages\/28\/revisions\/17339"}],"wp:attachment":[{"href":"https:\/\/loiseauvert.fr\/en\/wp-json\/wp\/v2\/media?parent=28"}],"curies":[{"name":"wp","href":"https:\/\/api.w.org\/{rel}","templated":true}]}}