{"id":1776,"date":"2023-05-25T09:22:26","date_gmt":"2023-05-25T07:22:26","guid":{"rendered":"https:\/\/loiseauvert.fr\/?page_id=1776"},"modified":"2023-11-14T17:51:20","modified_gmt":"2023-11-14T16:51:20","slug":"legal-notice","status":"publish","type":"page","link":"https:\/\/loiseauvert.fr\/en\/legal-notice\/","title":{"rendered":"Legal Notice"},"content":{"rendered":"<h5 class=\"wp-block-heading\"><strong>Website editing<\/strong><\/h5>\n\n\n\n<p>The L&#039;Oiseau Vert site (hereinafter &quot;the Site&quot;), accessible at the address https:\/\/loiseauvert.fr is published by Roger DE NADA\u00cf (hereinafter &quot;the Publisher&quot;),<br>residing at 6 rue de l&#039;Escoulier \u2013 31450 Pompertuzat<br>05 61 75 85 34<br>service_clients@loiseauvert.fr<\/p>\n\n\n\n<h5 class=\"wp-block-heading\"><strong>Website host<\/strong><\/h5>\n\n\n\n<p>Host: OVH<br>2 Rue Kellermann, 59100 ROUBAIX<br>Website: www.ovh.com<\/p>\n\n\n\n<h5 class=\"wp-block-heading\"><strong>Creation of the website<\/strong><\/h5>\n\n\n\n<p><a href=\"https:\/\/www.uniweb-toulouse.fr\" target=\"_blank\" rel=\"noreferrer noopener\">Uniweb web agency<\/a><\/p>\n\n\n\n<h5 class=\"wp-block-heading\"><strong>Respect for intellectual property<\/strong><\/h5>\n\n\n\n<p>All trademarks, photographs, texts, comments, illustrations, animated or still images, video sequences, sounds, as well as all computer applications that could be used to operate the Site and more generally all elements reproduced or used on the Site are protected by the laws in force under intellectual property.<br>They are the full and entire property of the Publisher or its partners, unless otherwise specified. Any reproduction, representation, use or adaptation, in any form whatsoever, of all or part of these elements, including computer applications, without the prior written consent of the Publisher, is strictly prohibited. The fact that the Publisher does not initiate proceedings upon becoming aware of these unauthorized uses does not constitute acceptance of said uses and waiver of prosecution.<br>Only use for private use in a family circle is authorized and any other use constitutes counterfeiting and\/or infringement of neighboring rights, sanctioned by the Intellectual Property Code.<br>The resumption of all or part of this content requires the prior authorization of the Publisher or the holder of the rights to this content.<\/p>\n\n\n\n<h5 class=\"wp-block-heading\"><strong>Hypertext links<\/strong><\/h5>\n\n\n\n<p>The Site may contain hypertext links giving access to other websites published and managed by third parties and not by the Publisher. The Publisher cannot be held responsible directly or indirectly in the event that the said third-party sites do not comply with the legal provisions.<\/p>","protected":false},"excerpt":{"rendered":"<p>Edition of the website The L&#039;Oiseau Vert site (hereinafter &quot;the Site&quot;), accessible at the address https:\/\/loiseauvert.fr, is published by Roger DE NADA\u00cf (hereinafter &quot;the Editor&quot;), domiciled at 6 rue de l&#039;Escoulier \u2013 31450 Pompertuzat05 61 75 85 34service_clients@loiseauvert.fr Website host Host: OVH2 Rue Kellermann, 59100 ROUBAIX Website: www.ovh.com Creation of [\u2026]<\/p>","protected":false},"author":1,"featured_media":0,"parent":0,"menu_order":0,"comment_status":"closed","ping_status":"closed","template":"model-general.php","meta":{"_acf_changed":false,"_glsr_average":0,"_glsr_ranking":0,"_glsr_reviews":0,"footnotes":""},"class_list":["post-1776","page","type-page","status-publish","hentry"],"acf":[],"yoast_head":"<!-- This site is optimized with the Yoast SEO plugin v26.9 - https:\/\/yoast.com\/product\/yoast-seo-wordpress\/ -->\n<title>Mentions l\u00e9gales - L&#039;Oiseau Vert<\/title>\n<meta name=\"robots\" content=\"index, follow, max-snippet:-1, max-image-preview:large, max-video-preview:-1\" \/>\n<link rel=\"canonical\" href=\"https:\/\/loiseauvert.fr\/en\/legal-notice\/\" \/>\n<meta property=\"og:locale\" content=\"en_GB\" \/>\n<meta property=\"og:type\" content=\"article\" \/>\n<meta property=\"og:title\" content=\"Mentions l\u00e9gales - L&#039;Oiseau Vert\" \/>\n<meta property=\"og:description\" content=\"\u00c9dition du site Internet Le site L\u2019Oiseau Vert (ci-apr\u00e8s \u00ab le Site \u00bb), accessible \u00e0 l\u2019adresse https:\/\/loiseauvert.fr est \u00e9dit\u00e9 par Roger DE NADA\u00cf (ci-apr\u00e8s \u00ab l\u2019Editeur \u00bb),domicili\u00e9 au 6 rue de l\u2019Escoulier \u2013 31450 Pompertuzat05 61 75 85 34service_clients@loiseauvert.fr H\u00e9bergeur du site Internet H\u00e9bergeur : OVH2 Rue Kellermann, 59100 ROUBAIXSite Web : www.ovh.com Cr\u00e9ation du [&hellip;]\" \/>\n<meta property=\"og:url\" content=\"https:\/\/loiseauvert.fr\/en\/legal-notice\/\" \/>\n<meta property=\"og:site_name\" content=\"L&#039;Oiseau Vert\" \/>\n<meta property=\"article:modified_time\" content=\"2023-11-14T16:51:20+00:00\" \/>\n<meta name=\"twitter:card\" content=\"summary_large_image\" \/>\n<meta name=\"twitter:label1\" content=\"Estimated reading time\" \/>\n\t<meta name=\"twitter:data1\" content=\"2 minutes\" \/>\n<script type=\"application\/ld+json\" class=\"yoast-schema-graph\">{\"@context\":\"https:\/\/schema.org\",\"@graph\":[{\"@type\":\"WebPage\",\"@id\":\"https:\/\/loiseauvert.fr\/mentions-legales\/\",\"url\":\"https:\/\/loiseauvert.fr\/mentions-legales\/\",\"name\":\"Mentions l\u00e9gales - L&#039;Oiseau Vert\",\"isPartOf\":{\"@id\":\"https:\/\/loiseauvert.fr\/#website\"},\"datePublished\":\"2023-05-25T07:22:26+00:00\",\"dateModified\":\"2023-11-14T16:51:20+00:00\",\"breadcrumb\":{\"@id\":\"https:\/\/loiseauvert.fr\/mentions-legales\/#breadcrumb\"},\"inLanguage\":\"en-GB\",\"potentialAction\":[{\"@type\":\"ReadAction\",\"target\":[\"https:\/\/loiseauvert.fr\/mentions-legales\/\"]}]},{\"@type\":\"BreadcrumbList\",\"@id\":\"https:\/\/loiseauvert.fr\/mentions-legales\/#breadcrumb\",\"itemListElement\":[{\"@type\":\"ListItem\",\"position\":1,\"name\":\"Accueil\",\"item\":\"https:\/\/loiseauvert.fr\/\"},{\"@type\":\"ListItem\",\"position\":2,\"name\":\"Mentions l\u00e9gales\"}]},{\"@type\":\"WebSite\",\"@id\":\"https:\/\/loiseauvert.fr\/#website\",\"url\":\"https:\/\/loiseauvert.fr\/\",\"name\":\"L&#039;Oiseau Vert\",\"description\":\"\",\"potentialAction\":[{\"@type\":\"SearchAction\",\"target\":{\"@type\":\"EntryPoint\",\"urlTemplate\":\"https:\/\/loiseauvert.fr\/?s={search_term_string}\"},\"query-input\":{\"@type\":\"PropertyValueSpecification\",\"valueRequired\":true,\"valueName\":\"search_term_string\"}}],\"inLanguage\":\"en-GB\"}]}<\/script>\n<!-- \/ Yoast SEO plugin. -->","yoast_head_json":{"title":"Legal notice - L&#039;Oiseau Vert","robots":{"index":"index","follow":"follow","max-snippet":"max-snippet:-1","max-image-preview":"max-image-preview:large","max-video-preview":"max-video-preview:-1"},"canonical":"https:\/\/loiseauvert.fr\/en\/legal-notice\/","og_locale":"en_GB","og_type":"article","og_title":"Mentions l\u00e9gales - L&#039;Oiseau Vert","og_description":"\u00c9dition du site Internet Le site L\u2019Oiseau Vert (ci-apr\u00e8s \u00ab le Site \u00bb), accessible \u00e0 l\u2019adresse https:\/\/loiseauvert.fr est \u00e9dit\u00e9 par Roger DE NADA\u00cf (ci-apr\u00e8s \u00ab l\u2019Editeur \u00bb),domicili\u00e9 au 6 rue de l\u2019Escoulier \u2013 31450 Pompertuzat05 61 75 85 34service_clients@loiseauvert.fr H\u00e9bergeur du site Internet H\u00e9bergeur : OVH2 Rue Kellermann, 59100 ROUBAIXSite Web : www.ovh.com Cr\u00e9ation du [&hellip;]","og_url":"https:\/\/loiseauvert.fr\/en\/legal-notice\/","og_site_name":"L&#039;Oiseau Vert","article_modified_time":"2023-11-14T16:51:20+00:00","twitter_card":"summary_large_image","twitter_misc":{"Estimated reading time":"2 minutes"},"schema":{"@context":"https:\/\/schema.org","@graph":[{"@type":"WebPage","@id":"https:\/\/loiseauvert.fr\/mentions-legales\/","url":"https:\/\/loiseauvert.fr\/mentions-legales\/","name":"Legal notice - L&#039;Oiseau Vert","isPartOf":{"@id":"https:\/\/loiseauvert.fr\/#website"},"datePublished":"2023-05-25T07:22:26+00:00","dateModified":"2023-11-14T16:51:20+00:00","breadcrumb":{"@id":"https:\/\/loiseauvert.fr\/mentions-legales\/#breadcrumb"},"inLanguage":"en-GB","potentialAction":[{"@type":"ReadAction","target":["https:\/\/loiseauvert.fr\/mentions-legales\/"]}]},{"@type":"BreadcrumbList","@id":"https:\/\/loiseauvert.fr\/mentions-legales\/#breadcrumb","itemListElement":[{"@type":"ListItem","position":1,"name":"Accueil","item":"https:\/\/loiseauvert.fr\/"},{"@type":"ListItem","position":2,"name":"Mentions l\u00e9gales"}]},{"@type":"WebSite","@id":"https:\/\/loiseauvert.fr\/#website","url":"https:\/\/loiseauvert.fr\/","name":"The Green Bird","description":"","potentialAction":[{"@type":"SearchAction","target":{"@type":"EntryPoint","urlTemplate":"https:\/\/loiseauvert.fr\/?s={search_term_string}"},"query-input":{"@type":"PropertyValueSpecification","valueRequired":true,"valueName":"search_term_string"}}],"inLanguage":"en-GB"}]}},"_links":{"self":[{"href":"https:\/\/loiseauvert.fr\/en\/wp-json\/wp\/v2\/pages\/1776","targetHints":{"allow":["GET"]}}],"collection":[{"href":"https:\/\/loiseauvert.fr\/en\/wp-json\/wp\/v2\/pages"}],"about":[{"href":"https:\/\/loiseauvert.fr\/en\/wp-json\/wp\/v2\/types\/page"}],"author":[{"embeddable":true,"href":"https:\/\/loiseauvert.fr\/en\/wp-json\/wp\/v2\/users\/1"}],"replies":[{"embeddable":true,"href":"https:\/\/loiseauvert.fr\/en\/wp-json\/wp\/v2\/comments?post=1776"}],"version-history":[{"count":4,"href":"https:\/\/loiseauvert.fr\/en\/wp-json\/wp\/v2\/pages\/1776\/revisions"}],"predecessor-version":[{"id":7501,"href":"https:\/\/loiseauvert.fr\/en\/wp-json\/wp\/v2\/pages\/1776\/revisions\/7501"}],"wp:attachment":[{"href":"https:\/\/loiseauvert.fr\/en\/wp-json\/wp\/v2\/media?parent=1776"}],"curies":[{"name":"wp","href":"https:\/\/api.w.org\/{rel}","templated":true}]}}