{"id":175,"date":"2023-05-05T13:45:08","date_gmt":"2023-05-05T11:45:08","guid":{"rendered":"https:\/\/loiseauvert.fr\/?page_id=175"},"modified":"2025-12-10T09:48:05","modified_gmt":"2025-12-10T08:48:05","slug":"who-are-we","status":"publish","type":"page","link":"https:\/\/loiseauvert.fr\/en\/who-are-we\/","title":{"rendered":"Who are we ?"},"content":{"rendered":"<h2 class=\"wp-block-heading has-text-align-center\">Our society<\/h2>\n\n\n\n<p><\/p>\n\n\n\n<p class=\"has-text-align-center col-lg-6 m-auto\">L&#039;OISEAU VERT is a human-sized company in the Toulouse region specializing in the development of &quot;Solarisations&quot; of wild flowers from preserved environments on Reunion Island, Auvergne, the Montagne Noire, the Pyrenees, etc.\u2026<br><br><\/p>\n\n\n<div class=\"wp-block-image is-style-rounded\">\n<figure class=\"aligncenter size-full\"><img loading=\"lazy\" decoding=\"async\" width=\"2560\" height=\"1920\" src=\"https:\/\/loiseauvert.fr\/wp-content\/uploads\/2025\/10\/OV1-scaled.jpg\" alt=\"\" class=\"wp-image-16298\" srcset=\"https:\/\/loiseauvert.fr\/wp-content\/uploads\/2025\/10\/OV1-scaled.jpg 2560w, https:\/\/loiseauvert.fr\/wp-content\/uploads\/2025\/10\/OV1-300x225.jpg 300w, https:\/\/loiseauvert.fr\/wp-content\/uploads\/2025\/10\/OV1-1024x768.jpg 1024w, https:\/\/loiseauvert.fr\/wp-content\/uploads\/2025\/10\/OV1-768x576.jpg 768w, https:\/\/loiseauvert.fr\/wp-content\/uploads\/2025\/10\/OV1-1536x1152.jpg 1536w, https:\/\/loiseauvert.fr\/wp-content\/uploads\/2025\/10\/OV1-2048x1536.jpg 2048w, https:\/\/loiseauvert.fr\/wp-content\/uploads\/2025\/10\/OV1-16x12.jpg 16w, https:\/\/loiseauvert.fr\/wp-content\/uploads\/2025\/10\/OV1-600x450.jpg 600w, https:\/\/loiseauvert.fr\/wp-content\/uploads\/2025\/10\/OV1-64x48.jpg 64w\" sizes=\"auto, (max-width: 2560px) 100vw, 2560px\" \/><\/figure>\n<\/div>\n\n\n<div class=\"wp-block-columns is-layout-flex wp-container-core-columns-is-layout-9d6595d7 wp-block-columns-is-layout-flex\">\n<div class=\"wp-block-column is-layout-flow wp-block-column-is-layout-flow\">\n<p><br><br>Since 2004, l&#039;Oiseau Vert has been developing its expertise in the field of Infotherapy (informational therapy). A human-sized company in the Toulouse region, it creates and develops its products from solarizations of wild flowers from the preserved environments of Reunion Island, the Pyrenees, the Montagne Noire, South America, etc.<\/p>\n<\/div>\n\n\n\n<div class=\"wp-block-column is-layout-flow wp-block-column-is-layout-flow\">\n<p><br><br>Created by Roger de Nada\u00ef, researcher and bioenergetician, Green Bird Solarizations are unique and effective in resolving physical, emotional and energetic disorders. Their speed of action on cellular memories allows you to release emotional knots and feel in harmony with yourself.<\/p>\n<\/div>\n<\/div>","protected":false},"excerpt":{"rendered":"<p>Our company L&#039;OISEAU VERT is a human-sized company in the Toulouse region specializing in the development of &quot;Solarizations&quot; of wild flowers from preserved environments on the island of La R\u00e9union, Auvergne, the Montagne Noire, the Pyrenees, etc. Since 2004, L&#039;Oiseau Vert has been developing its expertise in the field of Infotherapy (informational therapy). Company [\u2026]<\/p>","protected":false},"author":1,"featured_media":0,"parent":0,"menu_order":0,"comment_status":"closed","ping_status":"closed","template":"model-quisommesnous.php","meta":{"_acf_changed":false,"_glsr_average":0,"_glsr_ranking":0,"_glsr_reviews":0,"footnotes":""},"class_list":["post-175","page","type-page","status-publish","hentry"],"acf":[],"yoast_head":"<!-- This site is optimized with the Yoast SEO plugin v26.9 - https:\/\/yoast.com\/product\/yoast-seo-wordpress\/ -->\n<title>Qui sommes nous ? - L&#039;Oiseau Vert<\/title>\n<meta name=\"robots\" content=\"index, follow, max-snippet:-1, max-image-preview:large, max-video-preview:-1\" \/>\n<link rel=\"canonical\" href=\"https:\/\/loiseauvert.fr\/en\/who-are-we\/\" \/>\n<meta property=\"og:locale\" content=\"en_GB\" \/>\n<meta property=\"og:type\" content=\"article\" \/>\n<meta property=\"og:title\" content=\"Qui sommes nous ? - L&#039;Oiseau Vert\" \/>\n<meta property=\"og:description\" content=\"Notre soci\u00e9t\u00e9 L\u2019OISEAU VERT est une soci\u00e9t\u00e9 \u00e0 taille humaine de la r\u00e9gion Toulousaine sp\u00e9cialis\u00e9e dans l\u2019\u00e9laboration de \u00abSolarisations \u00bb de fleurs sauvages issues de milieux pr\u00e9serv\u00e9s de l\u2019\u00eele de La R\u00e9union, d\u2019Auvergne, de la Montagne Noire, des Pyr\u00e9n\u00e9es, etc.\u2026 Depuis 2004, l\u2019Oiseau Vert d\u00e9veloppe son expertise dans le domaine de l&rsquo;Infoth\u00e9rapie (th\u00e9rapie informationnelle). Soci\u00e9t\u00e9 [&hellip;]\" \/>\n<meta property=\"og:url\" content=\"https:\/\/loiseauvert.fr\/en\/who-are-we\/\" \/>\n<meta property=\"og:site_name\" content=\"L&#039;Oiseau Vert\" \/>\n<meta property=\"article:modified_time\" content=\"2025-12-10T08:48:05+00:00\" \/>\n<meta property=\"og:image\" content=\"https:\/\/loiseauvert.fr\/wp-content\/uploads\/2025\/10\/OV1-scaled.jpg\" \/>\n\t<meta property=\"og:image:width\" content=\"2560\" \/>\n\t<meta property=\"og:image:height\" content=\"1920\" \/>\n\t<meta property=\"og:image:type\" content=\"image\/jpeg\" \/>\n<meta name=\"twitter:card\" content=\"summary_large_image\" \/>\n<meta name=\"twitter:label1\" content=\"Estimated reading time\" \/>\n\t<meta name=\"twitter:data1\" content=\"2 minutes\" \/>\n<script type=\"application\/ld+json\" class=\"yoast-schema-graph\">{\"@context\":\"https:\/\/schema.org\",\"@graph\":[{\"@type\":\"WebPage\",\"@id\":\"https:\/\/loiseauvert.fr\/qui-sommes-nous\/\",\"url\":\"https:\/\/loiseauvert.fr\/qui-sommes-nous\/\",\"name\":\"Qui sommes nous ? - L&#039;Oiseau Vert\",\"isPartOf\":{\"@id\":\"https:\/\/loiseauvert.fr\/#website\"},\"primaryImageOfPage\":{\"@id\":\"https:\/\/loiseauvert.fr\/qui-sommes-nous\/#primaryimage\"},\"image\":{\"@id\":\"https:\/\/loiseauvert.fr\/qui-sommes-nous\/#primaryimage\"},\"thumbnailUrl\":\"https:\/\/loiseauvert.fr\/wp-content\/uploads\/2025\/10\/OV1-scaled.jpg\",\"datePublished\":\"2023-05-05T11:45:08+00:00\",\"dateModified\":\"2025-12-10T08:48:05+00:00\",\"breadcrumb\":{\"@id\":\"https:\/\/loiseauvert.fr\/qui-sommes-nous\/#breadcrumb\"},\"inLanguage\":\"en-GB\",\"potentialAction\":[{\"@type\":\"ReadAction\",\"target\":[\"https:\/\/loiseauvert.fr\/qui-sommes-nous\/\"]}]},{\"@type\":\"ImageObject\",\"inLanguage\":\"en-GB\",\"@id\":\"https:\/\/loiseauvert.fr\/qui-sommes-nous\/#primaryimage\",\"url\":\"https:\/\/loiseauvert.fr\/wp-content\/uploads\/2025\/10\/OV1-scaled.jpg\",\"contentUrl\":\"https:\/\/loiseauvert.fr\/wp-content\/uploads\/2025\/10\/OV1-scaled.jpg\"},{\"@type\":\"BreadcrumbList\",\"@id\":\"https:\/\/loiseauvert.fr\/qui-sommes-nous\/#breadcrumb\",\"itemListElement\":[{\"@type\":\"ListItem\",\"position\":1,\"name\":\"Accueil\",\"item\":\"https:\/\/loiseauvert.fr\/\"},{\"@type\":\"ListItem\",\"position\":2,\"name\":\"Qui sommes nous ?\"}]},{\"@type\":\"WebSite\",\"@id\":\"https:\/\/loiseauvert.fr\/#website\",\"url\":\"https:\/\/loiseauvert.fr\/\",\"name\":\"L&#039;Oiseau Vert\",\"description\":\"\",\"potentialAction\":[{\"@type\":\"SearchAction\",\"target\":{\"@type\":\"EntryPoint\",\"urlTemplate\":\"https:\/\/loiseauvert.fr\/?s={search_term_string}\"},\"query-input\":{\"@type\":\"PropertyValueSpecification\",\"valueRequired\":true,\"valueName\":\"search_term_string\"}}],\"inLanguage\":\"en-GB\"}]}<\/script>\n<!-- \/ Yoast SEO plugin. -->","yoast_head_json":{"title":"Who are we ? - The Green Bird","robots":{"index":"index","follow":"follow","max-snippet":"max-snippet:-1","max-image-preview":"max-image-preview:large","max-video-preview":"max-video-preview:-1"},"canonical":"https:\/\/loiseauvert.fr\/en\/who-are-we\/","og_locale":"en_GB","og_type":"article","og_title":"Qui sommes nous ? - L&#039;Oiseau Vert","og_description":"Notre soci\u00e9t\u00e9 L\u2019OISEAU VERT est une soci\u00e9t\u00e9 \u00e0 taille humaine de la r\u00e9gion Toulousaine sp\u00e9cialis\u00e9e dans l\u2019\u00e9laboration de \u00abSolarisations \u00bb de fleurs sauvages issues de milieux pr\u00e9serv\u00e9s de l\u2019\u00eele de La R\u00e9union, d\u2019Auvergne, de la Montagne Noire, des Pyr\u00e9n\u00e9es, etc.\u2026 Depuis 2004, l\u2019Oiseau Vert d\u00e9veloppe son expertise dans le domaine de l&rsquo;Infoth\u00e9rapie (th\u00e9rapie informationnelle). Soci\u00e9t\u00e9 [&hellip;]","og_url":"https:\/\/loiseauvert.fr\/en\/who-are-we\/","og_site_name":"L&#039;Oiseau Vert","article_modified_time":"2025-12-10T08:48:05+00:00","og_image":[{"width":2560,"height":1920,"url":"https:\/\/loiseauvert.fr\/wp-content\/uploads\/2025\/10\/OV1-scaled.jpg","type":"image\/jpeg"}],"twitter_card":"summary_large_image","twitter_misc":{"Estimated reading time":"2 minutes"},"schema":{"@context":"https:\/\/schema.org","@graph":[{"@type":"WebPage","@id":"https:\/\/loiseauvert.fr\/qui-sommes-nous\/","url":"https:\/\/loiseauvert.fr\/qui-sommes-nous\/","name":"Who are we ? - The Green Bird","isPartOf":{"@id":"https:\/\/loiseauvert.fr\/#website"},"primaryImageOfPage":{"@id":"https:\/\/loiseauvert.fr\/qui-sommes-nous\/#primaryimage"},"image":{"@id":"https:\/\/loiseauvert.fr\/qui-sommes-nous\/#primaryimage"},"thumbnailUrl":"https:\/\/loiseauvert.fr\/wp-content\/uploads\/2025\/10\/OV1-scaled.jpg","datePublished":"2023-05-05T11:45:08+00:00","dateModified":"2025-12-10T08:48:05+00:00","breadcrumb":{"@id":"https:\/\/loiseauvert.fr\/qui-sommes-nous\/#breadcrumb"},"inLanguage":"en-GB","potentialAction":[{"@type":"ReadAction","target":["https:\/\/loiseauvert.fr\/qui-sommes-nous\/"]}]},{"@type":"ImageObject","inLanguage":"en-GB","@id":"https:\/\/loiseauvert.fr\/qui-sommes-nous\/#primaryimage","url":"https:\/\/loiseauvert.fr\/wp-content\/uploads\/2025\/10\/OV1-scaled.jpg","contentUrl":"https:\/\/loiseauvert.fr\/wp-content\/uploads\/2025\/10\/OV1-scaled.jpg"},{"@type":"BreadcrumbList","@id":"https:\/\/loiseauvert.fr\/qui-sommes-nous\/#breadcrumb","itemListElement":[{"@type":"ListItem","position":1,"name":"Accueil","item":"https:\/\/loiseauvert.fr\/"},{"@type":"ListItem","position":2,"name":"Qui sommes nous ?"}]},{"@type":"WebSite","@id":"https:\/\/loiseauvert.fr\/#website","url":"https:\/\/loiseauvert.fr\/","name":"The Green Bird","description":"","potentialAction":[{"@type":"SearchAction","target":{"@type":"EntryPoint","urlTemplate":"https:\/\/loiseauvert.fr\/?s={search_term_string}"},"query-input":{"@type":"PropertyValueSpecification","valueRequired":true,"valueName":"search_term_string"}}],"inLanguage":"en-GB"}]}},"_links":{"self":[{"href":"https:\/\/loiseauvert.fr\/en\/wp-json\/wp\/v2\/pages\/175","targetHints":{"allow":["GET"]}}],"collection":[{"href":"https:\/\/loiseauvert.fr\/en\/wp-json\/wp\/v2\/pages"}],"about":[{"href":"https:\/\/loiseauvert.fr\/en\/wp-json\/wp\/v2\/types\/page"}],"author":[{"embeddable":true,"href":"https:\/\/loiseauvert.fr\/en\/wp-json\/wp\/v2\/users\/1"}],"replies":[{"embeddable":true,"href":"https:\/\/loiseauvert.fr\/en\/wp-json\/wp\/v2\/comments?post=175"}],"version-history":[{"count":27,"href":"https:\/\/loiseauvert.fr\/en\/wp-json\/wp\/v2\/pages\/175\/revisions"}],"predecessor-version":[{"id":17092,"href":"https:\/\/loiseauvert.fr\/en\/wp-json\/wp\/v2\/pages\/175\/revisions\/17092"}],"wp:attachment":[{"href":"https:\/\/loiseauvert.fr\/en\/wp-json\/wp\/v2\/media?parent=175"}],"curies":[{"name":"wp","href":"https:\/\/api.w.org\/{rel}","templated":true}]}}